{"id":36323,"date":"2025-02-20T22:38:19","date_gmt":"2025-02-20T22:38:19","guid":{"rendered":"http:\/\/olemosaic.com\/producto\/posavasos-de-ceramica-sardinas-fuerteventura\/"},"modified":"2025-07-25T18:51:36","modified_gmt":"2025-07-25T16:51:36","slug":"dessous-de-verre-ceramique-sardines-fuerteventura","status":"publish","type":"product","link":"https:\/\/olemosaic.com\/fr\/produit\/dessous-de-verre-ceramique-sardines-fuerteventura\/","title":{"rendered":"Dessous de verre en c\u00e9ramique. Sardines. Fuerteventura."},"content":{"rendered":"<p>Ce dessous de verre en c\u00e9ramique, avec son design vibrant, est une repr\u00e9sentation color\u00e9e des sardines, l&rsquo;un des tr\u00e9sors culinaires les plus embl\u00e9matiques de Fuerteventura. D\u00e9cor\u00e9 de quatre sardines dans les tons jaune, bleu, rouge et vert, cet article se distingue par sa palette joyeuse et son style amusant, qui capture l&rsquo;essence du climat ensoleill\u00e9 et de l&rsquo;ambiance marine des \u00eeles Canaries. Le fond, aux motifs traditionnels en bleu et blanc, \u00e9voque la riche culture canarienne et ses racines artisanales. Au centre, le texte \u00ab Fuerteventura \u00bb brille avec des lettres multicolores, apportant une touche festive qui rehausse la joie et la tradition de l&rsquo;\u00eele.<\/p>\n<p>Ce dessous de verre, en plus d&rsquo;\u00eatre fonctionnel, prot\u00e9geant les surfaces des taches et de la chaleur, agit comme un charmant \u00e9l\u00e9ment d\u00e9coratif. Il est id\u00e9al pour ceux qui recherchent des souvenirs authentiques repr\u00e9sentant la beaut\u00e9 et la diversit\u00e9 de la culture canarienne. Chez Ol\u00e9 Mosaic, en tant que distributeurs de souvenirs en gros, nous proposons ce dessous de verre comme une excellente option pour les boutiques de cadeaux touristiques souhaitant des produits ayant du sens et un lien culturel. Cet article vous permettra de ramener un morceau de Fuerteventura chez vous, constituant un souvenir unique qui souligne la richesse marine de l&rsquo;\u00eele.<\/p>\n","protected":false},"excerpt":{"rendered":"<p>Dessous de verre en c\u00e9ramique au design vibrant pr\u00e9sentant des sardines color\u00e9es sur un fond de motifs traditionnels en bleu et blanc, \u00e9voquant la beaut\u00e9 de Fuerteventura. Cet article d\u00e9coratif et fonctionnel met en avant la culture canarienne et sa richesse marine, avec des sardines illustr\u00e9es dans les tons jaunes, bleus, rouges et verts, et le texte \u00ab\u00a0Fuerteventura\u00a0\u00bb dans un style joyeux et multicolore. Id\u00e9al pour ajouter une touche canarienne \u00e0 n&rsquo;importe quelle table.<\/p>\n","protected":false},"featured_media":14143,"template":"","meta":{"_acf_changed":false},"product_brand":[],"product_cat":[812],"product_tag":[530,585],"class_list":{"0":"post-36323","1":"product","2":"type-product","3":"status-publish","4":"has-post-thumbnail","6":"product_cat-sous-verres","7":"product_tag-animaux","8":"product_tag-ceramique","9":"pa_ciudad-fuerteventura","10":"pa_motivo-sardines","11":"pa_pais-espana","13":"first","14":"instock","15":"shipping-taxable","16":"product-type-simple"},"acf":[],"_links":{"self":[{"href":"https:\/\/olemosaic.com\/fr\/wp-json\/wp\/v2\/product\/36323","targetHints":{"allow":["GET"]}}],"collection":[{"href":"https:\/\/olemosaic.com\/fr\/wp-json\/wp\/v2\/product"}],"about":[{"href":"https:\/\/olemosaic.com\/fr\/wp-json\/wp\/v2\/types\/product"}],"wp:featuredmedia":[{"embeddable":true,"href":"https:\/\/olemosaic.com\/fr\/wp-json\/wp\/v2\/media\/14143"}],"wp:attachment":[{"href":"https:\/\/olemosaic.com\/fr\/wp-json\/wp\/v2\/media?parent=36323"}],"wp:term":[{"taxonomy":"product_brand","embeddable":true,"href":"https:\/\/olemosaic.com\/fr\/wp-json\/wp\/v2\/product_brand?post=36323"},{"taxonomy":"product_cat","embeddable":true,"href":"https:\/\/olemosaic.com\/fr\/wp-json\/wp\/v2\/product_cat?post=36323"},{"taxonomy":"product_tag","embeddable":true,"href":"https:\/\/olemosaic.com\/fr\/wp-json\/wp\/v2\/product_tag?post=36323"}],"curies":[{"name":"wp","href":"https:\/\/api.w.org\/{rel}","templated":true}]}}