{"id":36322,"date":"2025-02-20T22:38:19","date_gmt":"2025-02-20T22:38:19","guid":{"rendered":"http:\/\/olemosaic.com\/producto\/posavasos-de-ceramica-salamandra-fuerteventura\/"},"modified":"2025-07-25T20:21:15","modified_gmt":"2025-07-25T18:21:15","slug":"dessous-de-verre-ceramique-salamandre-fuerteventura","status":"publish","type":"product","link":"https:\/\/olemosaic.com\/fr\/produit\/dessous-de-verre-ceramique-salamandre-fuerteventura\/","title":{"rendered":"Dessous de verre en c\u00e9ramique. Salamandre. Fuerteventura."},"content":{"rendered":"<p>Ce dessous de verre en c\u00e9ramique, inspir\u00e9 par la faune vibrante de Fuerteventura, est une pi\u00e8ce d\u00e9corative qui fusionne art et fonctionnalit\u00e9. Son design color\u00e9 montre de joyeuses salamandres entour\u00e9es de fleurs multicolores, le tout \u00e9labor\u00e9 avec la technique complexe du trencad\u00eds, qui \u00e9voque la riche tradition artistique des \u00eeles Canaries. Au centre, le nom \u00ab\u00a0Fuerteventura\u00a0\u00bb se distingue, cr\u00e9ant un lien imm\u00e9diat avec l&rsquo;esprit de l&rsquo;\u00eele. Les tons vifs de rouge, bleu et vert s&rsquo;entrelacent avec le blanc du fond, offrant un effet visuel percutant qui attirera tous les regards sur n&rsquo;importe quelle table.<\/p>\n<p>Ce dessous de verre n&rsquo;est pas seulement une solution pratique pour prot\u00e9ger les surfaces, mais c&rsquo;est aussi un rappel du charme naturel de Fuerteventura. Les touristes \u00e0 la recherche d&rsquo;un souvenir authentique y trouveront un cadeau repr\u00e9sentatif de la culture locale, capable d&rsquo;\u00e9voquer la beaut\u00e9 et la biodiversit\u00e9 de ce coin de l&rsquo;Atlantique. Chez Ol\u00e9 Mosaic, votre distributeur de souvenirs en c\u00e9ramique, nous proposons des produits qui c\u00e9l\u00e8brent la tradition canarienne avec un accent sur la qualit\u00e9 et l&rsquo;authenticit\u00e9. Ce dessous de verre est une excellente option pour les boutiques de cadeaux touristiques souhaitant offrir \u00e0 leurs clients un souvenir unique de Fuerteventura, alliant beaut\u00e9 artistique et pertinence culturelle.<\/p>\n","protected":false},"excerpt":{"rendered":"<p>Dessous de verre en c\u00e9ramique au design vibrant inspir\u00e9 de la faune de Fuerteventura. Ce dessous de verre attrayant pr\u00e9sente une repr\u00e9sentation color\u00e9e de salamandres r\u00e9alis\u00e9e avec la technique complexe du trencad\u00eds, orn\u00e9e de fleurs multicolores sur un fond blanc. Le nom \u00ab\u00a0Fuerteventura\u00a0\u00bb ressort dans le design, reliant l&rsquo;article \u00e0 la tradition locale. Avec ses couleurs vives rouge, bleu et vert, c&rsquo;est le compl\u00e9ment parfait pour n&rsquo;importe quelle table, \u00e9voquant le charme et la nature de cette belle \u00eele canarienne.<\/p>\n","protected":false},"featured_media":14142,"template":"","meta":{"_acf_changed":false},"product_brand":[],"product_cat":[812],"product_tag":[530,585],"class_list":{"0":"post-36322","1":"product","2":"type-product","3":"status-publish","4":"has-post-thumbnail","6":"product_cat-sous-verres","7":"product_tag-animaux","8":"product_tag-ceramique","9":"pa_ciudad-fuerteventura","10":"pa_motivo-salamandres","11":"pa_pais-espana","13":"first","14":"instock","15":"shipping-taxable","16":"product-type-simple"},"acf":[],"_links":{"self":[{"href":"https:\/\/olemosaic.com\/fr\/wp-json\/wp\/v2\/product\/36322","targetHints":{"allow":["GET"]}}],"collection":[{"href":"https:\/\/olemosaic.com\/fr\/wp-json\/wp\/v2\/product"}],"about":[{"href":"https:\/\/olemosaic.com\/fr\/wp-json\/wp\/v2\/types\/product"}],"wp:featuredmedia":[{"embeddable":true,"href":"https:\/\/olemosaic.com\/fr\/wp-json\/wp\/v2\/media\/14142"}],"wp:attachment":[{"href":"https:\/\/olemosaic.com\/fr\/wp-json\/wp\/v2\/media?parent=36322"}],"wp:term":[{"taxonomy":"product_brand","embeddable":true,"href":"https:\/\/olemosaic.com\/fr\/wp-json\/wp\/v2\/product_brand?post=36322"},{"taxonomy":"product_cat","embeddable":true,"href":"https:\/\/olemosaic.com\/fr\/wp-json\/wp\/v2\/product_cat?post=36322"},{"taxonomy":"product_tag","embeddable":true,"href":"https:\/\/olemosaic.com\/fr\/wp-json\/wp\/v2\/product_tag?post=36322"}],"curies":[{"name":"wp","href":"https:\/\/api.w.org\/{rel}","templated":true}]}}