{"id":36321,"date":"2025-02-20T22:38:17","date_gmt":"2025-02-20T22:38:17","guid":{"rendered":"http:\/\/olemosaic.com\/producto\/posavasos-de-ceramica-mosaico-tenerife\/"},"modified":"2025-07-25T18:50:20","modified_gmt":"2025-07-25T16:50:20","slug":"dessous-de-verre-ceramique-mosaique-tenerife","status":"publish","type":"product","link":"https:\/\/olemosaic.com\/fr\/produit\/dessous-de-verre-ceramique-mosaique-tenerife\/","title":{"rendered":"Dessous de verre en c\u00e9ramique. Mosa\u00efque. Tenerife."},"content":{"rendered":"<p>Je vous pr\u00e9sente le dessous de verre en c\u00e9ramique avec un design de mosa\u00efque inspir\u00e9 des carreaux traditionnels de Tenerife, une pi\u00e8ce vibrante qui capture l&rsquo;essence culturelle des \u00eeles Canaries. Ce dessous de verre rond se distingue par son imprim\u00e9 color\u00e9, qui combine des motifs g\u00e9om\u00e9triques dans une palette joyeuse de tons rouge, jaune, bleu et gris. Au centre, le mot \u00ab\u00a0Tenerife\u00a0\u00bb est pr\u00e9sent\u00e9 avec des lettres d\u00e9coratives, ajoutant une touche de singularit\u00e9 \u00e0 la pi\u00e8ce.<\/p>\n<p>Fabriqu\u00e9 avec une c\u00e9ramique de haute qualit\u00e9, ce dessous de verre est non seulement fonctionnel, prot\u00e9geant efficacement les surfaces des taches et des rayures, mais sert \u00e9galement d&rsquo;\u00e9l\u00e9ment d\u00e9coratif attrayant sur n&rsquo;importe quelle table. Sa finition \u00e9maill\u00e9e garantit non seulement durabilit\u00e9 et r\u00e9sistance, mais facilite \u00e9galement son nettoyage, en faisant une option pratique pour un usage quotidien.<\/p>\n<p>Ce souvenir de Tenerife est un excellent rappel de la beaut\u00e9 architecturale et artistique de l&rsquo;\u00eele, connue pour ses carreaux distinctifs qui ornent ses b\u00e2timents historiques. Chez Ol\u00e9 Mosaic, sp\u00e9cialistes de la distribution de souvenirs en gros, nous proposons des produits authentiques qui refl\u00e8tent le riche patrimoine culturel, faisant de ce dessous de verre en c\u00e9ramique un choix id\u00e9al pour les boutiques de cadeaux touristiques cherchant \u00e0 mettre en valeur l&rsquo;h\u00e9ritage canarien.<\/p>\n","protected":false},"excerpt":{"rendered":"<p>Dessous de verre en c\u00e9ramique au design de mosa\u00efque inspir\u00e9 des carreaux traditionnels de Tenerife. Il pr\u00e9sente un imprim\u00e9 color\u00e9 combinant de multiples motifs g\u00e9om\u00e9triques dans les tons rouges, jaunes, bleus et gris, ainsi que le mot \u00ab\u00a0Tenerife\u00a0\u00bb en lettres d\u00e9coratives. C&rsquo;est une pi\u00e8ce attrayante et fonctionnelle, id\u00e9ale pour prot\u00e9ger les surfaces et ajouter une touche d&rsquo;art canarien \u00e0 n&rsquo;importe quelle table. Sa finition \u00e9maill\u00e9e garantit durabilit\u00e9 et facilit\u00e9 de nettoyage.<\/p>\n","protected":false},"featured_media":14141,"template":"","meta":{"_acf_changed":false},"product_brand":[],"product_cat":[812],"product_tag":[585],"class_list":{"0":"post-36321","1":"product","2":"type-product","3":"status-publish","4":"has-post-thumbnail","6":"product_cat-sous-verres","7":"product_tag-ceramique","8":"pa_ciudad-tenerife","9":"pa_motivo-mosaique","10":"pa_pais-espana","12":"first","13":"instock","14":"shipping-taxable","15":"product-type-simple"},"acf":[],"_links":{"self":[{"href":"https:\/\/olemosaic.com\/fr\/wp-json\/wp\/v2\/product\/36321","targetHints":{"allow":["GET"]}}],"collection":[{"href":"https:\/\/olemosaic.com\/fr\/wp-json\/wp\/v2\/product"}],"about":[{"href":"https:\/\/olemosaic.com\/fr\/wp-json\/wp\/v2\/types\/product"}],"wp:featuredmedia":[{"embeddable":true,"href":"https:\/\/olemosaic.com\/fr\/wp-json\/wp\/v2\/media\/14141"}],"wp:attachment":[{"href":"https:\/\/olemosaic.com\/fr\/wp-json\/wp\/v2\/media?parent=36321"}],"wp:term":[{"taxonomy":"product_brand","embeddable":true,"href":"https:\/\/olemosaic.com\/fr\/wp-json\/wp\/v2\/product_brand?post=36321"},{"taxonomy":"product_cat","embeddable":true,"href":"https:\/\/olemosaic.com\/fr\/wp-json\/wp\/v2\/product_cat?post=36321"},{"taxonomy":"product_tag","embeddable":true,"href":"https:\/\/olemosaic.com\/fr\/wp-json\/wp\/v2\/product_tag?post=36321"}],"curies":[{"name":"wp","href":"https:\/\/api.w.org\/{rel}","templated":true}]}}