{"id":36319,"date":"2025-02-20T22:38:17","date_gmt":"2025-02-20T22:38:17","guid":{"rendered":"http:\/\/olemosaic.com\/producto\/posavasos-de-ceramica-sardinas-bilbao\/"},"modified":"2025-07-25T19:36:25","modified_gmt":"2025-07-25T17:36:25","slug":"dessous-de-verre-ceramique-sardines-bilbao","status":"publish","type":"product","link":"https:\/\/olemosaic.com\/fr\/produit\/dessous-de-verre-ceramique-sardines-bilbao\/","title":{"rendered":"Dessous de verre en c\u00e9ramique. Sardines. Bilbao."},"content":{"rendered":"<p>Ce dessous de verre en c\u00e9ramique est un v\u00e9ritable hommage \u00e0 la tradition de la p\u00eache \u00e0 Bilbao, id\u00e9al pour ceux qui recherchent un souvenir alliant fonctionnalit\u00e9 et art. Son design circulaire pr\u00e9sente un fond de carreaux vibrant dans les tons bleus et blancs qui \u00e9voque le riche patrimoine culturel de la r\u00e9gion. Au centre, quatre sardines illustr\u00e9es dans des couleurs vives comme le rouge, le jaune et le vert se distinguent, chacune avec un motif complexe qui souligne la qualit\u00e9 artisanale du produit. Le mot \u00ab\u00a0BILBAO\u00a0\u00bb est imprim\u00e9 de mani\u00e8re ludique, ajoutant une touche distinctive qui en fait un souvenir m\u00e9morable.<\/p>\n<p>Ce dessous de verre n&rsquo;est pas seulement une pi\u00e8ce d\u00e9corative, mais offre \u00e9galement une solution pratique pour prot\u00e9ger vos tables des taches et des marques, id\u00e9al pour tout foyer ou \u00e9tablissement. Le lien culturel avec Bilbao se refl\u00e8te dans la popularit\u00e9 des sardines, un symbole culinaire de la r\u00e9gion, ce qui fait de cet article un d\u00e9tail repr\u00e9sentatif c\u00e9l\u00e9brant la gastronomie locale.<\/p>\n<p>Chez Ol\u00e9 Mosaic, nous sommes sp\u00e9cialis\u00e9s dans la distribution de souvenirs en c\u00e9ramique en gros, et ce dessous de verre de Bilbao est un excellent exemple de notre engagement envers la qualit\u00e9 et l&rsquo;authenticit\u00e9. Parfait pour les boutiques de cadeaux touristiques cherchant \u00e0 offrir \u00e0 leurs clients un souvenir authentique et color\u00e9, ce dessous de verre sera sans aucun doute un attrait pour les visiteurs souhaitant emporter un petit morceau de la culture basque.<\/p>\n","protected":false},"excerpt":{"rendered":"<p>Dessous de verre en c\u00e9ramique au design color\u00e9 repr\u00e9sentant des sardines, \u00e9voquant la tradition de la p\u00eache \u00e0 Bilbao. Cet article circulaire pr\u00e9sente un fond imitant des carreaux avec des motifs dans les tons bleus et blancs, tandis que les sardines sont illustr\u00e9es dans des couleurs vibrantes comme le rouge, le jaune et le vert. Avec le texte \u00ab\u00a0BILBAO\u00a0\u00bb imprim\u00e9, c&rsquo;est un souvenir id\u00e9al qui allie fonctionnalit\u00e9 et touche artistique, parfait pour donner une touche distinctive \u00e0 n&rsquo;importe quelle table.<\/p>\n","protected":false},"featured_media":14139,"template":"","meta":{"_acf_changed":false},"product_brand":[],"product_cat":[812],"product_tag":[530,585],"class_list":{"0":"post-36319","1":"product","2":"type-product","3":"status-publish","4":"has-post-thumbnail","6":"product_cat-sous-verres","7":"product_tag-animaux","8":"product_tag-ceramique","9":"pa_ciudad-bilbao","10":"pa_motivo-sardines","11":"pa_pais-espana","13":"first","14":"instock","15":"shipping-taxable","16":"product-type-simple"},"acf":[],"_links":{"self":[{"href":"https:\/\/olemosaic.com\/fr\/wp-json\/wp\/v2\/product\/36319","targetHints":{"allow":["GET"]}}],"collection":[{"href":"https:\/\/olemosaic.com\/fr\/wp-json\/wp\/v2\/product"}],"about":[{"href":"https:\/\/olemosaic.com\/fr\/wp-json\/wp\/v2\/types\/product"}],"wp:featuredmedia":[{"embeddable":true,"href":"https:\/\/olemosaic.com\/fr\/wp-json\/wp\/v2\/media\/14139"}],"wp:attachment":[{"href":"https:\/\/olemosaic.com\/fr\/wp-json\/wp\/v2\/media?parent=36319"}],"wp:term":[{"taxonomy":"product_brand","embeddable":true,"href":"https:\/\/olemosaic.com\/fr\/wp-json\/wp\/v2\/product_brand?post=36319"},{"taxonomy":"product_cat","embeddable":true,"href":"https:\/\/olemosaic.com\/fr\/wp-json\/wp\/v2\/product_cat?post=36319"},{"taxonomy":"product_tag","embeddable":true,"href":"https:\/\/olemosaic.com\/fr\/wp-json\/wp\/v2\/product_tag?post=36319"}],"curies":[{"name":"wp","href":"https:\/\/api.w.org\/{rel}","templated":true}]}}