{"id":36298,"date":"2025-02-20T22:38:16","date_gmt":"2025-02-20T22:38:16","guid":{"rendered":"http:\/\/olemosaic.com\/producto\/posavasos-de-ceramica-mosaico-mallorca\/"},"modified":"2025-07-25T20:24:29","modified_gmt":"2025-07-25T18:24:29","slug":"sous-verre-en-ceramique-mosaique-majorque","status":"publish","type":"product","link":"https:\/\/olemosaic.com\/fr\/produit\/sous-verre-en-ceramique-mosaique-majorque\/","title":{"rendered":"Sous-verre en c\u00e9ramique. Mosa\u00efque. Majorque."},"content":{"rendered":"<p>Ce sous-verre circulaire en c\u00e9ramique est la pi\u00e8ce id\u00e9ale pour ceux qui souhaitent ramener un petit morceau de Majorque chez eux. Inspir\u00e9 par les mosa\u00efques m\u00e9diterran\u00e9ennes vibrantes, chaque sous-verre pr\u00e9sente un design \u00e9labor\u00e9 qui capture le riche h\u00e9ritage artistique de l&rsquo;\u00eele. Le motif consiste en une combinaison vari\u00e9e de motifs g\u00e9om\u00e9triques et floraux, affichant une palette de couleurs comprenant des rouges, des jaunes, des bleus et des gris, \u00e9voquant l&rsquo;atmosph\u00e8re joyeuse des Bal\u00e9ares. Le mot \u00ab\u00a0Mallorca\u00a0\u00bb est \u00e9l\u00e9gamment imprim\u00e9, ajoutant une touche distinctive et d&rsquo;authenticit\u00e9 \u00e0 la pi\u00e8ce.<\/p>\n<p>Ce produit ne remplit pas seulement sa fonction de protection des surfaces contre les taches, mais il devient \u00e9galement le centre d&rsquo;attention de n&rsquo;importe quelle table. Sa finition en c\u00e9ramique de haute qualit\u00e9 assure durabilit\u00e9 et r\u00e9sistance, faisant de ce sous-verre un article pratique et d\u00e9coratif. R\u00e9alis\u00e9e selon une technique traditionnelle, la pi\u00e8ce rend hommage \u00e0 la riche culture de la c\u00e9ramique \u00e0 Majorque, o\u00f9 les carreaux color\u00e9s font partie int\u00e9grante du patrimoine artistique local.<\/p>\n<p>Chez Ol\u00e9 Mosaic, nous proposons cet exquis souvenir de Majorque, parfait pour les touristes en qu\u00eate de souvenirs authentiques et significatifs. Id\u00e9aux pour les boutiques de cadeaux touristiques, ces sous-verres ne sont pas seulement un excellent ajout \u00e0 tout \u00e9tablissement, mais ils repr\u00e9sentent \u00e9galement un morceau de la culture espagnole, devenant des souvenirs en c\u00e9ramique significatifs qui enchanteront tout visiteur. En tant que grossistes de souvenirs, nous garantissons un produit qui fusionne fonctionnalit\u00e9 et beaut\u00e9, id\u00e9al pour ceux qui souhaitent emporter un souvenir de leurs voyages.<\/p>\n","protected":false},"excerpt":{"rendered":"<p>Sous-verres circulaires en c\u00e9ramique inspir\u00e9s des mosa\u00efques color\u00e9es de Majorque. Ces sous-verres pr\u00e9sentent un design vibrant avec des motifs g\u00e9om\u00e9triques et floraux, dans des tons rouges, jaunes, bleus et gris, qui capturent l&rsquo;essence de l&rsquo;art bal\u00e9are. Chaque pi\u00e8ce refl\u00e8te la technique traditionnelle des carreaux majorquins, avec le mot \u00ab\u00a0Mallorca\u00a0\u00bb \u00e9l\u00e9gamment imprim\u00e9. Parfaits pour ajouter une touche unique et culturelle \u00e0 n&rsquo;importe quelle table, tout en prot\u00e9geant la surface.<\/p>\n","protected":false},"featured_media":14138,"template":"","meta":{"_acf_changed":false},"product_brand":[],"product_cat":[812],"product_tag":[585],"class_list":{"0":"post-36298","1":"product","2":"type-product","3":"status-publish","4":"has-post-thumbnail","6":"product_cat-sous-verres","7":"product_tag-ceramique","8":"pa_ciudad-mallorca","9":"pa_motivo-mosaique","10":"pa_pais-espana","12":"first","13":"instock","14":"shipping-taxable","15":"product-type-simple"},"acf":[],"_links":{"self":[{"href":"https:\/\/olemosaic.com\/fr\/wp-json\/wp\/v2\/product\/36298","targetHints":{"allow":["GET"]}}],"collection":[{"href":"https:\/\/olemosaic.com\/fr\/wp-json\/wp\/v2\/product"}],"about":[{"href":"https:\/\/olemosaic.com\/fr\/wp-json\/wp\/v2\/types\/product"}],"wp:featuredmedia":[{"embeddable":true,"href":"https:\/\/olemosaic.com\/fr\/wp-json\/wp\/v2\/media\/14138"}],"wp:attachment":[{"href":"https:\/\/olemosaic.com\/fr\/wp-json\/wp\/v2\/media?parent=36298"}],"wp:term":[{"taxonomy":"product_brand","embeddable":true,"href":"https:\/\/olemosaic.com\/fr\/wp-json\/wp\/v2\/product_brand?post=36298"},{"taxonomy":"product_cat","embeddable":true,"href":"https:\/\/olemosaic.com\/fr\/wp-json\/wp\/v2\/product_cat?post=36298"},{"taxonomy":"product_tag","embeddable":true,"href":"https:\/\/olemosaic.com\/fr\/wp-json\/wp\/v2\/product_tag?post=36298"}],"curies":[{"name":"wp","href":"https:\/\/api.w.org\/{rel}","templated":true}]}}