{"id":36297,"date":"2025-02-20T23:38:16","date_gmt":"2025-02-20T22:38:16","guid":{"rendered":"http:\/\/olemosaic.com\/producto\/posavasos-de-ceramica-salamandra-tenerife\/"},"modified":"2025-07-25T20:09:34","modified_gmt":"2025-07-25T18:09:34","slug":"sous-verre-en-ceramique-salamandre-tenerife","status":"publish","type":"product","link":"https:\/\/olemosaic.com\/fr\/produit\/sous-verre-en-ceramique-salamandre-tenerife\/","title":{"rendered":"Sous-verre en c\u00e9ramique. Salamandre. Tenerife. Blanc."},"content":{"rendered":"<p>Ce sous-verre circulaire en c\u00e9ramique, d\u00e9cor\u00e9 de salamandres vibrantes, est une repr\u00e9sentation artistique de la faune de Tenerife, un authentique souvenir canarien. Son design color\u00e9 se distingue par la pr\u00e9sence de salamandres aux tons vifs, entrelac\u00e9es de d\u00e9licates fleurs rouges et jaunes sur un fond blanc. Au centre, le mot \u00ab\u00a0TENERIFE\u00a0\u00bb est imprim\u00e9 dans un style simple, une touche distinctive qui souligne son origine. Cet article n&rsquo;est pas seulement fonctionnel, prot\u00e9geant les surfaces, mais il agit \u00e9galement comme un \u00e9l\u00e9ment d\u00e9coratif qui \u00e9voquera le charme naturel et la biodiversit\u00e9 des \u00eeles Canaries dans n&rsquo;importe quel foyer.<\/p>\n<p>Le design, inspir\u00e9 de la riche flore et faune de Tenerife, refl\u00e8te le lien culturel avec la r\u00e9gion, populaire pour ses paysages exub\u00e9rants et son \u00e9cosyst\u00e8me unique. Ce sous-verre est une excellente option pour les touristes \u00e0 la recherche de souvenirs authentiques qui encapsulent l&rsquo;essence de leur exp\u00e9rience sur les \u00eeles. Chez Ol\u00e9 Mosaic, sp\u00e9cialis\u00e9s dans la distribution de souvenirs en gros, nous proposons ce sous-verre en c\u00e9ramique dans le cadre de notre collection repr\u00e9sentative de Tenerife, id\u00e9al pour les boutiques de cadeaux touristiques \u00e0 la recherche de produits ayant une valeur culturelle significative.<\/p>\n","protected":false},"excerpt":{"rendered":"<p>Sous-verre circulaire en c\u00e9ramique d\u00e9cor\u00e9 de salamandres vibrantes, repr\u00e9sentant la faune de Tenerife. Cet article se distingue par son design color\u00e9, avec des d\u00e9tails en mosa\u00efque comprenant des fleurs rouges et jaunes sur un fond blanc. Le mot \u00ab\u00a0TENERIFE\u00a0\u00bb est imprim\u00e9 au centre, ajoutant une touche distinctive. Id\u00e9al pour prot\u00e9ger les surfaces tout en ajoutant une touche artistique et culturelle \u00e0 n&rsquo;importe quelle table, \u00e9voquant le charme naturel des \u00eeles Canaries.<\/p>\n","protected":false},"featured_media":14137,"template":"","meta":{"_acf_changed":false},"product_brand":[],"product_cat":[812],"product_tag":[530,585],"class_list":{"0":"post-36297","1":"product","2":"type-product","3":"status-publish","4":"has-post-thumbnail","6":"product_cat-sous-verres","7":"product_tag-animaux","8":"product_tag-ceramique","9":"pa_ciudad-tenerife","10":"pa_motivo-salamandres","11":"pa_pais-espana","13":"first","14":"instock","15":"shipping-taxable","16":"product-type-simple"},"acf":[],"_links":{"self":[{"href":"https:\/\/olemosaic.com\/fr\/wp-json\/wp\/v2\/product\/36297","targetHints":{"allow":["GET"]}}],"collection":[{"href":"https:\/\/olemosaic.com\/fr\/wp-json\/wp\/v2\/product"}],"about":[{"href":"https:\/\/olemosaic.com\/fr\/wp-json\/wp\/v2\/types\/product"}],"wp:featuredmedia":[{"embeddable":true,"href":"https:\/\/olemosaic.com\/fr\/wp-json\/wp\/v2\/media\/14137"}],"wp:attachment":[{"href":"https:\/\/olemosaic.com\/fr\/wp-json\/wp\/v2\/media?parent=36297"}],"wp:term":[{"taxonomy":"product_brand","embeddable":true,"href":"https:\/\/olemosaic.com\/fr\/wp-json\/wp\/v2\/product_brand?post=36297"},{"taxonomy":"product_cat","embeddable":true,"href":"https:\/\/olemosaic.com\/fr\/wp-json\/wp\/v2\/product_cat?post=36297"},{"taxonomy":"product_tag","embeddable":true,"href":"https:\/\/olemosaic.com\/fr\/wp-json\/wp\/v2\/product_tag?post=36297"}],"curies":[{"name":"wp","href":"https:\/\/api.w.org\/{rel}","templated":true}]}}