{"id":36296,"date":"2025-02-20T23:38:16","date_gmt":"2025-02-20T22:38:16","guid":{"rendered":"http:\/\/olemosaic.com\/producto\/plato-de-ceramica-de-20-cm-sardinas-blanco\/"},"modified":"2025-07-25T18:38:02","modified_gmt":"2025-07-25T16:38:02","slug":"assiette-en-ceramique-de-20-cm-sardines-blanc","status":"publish","type":"product","link":"https:\/\/olemosaic.com\/fr\/produit\/assiette-en-ceramique-de-20-cm-sardines-blanc\/","title":{"rendered":"Assiette en c\u00e9ramique de 20 cm. Sardines. Blanc."},"content":{"rendered":"<p>Cette assiette en c\u00e9ramique de 20 cm, d\u00e9cor\u00e9e d&rsquo;adorables illustrations de sardines, est id\u00e9ale pour ajouter une touche m\u00e9diterran\u00e9enne \u00e0 votre table, \u00e9voquant la vibrante culture c\u00f4ti\u00e8re espagnole. Son fond blanc fait ressortir un design vibrant et plein de vie, o\u00f9 des sardines aux tons rouge, orange, vert et bleu semblent nager \u00e0 travers un motif ornemental bleu qui rappelle la riche tradition c\u00e9ramique des c\u00f4tes m\u00e9diterran\u00e9ennes. Chaque sardine est m\u00e9ticuleusement peinte \u00e0 la main (effet), ce qui garantit non seulement son unicit\u00e9, mais refl\u00e8te \u00e9galement le savoir-faire artisanal de la r\u00e9gion.<\/p>\n<p>Cette assiette allie fonctionnalit\u00e9 et art, devenant non seulement un ustensile de service, mais aussi un objet d\u00e9coratif attrayant qui captera l&rsquo;attention de tout visiteur. De plus, son lien culturel avec la gastronomie m\u00e9diterran\u00e9enne en fait un excellent souvenir, parfait pour ceux qui cherchent \u00e0 emporter un morceau de la riche tradition culinaire espagnole. Chez Ol\u00e9 Mosaic, nous nous sp\u00e9cialisons dans la distribution de souvenirs en gros, et cette assiette de sardines repr\u00e9sente l&rsquo;essence de notre offre, alliant authenticit\u00e9 et \u00e9l\u00e9gance. Id\u00e9ale pour les boutiques de cadeaux touristiques, ce souvenir est une mani\u00e8re charmante d&rsquo;offrir aux visiteurs une pi\u00e8ce tangible de la culture espagnole, transformant chaque repas en une c\u00e9l\u00e9bration de la vie m\u00e9diterran\u00e9enne.<\/p>\n","protected":false},"excerpt":{"rendered":"<p>Assiette en c\u00e9ramique de 20 cm d\u00e9cor\u00e9e d&rsquo;illustrations de sardines, id\u00e9ale pour ajouter une touche m\u00e9diterran\u00e9enne \u00e0 votre table. Son fond blanc fait ressortir un design vibrant de sardines dans des tons rouges, oranges, verts et bleus, entour\u00e9es d&rsquo;un motif ornemental bleu qui \u00e9voque la riche tradition c\u00e9ramique de la c\u00f4te espagnole. Cette assiette au design artisanal, peinte \u00e0 la main, allie fonctionnalit\u00e9 et art, devenant un excellent souvenir de la culture c\u00f4ti\u00e8re.<\/p>\n","protected":false},"featured_media":9052,"template":"","meta":{"_acf_changed":false},"product_brand":[],"product_cat":[656],"product_tag":[530,585],"class_list":{"0":"post-36296","1":"product","2":"type-product","3":"status-publish","4":"has-post-thumbnail","6":"product_cat-assiettes-decoratives","7":"product_tag-animaux","8":"product_tag-ceramique","9":"pa_motivo-sardines","11":"first","12":"instock","13":"shipping-taxable","14":"product-type-simple"},"acf":[],"_links":{"self":[{"href":"https:\/\/olemosaic.com\/fr\/wp-json\/wp\/v2\/product\/36296","targetHints":{"allow":["GET"]}}],"collection":[{"href":"https:\/\/olemosaic.com\/fr\/wp-json\/wp\/v2\/product"}],"about":[{"href":"https:\/\/olemosaic.com\/fr\/wp-json\/wp\/v2\/types\/product"}],"wp:featuredmedia":[{"embeddable":true,"href":"https:\/\/olemosaic.com\/fr\/wp-json\/wp\/v2\/media\/9052"}],"wp:attachment":[{"href":"https:\/\/olemosaic.com\/fr\/wp-json\/wp\/v2\/media?parent=36296"}],"wp:term":[{"taxonomy":"product_brand","embeddable":true,"href":"https:\/\/olemosaic.com\/fr\/wp-json\/wp\/v2\/product_brand?post=36296"},{"taxonomy":"product_cat","embeddable":true,"href":"https:\/\/olemosaic.com\/fr\/wp-json\/wp\/v2\/product_cat?post=36296"},{"taxonomy":"product_tag","embeddable":true,"href":"https:\/\/olemosaic.com\/fr\/wp-json\/wp\/v2\/product_tag?post=36296"}],"curies":[{"name":"wp","href":"https:\/\/api.w.org\/{rel}","templated":true}]}}