{"id":36294,"date":"2025-02-20T23:38:16","date_gmt":"2025-02-20T22:38:16","guid":{"rendered":"http:\/\/olemosaic.com\/producto\/plato-de-ceramica-de-11-cm-toro-beige-2\/"},"modified":"2025-07-25T19:58:02","modified_gmt":"2025-07-25T17:58:02","slug":"assiette-en-ceramique-de-11-cm-taureau-beige-fr","status":"publish","type":"product","link":"https:\/\/olemosaic.com\/fr\/produit\/assiette-en-ceramique-de-11-cm-taureau-beige-fr\/","title":{"rendered":"Assiette en c\u00e9ramique de 11 cm. Taureau. Beige. Bord noir."},"content":{"rendered":"<p>Cette assiette en c\u00e9ramique de 11 cm est un magnifique souvenir qui c\u00e9l\u00e8bre la riche tradition culturelle de l&rsquo;Espagne, encapsulant dans son design l&#8217;embl\u00e9matique taureau, symbole de force et de courage. Avec une base d&rsquo;un ton beige \u00e9l\u00e9gant et des bords noirs, l&rsquo;assiette pr\u00e9sente une mosa\u00efque complexe qui donne vie au taureau \u00e0 travers des couleurs vibrantes telles que le rouge, le bleu et le vert, ce qui en fait une pi\u00e8ce attrayante et pleine d&rsquo;\u00e9nergie. Cette mosa\u00efque est entour\u00e9e de d\u00e9licates fleurs rouges et de lianes vertes, qui apportent une touche de fra\u00eecheur et de dynamisme \u00e0 l&rsquo;ensemble.<\/p>\n<p>Peinte \u00e0 la main par des artisans qualifi\u00e9s, chaque assiette est unique et refl\u00e8te l&rsquo;essence du folklore espagnol, rappelant les festivit\u00e9s taurines qui font partie int\u00e9grante de la culture dans des r\u00e9gions comme l&rsquo;Andalousie et Madrid. Cette assiette n&rsquo;est pas seulement un objet d\u00e9coratif, mais aussi un symbole d&rsquo;identit\u00e9, id\u00e9al pour ceux qui cherchent \u00e0 ramener un fragment d&rsquo;Espagne chez eux.<\/p>\n<p>Chez Ol\u00e9 Mosaic, nous proposons une s\u00e9lection de souvenirs authentiques qui, comme cette assiette en c\u00e9ramique, mettent en valeur le riche h\u00e9ritage culturel de l&rsquo;Espagne. Ce produit est un excellent choix pour les boutiques de cadeaux touristiques souhaitant proposer des articles uniques et repr\u00e9sentatifs. Attirez vos clients avec cette charmante assiette qui capture l&rsquo;essence m\u00eame du patrimoine espagnol, id\u00e9ale comme cadeau ou comme pi\u00e8ce d\u00e9corative dans n&rsquo;importe quel foyer.<\/p>\n","protected":false},"excerpt":{"rendered":"<p>Assiette en c\u00e9ramique de 11 cm avec un design de taureau, un symbole embl\u00e9matique de la culture espagnole. Cette jolie assiette, avec une base beige et des bords noirs, pr\u00e9sente une mosa\u00efque color\u00e9e repr\u00e9sentant le taureau dans des tons vibrants comme le rouge, le bleu et le vert, entour\u00e9 de d\u00e9licates fleurs rouges et de lianes vertes. Peinte dans un style artisanal, c&rsquo;est une pi\u00e8ce d\u00e9corative exquise qui capture l&rsquo;essence du folklore espagnol, id\u00e9ale pour tout int\u00e9rieur.<\/p>\n","protected":false},"featured_media":7199,"template":"","meta":{"_acf_changed":false},"product_brand":[],"product_cat":[656],"product_tag":[530,585],"class_list":{"0":"post-36294","1":"product","2":"type-product","3":"status-publish","4":"has-post-thumbnail","6":"product_cat-assiettes-decoratives","7":"product_tag-animaux","8":"product_tag-ceramique","9":"pa_motivo-taureaux","11":"first","12":"instock","13":"shipping-taxable","14":"product-type-simple"},"acf":[],"_links":{"self":[{"href":"https:\/\/olemosaic.com\/fr\/wp-json\/wp\/v2\/product\/36294","targetHints":{"allow":["GET"]}}],"collection":[{"href":"https:\/\/olemosaic.com\/fr\/wp-json\/wp\/v2\/product"}],"about":[{"href":"https:\/\/olemosaic.com\/fr\/wp-json\/wp\/v2\/types\/product"}],"wp:featuredmedia":[{"embeddable":true,"href":"https:\/\/olemosaic.com\/fr\/wp-json\/wp\/v2\/media\/7199"}],"wp:attachment":[{"href":"https:\/\/olemosaic.com\/fr\/wp-json\/wp\/v2\/media?parent=36294"}],"wp:term":[{"taxonomy":"product_brand","embeddable":true,"href":"https:\/\/olemosaic.com\/fr\/wp-json\/wp\/v2\/product_brand?post=36294"},{"taxonomy":"product_cat","embeddable":true,"href":"https:\/\/olemosaic.com\/fr\/wp-json\/wp\/v2\/product_cat?post=36294"},{"taxonomy":"product_tag","embeddable":true,"href":"https:\/\/olemosaic.com\/fr\/wp-json\/wp\/v2\/product_tag?post=36294"}],"curies":[{"name":"wp","href":"https:\/\/api.w.org\/{rel}","templated":true}]}}