{"id":36293,"date":"2025-02-20T22:38:16","date_gmt":"2025-02-20T22:38:16","guid":{"rendered":"http:\/\/olemosaic.com\/producto\/mug-xl-de-ceramica-sardinas-blanco-13-cm\/"},"modified":"2025-07-25T20:18:01","modified_gmt":"2025-07-25T18:18:01","slug":"mug-xl-en-ceramique-sardines-blanc-13-cm","status":"publish","type":"product","link":"https:\/\/olemosaic.com\/fr\/produit\/mug-xl-en-ceramique-sardines-blanc-13-cm\/","title":{"rendered":"Mug XL en c\u00e9ramique. Sardines. Blanc. 13 cm."},"content":{"rendered":"<p>Mug XL en c\u00e9ramique d\u00e9cor\u00e9 de sardines color\u00e9es, repr\u00e9sentant la tradition de p\u00eache espagnole. Ce mug vibrant, de 13 cm de hauteur, fusionne fonctionnalit\u00e9 et art, et est id\u00e9al comme souvenir d&rsquo;Andalousie. Son design pr\u00e9sente une exposition spectaculaire de sardines peintes dans des tons rouge, bleu, jaune et vert, \u00e9voquant la joie de la culture m\u00e9diterran\u00e9enne. Les sardines, repr\u00e9sent\u00e9es dans un style graphique et dynamique, se d\u00e9placent sur un fond simulant les azulejos andalous caract\u00e9ristiques, dans une combinaison de blancs et de bleus qui renforce son authenticit\u00e9.<\/p>\n<p>L&rsquo;une de ses caract\u00e9ristiques les plus distinctives est l&rsquo;\u00e9l\u00e9gante anse en forme de poisson, qui non seulement facilite son utilisation, mais ajoute \u00e9galement une touche unique et attrayante au design g\u00e9n\u00e9ral du mug. Chaque d\u00e9tail a \u00e9t\u00e9 soigneusement \u00e9labor\u00e9, soulignant le travail artisanal qui en fait un souvenir repr\u00e9sentatif de la riche tradition de p\u00eache espagnole.<\/p>\n<p>Ce mug n&rsquo;est pas seulement un compl\u00e9ment pratique pour n&rsquo;importe quel foyer, mais aussi un souvenir exceptionnel pour les touristes souhaitant emporter un morceau de l&rsquo;essence andalouse. Chez Ol\u00e9 Mosaic, nous sommes fiers d&rsquo;\u00eatre des distributeurs de souvenirs authentiques, proposant ce mug en c\u00e9ramique comme une excellente option pour les boutiques de cadeaux touristiques cherchant \u00e0 mettre en avant des produits uniques avec une signification culturelle.<\/p>\n","protected":false},"excerpt":{"rendered":"<p>Tasse XL en c\u00e9ramique d\u00e9cor\u00e9e de sardines color\u00e9es repr\u00e9sentant la tradition de p\u00eache espagnole. Ce produit, de 13 cm de hauteur, pr\u00e9sente un design vibrant avec des sardines aux tons rouge, bleu, jaune et vert, sur un fond d&rsquo;azulejos blancs et bleus \u00e9voquant le style andalou. Son \u00e9l\u00e9gante anse en forme de poisson ajoute une touche distinctive, en faisant un souvenir attrayant ou un compl\u00e9ment original pour toute cuisine.<\/p>\n","protected":false},"featured_media":8914,"template":"","meta":{"_acf_changed":false},"product_brand":[],"product_cat":[728],"product_tag":[530,585],"class_list":{"0":"post-36293","1":"product","2":"type-product","3":"status-publish","4":"has-post-thumbnail","6":"product_cat-mugs","7":"product_tag-animaux","8":"product_tag-ceramique","9":"pa_motivo-sardines","11":"first","12":"instock","13":"shipping-taxable","14":"product-type-simple"},"acf":[],"_links":{"self":[{"href":"https:\/\/olemosaic.com\/fr\/wp-json\/wp\/v2\/product\/36293","targetHints":{"allow":["GET"]}}],"collection":[{"href":"https:\/\/olemosaic.com\/fr\/wp-json\/wp\/v2\/product"}],"about":[{"href":"https:\/\/olemosaic.com\/fr\/wp-json\/wp\/v2\/types\/product"}],"wp:featuredmedia":[{"embeddable":true,"href":"https:\/\/olemosaic.com\/fr\/wp-json\/wp\/v2\/media\/8914"}],"wp:attachment":[{"href":"https:\/\/olemosaic.com\/fr\/wp-json\/wp\/v2\/media?parent=36293"}],"wp:term":[{"taxonomy":"product_brand","embeddable":true,"href":"https:\/\/olemosaic.com\/fr\/wp-json\/wp\/v2\/product_brand?post=36293"},{"taxonomy":"product_cat","embeddable":true,"href":"https:\/\/olemosaic.com\/fr\/wp-json\/wp\/v2\/product_cat?post=36293"},{"taxonomy":"product_tag","embeddable":true,"href":"https:\/\/olemosaic.com\/fr\/wp-json\/wp\/v2\/product_tag?post=36293"}],"curies":[{"name":"wp","href":"https:\/\/api.w.org\/{rel}","templated":true}]}}