{"id":36291,"date":"2025-02-20T23:38:15","date_gmt":"2025-02-20T22:38:15","guid":{"rendered":"http:\/\/olemosaic.com\/producto\/mug-de-ceramica-sardinas-blanco-95-cm\/"},"modified":"2025-07-25T18:53:35","modified_gmt":"2025-07-25T16:53:35","slug":"mug-en-ceramique-sardines-blanc-9-5-cm","status":"publish","type":"product","link":"https:\/\/olemosaic.com\/fr\/produit\/mug-en-ceramique-sardines-blanc-9-5-cm\/","title":{"rendered":"Mug en c\u00e9ramique. Sardines. Blanc. 9,5 cm."},"content":{"rendered":"<p>Ce mug en c\u00e9ramique avec un design vibrant de sardines est un reflet authentique de la riche tradition de p\u00eache du Portugal. D&rsquo;une hauteur de 9,5 cm, cet article attrayant combine fonctionnalit\u00e9 et style, \u00e9tant id\u00e9al aussi bien pour un usage quotidien que pour \u00eatre expos\u00e9 dans une collection de souvenirs. Son fond blanc, orn\u00e9 de motifs bleus complexes \u00e9voquant les azulejos portugais, offre une toile parfaite pour les sardines color\u00e9es, qui se d\u00e9tachent dans des tons vibrants de rouge, jaune, bleu et orange. Cette palette de couleurs en fait non seulement un objet decorative, mais aussi un hommage \u00e0 la diversit\u00e9 et \u00e0 la richesse de la mer M\u00e9diterran\u00e9e.<\/p>\n<p>L&rsquo;anse du mug, ing\u00e9nieusement con\u00e7ue en forme de poisson, ajoute une touche distinctive et artisanale qui souligne l&rsquo;authenticit\u00e9 du souvenir. Ce mug n&rsquo;est pas seulement un article pratique, mais aussi un souvenir embl\u00e9matique du Portugal, id\u00e9al pour les touristes cherchant \u00e0 emporter chez eux un morceau de la culture locale. Chez Ol\u00e9 Mosaic, nous nous sp\u00e9cialisons dans la distribution de souvenirs en gros, et ce mug de sardines repr\u00e9sente le lien culturel entre la mer et la tradition portugaise, offrant \u00e0 vos clients une option unique et color\u00e9e. Parfait pour les boutiques de cadeaux touristiques souhaitant proposer des produits c\u00e9l\u00e9brant l&rsquo;esprit m\u00e9diterran\u00e9en.<\/p>\n","protected":false},"excerpt":{"rendered":"<p>Tasse en c\u00e9ramique avec un design color\u00e9 de sardines \u00e9voquant la tradition de p\u00eache portugaise. D&rsquo;une hauteur de 9,5 cm, cette pi\u00e8ce pr\u00e9sente un fond blanc d\u00e9cor\u00e9 de motifs bleus complexes, sur lequel se d\u00e9tachent des sardines aux tons vibrants de rouge, jaune, bleu et orange. L&rsquo;\u00e9l\u00e9gante anse en forme de poisson ajoute une touche distinctive et artisanale, faisant de cette tasse un souvenir attrayant pour les amoureux de la mer et de la culture m\u00e9diterran\u00e9enne.<\/p>\n","protected":false},"featured_media":8918,"template":"","meta":{"_acf_changed":false},"product_brand":[],"product_cat":[728],"product_tag":[530,585],"class_list":{"0":"post-36291","1":"product","2":"type-product","3":"status-publish","4":"has-post-thumbnail","6":"product_cat-mugs","7":"product_tag-animaux","8":"product_tag-ceramique","9":"pa_motivo-sardines","11":"first","12":"instock","13":"shipping-taxable","14":"product-type-simple"},"acf":[],"_links":{"self":[{"href":"https:\/\/olemosaic.com\/fr\/wp-json\/wp\/v2\/product\/36291","targetHints":{"allow":["GET"]}}],"collection":[{"href":"https:\/\/olemosaic.com\/fr\/wp-json\/wp\/v2\/product"}],"about":[{"href":"https:\/\/olemosaic.com\/fr\/wp-json\/wp\/v2\/types\/product"}],"wp:featuredmedia":[{"embeddable":true,"href":"https:\/\/olemosaic.com\/fr\/wp-json\/wp\/v2\/media\/8918"}],"wp:attachment":[{"href":"https:\/\/olemosaic.com\/fr\/wp-json\/wp\/v2\/media?parent=36291"}],"wp:term":[{"taxonomy":"product_brand","embeddable":true,"href":"https:\/\/olemosaic.com\/fr\/wp-json\/wp\/v2\/product_brand?post=36291"},{"taxonomy":"product_cat","embeddable":true,"href":"https:\/\/olemosaic.com\/fr\/wp-json\/wp\/v2\/product_cat?post=36291"},{"taxonomy":"product_tag","embeddable":true,"href":"https:\/\/olemosaic.com\/fr\/wp-json\/wp\/v2\/product_tag?post=36291"}],"curies":[{"name":"wp","href":"https:\/\/api.w.org\/{rel}","templated":true}]}}