{"id":36290,"date":"2025-02-20T23:38:15","date_gmt":"2025-02-20T22:38:15","guid":{"rendered":"http:\/\/olemosaic.com\/producto\/llavero-de-madera-silla\/"},"modified":"2025-07-25T18:52:52","modified_gmt":"2025-07-25T16:52:52","slug":"porte-cles-en-bois-chaise","status":"publish","type":"product","link":"https:\/\/olemosaic.com\/fr\/produit\/porte-cles-en-bois-chaise\/","title":{"rendered":"Porte-cl\u00e9s en bois. Chaise."},"content":{"rendered":"<p>Ce porte-cl\u00e9s en bois, avec son design de chaise traditionnelle espagnole et de guitare, est un souvenir charmant qui capture l&rsquo;essence vibrante de la culture espagnole. Son design attrayant se distingue par la repr\u00e9sentation d&rsquo;une chaise ornementale aux couleurs vives rouge et bleu, compl\u00e9t\u00e9e par une guitare jaune \u00e9clatant qui \u00e9voque l&rsquo;esprit festif du flamenco. Chaque d\u00e9tail est m\u00e9ticuleusement peint \u00e0 la main, ce qui apporte authenticit\u00e9 et singularit\u00e9 \u00e0 chaque pi\u00e8ce, en faisant un souvenir inoubliable.<\/p>\n<p>La chaise, symbole de l&rsquo;hospitalit\u00e9 et de l&rsquo;art des traditions espagnoles, est pr\u00e9sent\u00e9e avec une finition textur\u00e9e, tandis que la guitare, instrument iconique du folklore, ajoute une touche de musicalit\u00e9 et de joie. Ce porte-cl\u00e9s n&rsquo;est pas seulement un outil pratique, mais aussi un rappel des moments partag\u00e9s et du riche h\u00e9ritage culturel que l&rsquo;Espagne offre.<\/p>\n<p>Parfait pour ceux qui recherchent des souvenirs authentiques, ce porte-cl\u00e9s est une excellente option pour les touristes souhaitant emporter un morceau de la tradition espagnole. Chez Ol\u00e9 Mosaic, nous distribuons des souvenirs en bois en gros, proposant des produits comme celui-ci, qui se distinguent par leur qualit\u00e9 et leur pertinence culturelle. En tant que grossistes de porte-cl\u00e9s, nous garantissons que chacun de nos souvenirs d&rsquo;Espagne est une repr\u00e9sentation fid\u00e8le de son patrimoine artistique.<\/p>\n","protected":false},"excerpt":{"rendered":"<p>Porte-cl\u00e9s en bois avec un design repr\u00e9sentant une chaise traditionnelle espagnole accompagn\u00e9e d&rsquo;une guitare. Avec des couleurs vibrantes et des d\u00e9tails peints \u00e0 la main, ce porte-cl\u00e9s se distingue par son charme folklorique, capturant l&rsquo;essence de la culture espagnole. La chaise arbore une finition rouge et bleue, tandis que la guitare, d&rsquo;un jaune \u00e9clatant, ajoute une touche joyeuse. Un souvenir parfait qui \u00e9voque l&rsquo;esprit du flamenco et de la tradition.<\/p>\n","protected":false},"featured_media":10792,"template":"","meta":{"_acf_changed":false},"product_brand":[],"product_cat":[607],"product_tag":[],"class_list":{"0":"post-36290","1":"product","2":"type-product","3":"status-publish","4":"has-post-thumbnail","6":"product_cat-porte-cles","7":"pa_motivo-chaises","9":"first","10":"instock","11":"shipping-taxable","12":"product-type-simple"},"acf":[],"_links":{"self":[{"href":"https:\/\/olemosaic.com\/fr\/wp-json\/wp\/v2\/product\/36290","targetHints":{"allow":["GET"]}}],"collection":[{"href":"https:\/\/olemosaic.com\/fr\/wp-json\/wp\/v2\/product"}],"about":[{"href":"https:\/\/olemosaic.com\/fr\/wp-json\/wp\/v2\/types\/product"}],"wp:featuredmedia":[{"embeddable":true,"href":"https:\/\/olemosaic.com\/fr\/wp-json\/wp\/v2\/media\/10792"}],"wp:attachment":[{"href":"https:\/\/olemosaic.com\/fr\/wp-json\/wp\/v2\/media?parent=36290"}],"wp:term":[{"taxonomy":"product_brand","embeddable":true,"href":"https:\/\/olemosaic.com\/fr\/wp-json\/wp\/v2\/product_brand?post=36290"},{"taxonomy":"product_cat","embeddable":true,"href":"https:\/\/olemosaic.com\/fr\/wp-json\/wp\/v2\/product_cat?post=36290"},{"taxonomy":"product_tag","embeddable":true,"href":"https:\/\/olemosaic.com\/fr\/wp-json\/wp\/v2\/product_tag?post=36290"}],"curies":[{"name":"wp","href":"https:\/\/api.w.org\/{rel}","templated":true}]}}