{"id":36273,"date":"2025-02-20T23:38:15","date_gmt":"2025-02-20T22:38:15","guid":{"rendered":"http:\/\/olemosaic.com\/producto\/llavero-de-madera-toro-2\/"},"modified":"2025-07-25T20:14:01","modified_gmt":"2025-07-25T18:14:01","slug":"porte-cles-en-bois-taureau-2","status":"publish","type":"product","link":"https:\/\/olemosaic.com\/fr\/produit\/porte-cles-en-bois-taureau-2\/","title":{"rendered":"Porte-cl\u00e9s en bois. Taureau."},"content":{"rendered":"<p>Ce porte-cl\u00e9s en bois avec la figurine d&rsquo;un taureau est un souvenir vibrant qui encapsule la culture espagnole dans un design charmant et moderne. Sur un fond blanc, le taureau se d\u00e9tache avec un m\u00e9lange color\u00e9 de motifs dans des tons bleus, rouges, verts et jaunes, qui apportent une touche ludique et contemporaine au symbole classique de la culture ib\u00e9rique. Chaque d\u00e9tail graphique a \u00e9t\u00e9 soigneusement \u00e9labor\u00e9, r\u00e9alisant une fusion parfaite entre tradition et art moderne, id\u00e9al pour ceux qui recherchent un souvenir authentique et significatif.<\/p>\n<p>Le taureau est un symbole iconique non seulement de l&rsquo;Espagne, mais d&rsquo;une riche histoire qui \u00e9voque la passion, le courage et la c\u00e9l\u00e9bration des traditions, se distinguant particuli\u00e8rement dans les f\u00eates taurines et la culture rurale. Ce porte-cl\u00e9s n&rsquo;est pas seulement un accessoire pratique qui peut vous accompagner au quotidien, mais il repr\u00e9sente aussi un petit morceau de l&rsquo;h\u00e9ritage culturel espagnol que vous pouvez emporter partout avec vous.<\/p>\n<p>Chez Ol\u00e9 Mosaic, sp\u00e9cialis\u00e9s dans la distribution de souvenirs en gros, nous proposons ce porte-cl\u00e9s taureau comme une excellente option pour les boutiques de cadeaux touristiques \u00e0 la recherche de produits authentiques et attrayants. En tant que grossistes en souvenirs, nous garantissons que nos articles ne remplissent pas seulement une fonction esth\u00e9tique, mais racontent aussi des histoires culturelles qui connectent avec les touristes souhaitant un souvenir de leur voyage en Espagne.<\/p>\n","protected":false},"excerpt":{"rendered":"<p>Porte-cl\u00e9s en bois avec la figurine d&rsquo;un taureau, un symbole embl\u00e9matique de la culture espagnole. Ce porte-cl\u00e9s se distingue par son design color\u00e9 et vibrant, avec des \u00e9l\u00e9ments graphiques amusants m\u00e9langeant des motifs dans des tons bleu, rouge, vert et jaune sur un fond blanc. Chaque d\u00e9tail est inspir\u00e9 de l&rsquo;art moderne, ce qui lui donne une touche unique. Id\u00e9al comme souvenir d&rsquo;Espagne, c&rsquo;est un accessoire pratique pour les amoureux de la culture et de la tradition.<\/p>\n","protected":false},"featured_media":10986,"template":"","meta":{"_acf_changed":false},"product_brand":[],"product_cat":[607],"product_tag":[530],"class_list":{"0":"post-36273","1":"product","2":"type-product","3":"status-publish","4":"has-post-thumbnail","6":"product_cat-porte-cles","7":"product_tag-animaux","8":"pa_motivo-taureaux","10":"first","11":"instock","12":"shipping-taxable","13":"product-type-simple"},"acf":[],"_links":{"self":[{"href":"https:\/\/olemosaic.com\/fr\/wp-json\/wp\/v2\/product\/36273","targetHints":{"allow":["GET"]}}],"collection":[{"href":"https:\/\/olemosaic.com\/fr\/wp-json\/wp\/v2\/product"}],"about":[{"href":"https:\/\/olemosaic.com\/fr\/wp-json\/wp\/v2\/types\/product"}],"wp:featuredmedia":[{"embeddable":true,"href":"https:\/\/olemosaic.com\/fr\/wp-json\/wp\/v2\/media\/10986"}],"wp:attachment":[{"href":"https:\/\/olemosaic.com\/fr\/wp-json\/wp\/v2\/media?parent=36273"}],"wp:term":[{"taxonomy":"product_brand","embeddable":true,"href":"https:\/\/olemosaic.com\/fr\/wp-json\/wp\/v2\/product_brand?post=36273"},{"taxonomy":"product_cat","embeddable":true,"href":"https:\/\/olemosaic.com\/fr\/wp-json\/wp\/v2\/product_cat?post=36273"},{"taxonomy":"product_tag","embeddable":true,"href":"https:\/\/olemosaic.com\/fr\/wp-json\/wp\/v2\/product_tag?post=36273"}],"curies":[{"name":"wp","href":"https:\/\/api.w.org\/{rel}","templated":true}]}}