{"id":36272,"date":"2025-02-20T23:38:15","date_gmt":"2025-02-20T22:38:15","guid":{"rendered":"http:\/\/olemosaic.com\/producto\/llavero-de-madera-toro\/"},"modified":"2025-07-25T20:33:37","modified_gmt":"2025-07-25T18:33:37","slug":"porte-cles-en-bois-taureau","status":"publish","type":"product","link":"https:\/\/olemosaic.com\/fr\/produit\/porte-cles-en-bois-taureau\/","title":{"rendered":"Porte-cl\u00e9s en bois. Taureau. Motifs floraux."},"content":{"rendered":"<p>Ce porte-cl\u00e9s en bois en forme de taureau est un authentique symbole de la culture espagnole, id\u00e9al pour ceux qui souhaitent emporter un morceau de tradition avec eux. Avec un design vibrant, ce porte-cl\u00e9s combine des couleurs rouges, bleues et jaunes, inspir\u00e9es des motifs floraux de la c\u00e9ramique espagnole, cr\u00e9ant un accessoire attrayant qui refl\u00e8te le riche folklore du pays. La forme stylis\u00e9e du taureau, l&rsquo;un des animaux les plus embl\u00e9matiques d&rsquo;Espagne, \u00e9voque des images de la c\u00e9l\u00e8bre f\u00eate des taureaux et la profonde connexion de la culture espagnole avec la terre et son histoire.<\/p>\n<p>Les d\u00e9tails minutieux qui d\u00e9corent le porte-cl\u00e9s soulignent la qualit\u00e9 artisanale de ce souvenir, le rendant non seulement fonctionnel, mais aussi une pi\u00e8ce d\u00e9corative qui peut \u00eatre arbor\u00e9e n&rsquo;importe o\u00f9. Parfait pour ajouter une touche culturelle \u00e0 vos cl\u00e9s ou \u00e0 votre sac, ce porte-cl\u00e9s est une excellente option pour les touristes \u00e0 la recherche de souvenirs authentiques et repr\u00e9sentatifs de l&rsquo;Espagne. Chez Ol\u00e9 Mosaic, nous sommes fiers de proposer des produits qui capturent l&rsquo;essence de la culture espagnole. Ce porte-cl\u00e9s taureau est un incontournable pour toute boutique de cadeaux touristiques, devenant un article phare pour ceux qui recherchent des souvenirs de leur voyage en Espagne. En tant que grossistes en souvenirs, nous garantissons que chaque produit est une fid\u00e8le repr\u00e9sentation du patrimoine culturel espagnol.<\/p>\n","protected":false},"excerpt":{"rendered":"<p>Porte-cl\u00e9s en bois en forme de taureau, un symbole iconique de la culture espagnole. Ce porte-cl\u00e9s pr\u00e9sente un design vibrant, d\u00e9cor\u00e9 de motifs floraux en rouge, bleu et jaune, qui \u00e9voquent la tradition artistique de la c\u00e9ramique espagnole. Sa forme stylis\u00e9e et ses d\u00e9tails minutieux en font un accessoire attrayant et repr\u00e9sentatif du folklore espagnol, id\u00e9al pour ajouter une touche culturelle \u00e0 vos cl\u00e9s ou \u00e0 votre sac.<\/p>\n","protected":false},"featured_media":10962,"template":"","meta":{"_acf_changed":false},"product_brand":[],"product_cat":[607],"product_tag":[530],"class_list":{"0":"post-36272","1":"product","2":"type-product","3":"status-publish","4":"has-post-thumbnail","6":"product_cat-porte-cles","7":"product_tag-animaux","8":"pa_motivo-taureaux","10":"first","11":"instock","12":"shipping-taxable","13":"product-type-simple"},"acf":[],"_links":{"self":[{"href":"https:\/\/olemosaic.com\/fr\/wp-json\/wp\/v2\/product\/36272","targetHints":{"allow":["GET"]}}],"collection":[{"href":"https:\/\/olemosaic.com\/fr\/wp-json\/wp\/v2\/product"}],"about":[{"href":"https:\/\/olemosaic.com\/fr\/wp-json\/wp\/v2\/types\/product"}],"wp:featuredmedia":[{"embeddable":true,"href":"https:\/\/olemosaic.com\/fr\/wp-json\/wp\/v2\/media\/10962"}],"wp:attachment":[{"href":"https:\/\/olemosaic.com\/fr\/wp-json\/wp\/v2\/media?parent=36272"}],"wp:term":[{"taxonomy":"product_brand","embeddable":true,"href":"https:\/\/olemosaic.com\/fr\/wp-json\/wp\/v2\/product_brand?post=36272"},{"taxonomy":"product_cat","embeddable":true,"href":"https:\/\/olemosaic.com\/fr\/wp-json\/wp\/v2\/product_cat?post=36272"},{"taxonomy":"product_tag","embeddable":true,"href":"https:\/\/olemosaic.com\/fr\/wp-json\/wp\/v2\/product_tag?post=36272"}],"curies":[{"name":"wp","href":"https:\/\/api.w.org\/{rel}","templated":true}]}}