{"id":36242,"date":"2025-02-20T23:38:13","date_gmt":"2025-02-20T22:38:13","guid":{"rendered":"http:\/\/olemosaic.com\/producto\/iman-de-resina-salamandra-y-flores-lanzarote-2\/"},"modified":"2025-07-25T18:54:15","modified_gmt":"2025-07-25T16:54:15","slug":"aimant-resine-salamandre-fleurs-lanzarote","status":"publish","type":"product","link":"https:\/\/olemosaic.com\/fr\/produit\/aimant-resine-salamandre-fleurs-lanzarote\/","title":{"rendered":"Aimant en r\u00e9sine. Salamandre et fleurs. Lanzarote. Forme \u00e9ventail."},"content":{"rendered":"<p>Aimant en r\u00e9sine de salamandre et fleurs de Lanzarote<\/p>\n<p>Cet aimant en r\u00e9sine repr\u00e9sente une salamandre vibrante et des fleurs, capturant l&rsquo;essence de la nature exub\u00e9rante de Lanzarote. Son design, en forme d&rsquo;\u00e9ventail, pr\u00e9sente une illustration color\u00e9e qui se d\u00e9tache sur un fond de mosa\u00efque blanche, cr\u00e9ant un contraste attrayant et plein d&rsquo;\u00e9nergie. Les salamandres, peintes dans des tons rouges et verts, semblent prendre vie, jouant parmi de charmantes fleurs qui ornent le bord de l&rsquo;aimant, ajoutant une touche de fra\u00eecheur et de joie \u00e0 n&rsquo;importe quel espace. Le mot \u00ab\u00a0LANZAROTE\u00a0\u00bb, en lettres voyantes et color\u00e9es, souligne la connexion directe avec cette \u00eele canarienne embl\u00e9matique, connue pour son paysage volcanique unique et sa riche biodiversit\u00e9.<\/p>\n<p>Cet aimant n&rsquo;est pas seulement un souvenir fonctionnel, mais il symbolise \u00e9galement la richesse culturelle et naturelle de Lanzarote, devenant un excellent souvenir pour les touristes \u00e0 la recherche d&rsquo;une pi\u00e8ce authentique qui refl\u00e8te la magie de l&rsquo;\u00eele. Chez Ol\u00e9 Mosaic, en tant que grossistes de souvenirs, nous proposons cet aimant en r\u00e9sine comme une option id\u00e9ale pour les boutiques de cadeaux touristiques cherchant des produits qui capturent l&rsquo;essence de la destination. Cet aimant de salamandre est une repr\u00e9sentation parfaite du folklore et de l&rsquo;art local, \u00e9tant un choix incontournable pour ceux qui souhaitent emporter un morceau de Lanzarote sous forme de souvenir.<\/p>\n","protected":false},"excerpt":{"rendered":"<p>Aimant repr\u00e9sentant une salamandre color\u00e9e et des fleurs, inspir\u00e9 par la nature vibrante de Lanzarote. Cet aimant, avec un design en forme d&rsquo;\u00e9ventail, pr\u00e9sente des motifs floral et deux salamandres dans des tons rouge et vert, qui se d\u00e9tachent sur un fond blanc avec effet mosa\u00efque. Avec le mot \u00ab\u00a0LANZAROTE\u00a0\u00bb \u00e9crit en lettres voyantes, c&rsquo;est un souvenir id\u00e9al qui capture l&rsquo;essence artistique et color\u00e9e de cette \u00eele des Canaries.<\/p>\n","protected":false},"featured_media":14126,"template":"","meta":{"_acf_changed":false},"product_brand":[],"product_cat":[697],"product_tag":[530],"class_list":{"0":"post-36242","1":"product","2":"type-product","3":"status-publish","4":"has-post-thumbnail","6":"product_cat-aimants","7":"product_tag-animaux","8":"pa_ciudad-lanzarote","9":"pa_motivo-salamandres","10":"pa_pais-espana","12":"first","13":"instock","14":"shipping-taxable","15":"product-type-simple"},"acf":[],"_links":{"self":[{"href":"https:\/\/olemosaic.com\/fr\/wp-json\/wp\/v2\/product\/36242","targetHints":{"allow":["GET"]}}],"collection":[{"href":"https:\/\/olemosaic.com\/fr\/wp-json\/wp\/v2\/product"}],"about":[{"href":"https:\/\/olemosaic.com\/fr\/wp-json\/wp\/v2\/types\/product"}],"wp:featuredmedia":[{"embeddable":true,"href":"https:\/\/olemosaic.com\/fr\/wp-json\/wp\/v2\/media\/14126"}],"wp:attachment":[{"href":"https:\/\/olemosaic.com\/fr\/wp-json\/wp\/v2\/media?parent=36242"}],"wp:term":[{"taxonomy":"product_brand","embeddable":true,"href":"https:\/\/olemosaic.com\/fr\/wp-json\/wp\/v2\/product_brand?post=36242"},{"taxonomy":"product_cat","embeddable":true,"href":"https:\/\/olemosaic.com\/fr\/wp-json\/wp\/v2\/product_cat?post=36242"},{"taxonomy":"product_tag","embeddable":true,"href":"https:\/\/olemosaic.com\/fr\/wp-json\/wp\/v2\/product_tag?post=36242"}],"curies":[{"name":"wp","href":"https:\/\/api.w.org\/{rel}","templated":true}]}}