{"id":36240,"date":"2025-02-20T23:38:12","date_gmt":"2025-02-20T22:38:12","guid":{"rendered":"http:\/\/olemosaic.com\/producto\/iman-de-resina-patio-malaga\/"},"modified":"2025-07-25T18:46:58","modified_gmt":"2025-07-25T16:46:58","slug":"aimant-resine-patio-malaga","status":"publish","type":"product","link":"https:\/\/olemosaic.com\/fr\/produit\/aimant-resine-patio-malaga\/","title":{"rendered":"Aimant en r\u00e9sine. Patio. Malaga."},"content":{"rendered":"<p>Cet aimant en r\u00e9sine repr\u00e9sente un patio andalou vibrant de Malaga, capturant l&rsquo;essence du folklore local dans une pi\u00e8ce d\u00e9corative id\u00e9ale pour tout amateur de culture espagnole. Avec un design color\u00e9, l&rsquo;aimant montre une danseuse v\u00eatue de son costume caract\u00e9ristique \u00e0 pois rouges, accompagn\u00e9e d&rsquo;un \u00e9l\u00e9gant danseur qui refl\u00e8te le dynamisme et la joie du flamenco en plein mouvement. Le fond de l&rsquo;aimant \u00e9voque les azulejos traditionnels andalous \u00e0 travers une mosa\u00efque combinant des couleurs vives et des formes g\u00e9om\u00e9triques, offrant un contraste artistique qui met en valeur les figures centrales. On remarque \u00e9galement les pots de fleurs qui ornent le patio, apportant fra\u00eecheur et une touche authentique \u00e0 la repr\u00e9sentation.<\/p>\n<p>Le mot \u00ab\u00a0M\u00c1LAGA\u00a0\u00bb appara\u00eet dans un design joyeux et attrayant, faisant de cet aimant un souvenir embl\u00e9matique de la ville. Ce n&rsquo;est pas seulement un ornement charmant pour les r\u00e9frig\u00e9rateurs et les surfaces m\u00e9talliques, mais il \u00e9voque \u00e9galement la chaleur et l&rsquo;esprit festif de l&rsquo;Andalousie. Cet aimant est un souvenir id\u00e9al pour les touristes cherchant \u00e0 emporter un morceau de la culture andalouse, ce qui en fait un choix parfait pour les boutiques de cadeaux touristiques. Chez Ol\u00e9 Mosaic, en tant que distributeurs de souvenirs de Malaga, nous garantissons des produits authentiques et repr\u00e9sentatifs qui capturent la tradition et l&rsquo;art de l&rsquo;Espagne dans chaque d\u00e9tail.<\/p>\n","protected":false},"excerpt":{"rendered":"<p>Aimant repr\u00e9sentant un patio andalou vibrant de Malaga. Cet aimant color\u00e9 montre une danseuse et un danseur de flamenco en plein mouvement, entour\u00e9s de pots de fleurs et d&rsquo;ornements typiques. Le fond pr\u00e9sente une mosa\u00efque \u00e9voquant les azulejos de la r\u00e9gion, tandis que le mot \u00ab\u00a0M\u00c1LAGA\u00a0\u00bb se distingue par un design joyeux. Id\u00e9al pour se souvenir de la chaleur et de l&rsquo;esprit festif de l&rsquo;Andalousie sur n&rsquo;importe quelle surface m\u00e9tallique.<\/p>\n","protected":false},"featured_media":14124,"template":"","meta":{"_acf_changed":false},"product_brand":[],"product_cat":[697],"product_tag":[],"class_list":{"0":"post-36240","1":"product","2":"type-product","3":"status-publish","4":"has-post-thumbnail","6":"product_cat-aimants","7":"pa_ciudad-malaga","8":"pa_motivo-cours-interieures","9":"pa_pais-espana","11":"first","12":"instock","13":"shipping-taxable","14":"product-type-simple"},"acf":[],"_links":{"self":[{"href":"https:\/\/olemosaic.com\/fr\/wp-json\/wp\/v2\/product\/36240","targetHints":{"allow":["GET"]}}],"collection":[{"href":"https:\/\/olemosaic.com\/fr\/wp-json\/wp\/v2\/product"}],"about":[{"href":"https:\/\/olemosaic.com\/fr\/wp-json\/wp\/v2\/types\/product"}],"wp:featuredmedia":[{"embeddable":true,"href":"https:\/\/olemosaic.com\/fr\/wp-json\/wp\/v2\/media\/14124"}],"wp:attachment":[{"href":"https:\/\/olemosaic.com\/fr\/wp-json\/wp\/v2\/media?parent=36240"}],"wp:term":[{"taxonomy":"product_brand","embeddable":true,"href":"https:\/\/olemosaic.com\/fr\/wp-json\/wp\/v2\/product_brand?post=36240"},{"taxonomy":"product_cat","embeddable":true,"href":"https:\/\/olemosaic.com\/fr\/wp-json\/wp\/v2\/product_cat?post=36240"},{"taxonomy":"product_tag","embeddable":true,"href":"https:\/\/olemosaic.com\/fr\/wp-json\/wp\/v2\/product_tag?post=36240"}],"curies":[{"name":"wp","href":"https:\/\/api.w.org\/{rel}","templated":true}]}}