{"id":36238,"date":"2025-02-20T23:38:12","date_gmt":"2025-02-20T22:38:12","guid":{"rendered":"http:\/\/olemosaic.com\/producto\/iman-de-resina-gato-mallorca-75-cm\/"},"modified":"2025-07-25T19:51:44","modified_gmt":"2025-07-25T17:51:44","slug":"aimant-resine-chat-majorque-7-5-cm","status":"publish","type":"product","link":"https:\/\/olemosaic.com\/fr\/produit\/aimant-resine-chat-majorque-7-5-cm\/","title":{"rendered":"Aimant en r\u00e9sine. Chat. Majorque. 7,5 cm."},"content":{"rendered":"<p>Aimant en r\u00e9sine avec un chat color\u00e9 de Majorque<\/p>\n<p>Cet charmant aimant en r\u00e9sine capture l&rsquo;essence vibrante de Majorque \u00e0 travers son design artistique et culturellement significatif. Avec sa taille de 7,5 cm, il pr\u00e9sente la figure d&rsquo;un chat, une repr\u00e9sentation traditionnelle qui \u00e9voque la curiosit\u00e9 et la joie de la vie m\u00e9diterran\u00e9enne. Le chat est d\u00e9cor\u00e9 d&rsquo;un motif de mosa\u00efque dans une explosion de tons bleus, rouges et jaunes qui \u00e9voquent l&rsquo;art c\u00e9ramique caract\u00e9ristique de l&rsquo;\u00eele. La base de l&rsquo;aimant est orn\u00e9e d&rsquo;un fond gris simulant une surface de mosa\u00efque, cr\u00e9ant un effet visuel captivant qui rappelle les techniques artisanales propres \u00e0 la r\u00e9gion.<\/p>\n<p>Le mot \u00ab\u00a0MALLORCA\u00a0\u00bb, imprim\u00e9 en couleurs brillantes, ajoute une touche distinctive et renforce le sentiment d&rsquo;appartenance culturelle du produit. Cet aimant n&rsquo;est pas seulement une d\u00e9coration fonctionnelle pour la maison, mais un authentique souvenir qui c\u00e9l\u00e8bre le riche h\u00e9ritage artistique de Majorque, en faisant un souvenir parfait pour les touristes qui cherchent \u00e0 emporter un morceau de l&rsquo;\u00eele. Chez Ol\u00e9 Mosaic, nous sommes des distributeurs de souvenirs authentiques, et cet aimant est une excellente option pour les boutiques de cadeaux touristiques souhaitant proposer des produits refl\u00e9tant la culture et l&rsquo;art local. Avec son m\u00e9lange de couleurs et de design, cet aimant de chat color\u00e9 est le cadeau id\u00e9al pour les amoureux de Majorque et de son vibrant patrimoine culturel.<\/p>\n","protected":false},"excerpt":{"rendered":"<p>Aimant avec la figure d&rsquo;un chat color\u00e9, un design typique de la culture majorquine. D&rsquo;une taille de 7,5 cm, cet aimant se distingue par son design de mosa\u00efque aux tons vibrants de bleu, rouge et jaune, \u00e9voquant l&rsquo;art et la tradition de l&rsquo;\u00eele. La figure du chat se dresse sur un fond gris avec des d\u00e9tails simulant une mosa\u00efque de c\u00e9ramique, ce qui en fait un souvenir attrayant capturant l&rsquo;essence m\u00e9diterran\u00e9enne. Le mot \u00ab\u00a0MALLORCA\u00a0\u00bb est imprim\u00e9 en couleurs, rehaussant son caract\u00e8re distinctif.<\/p>\n","protected":false},"featured_media":14122,"template":"","meta":{"_acf_changed":false},"product_brand":[],"product_cat":[697],"product_tag":[530],"class_list":{"0":"post-36238","1":"product","2":"type-product","3":"status-publish","4":"has-post-thumbnail","6":"product_cat-aimants","7":"product_tag-animaux","8":"pa_ciudad-mallorca","9":"pa_motivo-chats","10":"pa_pais-espana","12":"first","13":"instock","14":"shipping-taxable","15":"product-type-simple"},"acf":[],"_links":{"self":[{"href":"https:\/\/olemosaic.com\/fr\/wp-json\/wp\/v2\/product\/36238","targetHints":{"allow":["GET"]}}],"collection":[{"href":"https:\/\/olemosaic.com\/fr\/wp-json\/wp\/v2\/product"}],"about":[{"href":"https:\/\/olemosaic.com\/fr\/wp-json\/wp\/v2\/types\/product"}],"wp:featuredmedia":[{"embeddable":true,"href":"https:\/\/olemosaic.com\/fr\/wp-json\/wp\/v2\/media\/14122"}],"wp:attachment":[{"href":"https:\/\/olemosaic.com\/fr\/wp-json\/wp\/v2\/media?parent=36238"}],"wp:term":[{"taxonomy":"product_brand","embeddable":true,"href":"https:\/\/olemosaic.com\/fr\/wp-json\/wp\/v2\/product_brand?post=36238"},{"taxonomy":"product_cat","embeddable":true,"href":"https:\/\/olemosaic.com\/fr\/wp-json\/wp\/v2\/product_cat?post=36238"},{"taxonomy":"product_tag","embeddable":true,"href":"https:\/\/olemosaic.com\/fr\/wp-json\/wp\/v2\/product_tag?post=36238"}],"curies":[{"name":"wp","href":"https:\/\/api.w.org\/{rel}","templated":true}]}}