{"id":36237,"date":"2025-02-20T23:38:12","date_gmt":"2025-02-20T22:38:12","guid":{"rendered":"http:\/\/olemosaic.com\/producto\/iman-de-resina-camino-de-santiago-2\/"},"modified":"2025-07-25T20:08:20","modified_gmt":"2025-07-25T18:08:20","slug":"aimant-resine-chemin-compostelle-coquille-pelerin","status":"publish","type":"product","link":"https:\/\/olemosaic.com\/fr\/produit\/aimant-resine-chemin-compostelle-coquille-pelerin\/","title":{"rendered":"Aimant en r\u00e9sine. Chemin de Compostelle. Coquille de p\u00e8lerin."},"content":{"rendered":"<p>Aimant en r\u00e9sine du Chemin de Compostelle. Cet aimant color\u00e9 est une repr\u00e9sentation vive de l&#8217;embl\u00e9matique Chemin de Compostelle, capturant son essence dans une pi\u00e8ce fonctionnelle et d\u00e9corative. L&rsquo;illustration met en avant la majestueuse Cath\u00e9drale de Saint-Jacques-de-Compostelle, avec ses tours imposantes et ses d\u00e9tails architecturaux qui \u00e9voquent la riche histoire de ce monument class\u00e9 au Patrimoine de l&rsquo;Humanit\u00e9. Au premier plan, l&rsquo;iconique coquille du p\u00e8lerin symbolise la travers\u00e9e de milliers de marcheurs qui arrivent \u00e0 cette destination importante. Avec une palette de couleurs vibrantes, le design inclut \u00e9galement un paysage vert repr\u00e9sentant la beaut\u00e9 naturelle du parcours, compl\u00e9t\u00e9 par un soleil radieux qui illumine la sc\u00e8ne.<\/p>\n<p>De plus, l&rsquo;aimant pr\u00e9sente un p\u00e8lerin avec son b\u00e2ton et son sac \u00e0 dos, un \u00e9l\u00e9ment iconique qui refl\u00e8te l&rsquo;exp\u00e9rience spirituelle et personnelle du chemin. Avec le texte \u00ab\u00a0CAMINO DE SANTIAGO\u00a0\u00bb mis en avant en lettres frappantes, cette pi\u00e8ce est un authentique souvenir culturel qui c\u00e9l\u00e8bre la tradition du p\u00e8lerinage. Parfait comme souvenir de Saint-Jacques, cet aimant est une excellente id\u00e9e pour les touristes qui cherchent \u00e0 emporter un morceau de cette route significative. Chez Ol\u00e9 Mosaic, en tant que distributeurs de souvenirs en gros, nous proposons des produits qui repr\u00e9sentent l&rsquo;authenticit\u00e9 et la valeur culturelle de l&rsquo;Espagne, ce qui le rend id\u00e9al pour les boutiques de cadeaux touristiques \u00e0 la recherche d&rsquo;articles uniques et repr\u00e9sentatifs.<\/p>\n","protected":false},"excerpt":{"rendered":"<p>Aimant repr\u00e9sentant le c\u00e9l\u00e8bre Chemin de Compostelle. Cet aimant color\u00e9 capture l&rsquo;essence de la route, avec des illustrations iconiques comme la Cath\u00e9drale de Saint-Jacques et le symbole traditionnel du p\u00e8lerin, orn\u00e9 de la coquille. Les couleurs vibrantes et le design d\u00e9taill\u00e9 en font un souvenir parfait, id\u00e9al pour les amoureux de la culture et du patrimoine espagnol. Un article d\u00e9coratif qui apporte une touche d&rsquo;histoire et d&rsquo;aventure \u00e0 n&rsquo;importe quel r\u00e9frig\u00e9rateur.<\/p>\n","protected":false},"featured_media":14121,"template":"","meta":{"_acf_changed":false},"product_brand":[],"product_cat":[697],"product_tag":[],"class_list":{"0":"post-36237","1":"product","2":"type-product","3":"status-publish","4":"has-post-thumbnail","6":"product_cat-aimants","7":"pa_ciudad-santiago-de-compostela","8":"pa_pais-espana","10":"first","11":"instock","12":"shipping-taxable","13":"product-type-simple"},"acf":[],"_links":{"self":[{"href":"https:\/\/olemosaic.com\/fr\/wp-json\/wp\/v2\/product\/36237","targetHints":{"allow":["GET"]}}],"collection":[{"href":"https:\/\/olemosaic.com\/fr\/wp-json\/wp\/v2\/product"}],"about":[{"href":"https:\/\/olemosaic.com\/fr\/wp-json\/wp\/v2\/types\/product"}],"wp:featuredmedia":[{"embeddable":true,"href":"https:\/\/olemosaic.com\/fr\/wp-json\/wp\/v2\/media\/14121"}],"wp:attachment":[{"href":"https:\/\/olemosaic.com\/fr\/wp-json\/wp\/v2\/media?parent=36237"}],"wp:term":[{"taxonomy":"product_brand","embeddable":true,"href":"https:\/\/olemosaic.com\/fr\/wp-json\/wp\/v2\/product_brand?post=36237"},{"taxonomy":"product_cat","embeddable":true,"href":"https:\/\/olemosaic.com\/fr\/wp-json\/wp\/v2\/product_cat?post=36237"},{"taxonomy":"product_tag","embeddable":true,"href":"https:\/\/olemosaic.com\/fr\/wp-json\/wp\/v2\/product_tag?post=36237"}],"curies":[{"name":"wp","href":"https:\/\/api.w.org\/{rel}","templated":true}]}}