{"id":36235,"date":"2025-02-20T23:38:11","date_gmt":"2025-02-20T22:38:11","guid":{"rendered":"http:\/\/olemosaic.com\/producto\/iman-de-resina-toro-alicante-75-cm\/"},"modified":"2025-07-25T18:42:58","modified_gmt":"2025-07-25T16:42:58","slug":"aimant-resine-taureau-alicante-7-5-cm","status":"publish","type":"product","link":"https:\/\/olemosaic.com\/fr\/produit\/aimant-resine-taureau-alicante-7-5-cm\/","title":{"rendered":"Aimant en r\u00e9sine. Taureau. Alicante. 7,5 cm."},"content":{"rendered":"<p>Cet aimant en r\u00e9sine, repr\u00e9sentant deux taureaux, est un charmant souvenir d&rsquo;Alicante qui capture l&rsquo;essence vibrante de la culture espagnole. Avec des dimensions de 7,5 cm, cet aimant attrayant se distingue par son design color\u00e9 en forme de mosa\u00efque, utilisant une palette de tons vibrants tels que le bleu, le rouge, le vert et le jaune. Les taureaux, symboles embl\u00e9matiques de la r\u00e9gion, sont m\u00e9ticuleusement orn\u00e9s d&rsquo;yeux expressifs, ce qui ajoute une touche de dynamisme \u00e0 la pi\u00e8ce et \u00e9voque la force et le caract\u00e8re de la f\u00eate taurine. Le mot \u00ab\u00a0Alicante\u00a0\u00bb appara\u00eet dans une police frappante et multicolore qui compl\u00e8te parfaitement cette pi\u00e8ce d\u00e9corative, invitant chacun \u00e0 c\u00e9l\u00e9brer l&rsquo;h\u00e9ritage culturel de la ville.<\/p>\n<p>Cet aimant ne sert pas seulement de souvenir fonctionnel et attrayant, mais agit \u00e9galement comme un t\u00e9moignage des traditions locales, telles que les f\u00eates et les corridas, qui ont jou\u00e9 un r\u00f4le significatif dans l&rsquo;histoire d&rsquo;Alicante. Chez Ol\u00e9 Mosaic, nous nous sp\u00e9cialisons dans la distribution de souvenirs en gros, offrant des produits authentiques qui refl\u00e8tent la riche culture espagnole. Cet aimant de taureaux est une excellente option pour les boutiques de cadeaux touristiques \u00e0 la recherche d&rsquo;articles distinctifs et repr\u00e9sentatifs, ce qui en fait le souvenir parfait pour les touristes et les collectionneurs.<\/p>\n","protected":false},"excerpt":{"rendered":"<p>Aimant repr\u00e9sentant deux taureaux, un symbole embl\u00e9matique d&rsquo;Alicante. Cet aimant attrayant de 7,5 cm se distingue par son design color\u00e9 en forme de mosa\u00efque, avec des tons vibrants comme le bleu, le rouge, le vert et le jaune. Les taureaux sont orn\u00e9s d&rsquo;yeux expressifs, ajoutant du dynamisme \u00e0 la pi\u00e8ce. Le mot \u00ab\u00a0Alicante\u00a0\u00bb appara\u00eet dans une typographie frappante et multicolore, compl\u00e9tant parfaitement cette pi\u00e8ce d\u00e9corative avec une touche culturelle.<\/p>\n","protected":false},"featured_media":14119,"template":"","meta":{"_acf_changed":false},"product_brand":[],"product_cat":[697],"product_tag":[530],"class_list":{"0":"post-36235","1":"product","2":"type-product","3":"status-publish","4":"has-post-thumbnail","6":"product_cat-aimants","7":"product_tag-animaux","8":"pa_ciudad-alicante","9":"pa_motivo-taureaux","10":"pa_pais-espana","12":"first","13":"instock","14":"shipping-taxable","15":"product-type-simple"},"acf":[],"_links":{"self":[{"href":"https:\/\/olemosaic.com\/fr\/wp-json\/wp\/v2\/product\/36235","targetHints":{"allow":["GET"]}}],"collection":[{"href":"https:\/\/olemosaic.com\/fr\/wp-json\/wp\/v2\/product"}],"about":[{"href":"https:\/\/olemosaic.com\/fr\/wp-json\/wp\/v2\/types\/product"}],"wp:featuredmedia":[{"embeddable":true,"href":"https:\/\/olemosaic.com\/fr\/wp-json\/wp\/v2\/media\/14119"}],"wp:attachment":[{"href":"https:\/\/olemosaic.com\/fr\/wp-json\/wp\/v2\/media?parent=36235"}],"wp:term":[{"taxonomy":"product_brand","embeddable":true,"href":"https:\/\/olemosaic.com\/fr\/wp-json\/wp\/v2\/product_brand?post=36235"},{"taxonomy":"product_cat","embeddable":true,"href":"https:\/\/olemosaic.com\/fr\/wp-json\/wp\/v2\/product_cat?post=36235"},{"taxonomy":"product_tag","embeddable":true,"href":"https:\/\/olemosaic.com\/fr\/wp-json\/wp\/v2\/product_tag?post=36235"}],"curies":[{"name":"wp","href":"https:\/\/api.w.org\/{rel}","templated":true}]}}