{"id":36234,"date":"2025-02-20T23:38:11","date_gmt":"2025-02-20T22:38:11","guid":{"rendered":"http:\/\/olemosaic.com\/producto\/iman-de-resina-patio-marbella\/"},"modified":"2025-07-25T18:37:31","modified_gmt":"2025-07-25T16:37:31","slug":"aimant-resine-patio-marbella","status":"publish","type":"product","link":"https:\/\/olemosaic.com\/fr\/produit\/aimant-resine-patio-marbella\/","title":{"rendered":"Aimant en r\u00e9sine. Patio. Marbella."},"content":{"rendered":"<p>Cet aimant en r\u00e9sine capture l&rsquo;essence de l&rsquo;ambiance vibrante de Marbella, devenant un authentique souvenir qui enchante les visiteurs. Con\u00e7u avec une repr\u00e9sentation color\u00e9e et d\u00e9taill\u00e9e d&rsquo;un patio andalou typique, l&rsquo;aimant montre deux danseurs de flamenco : l&rsquo;un avec un costume rouge \u00e0 pois frappant, symbole de la passion de cet art, et l&rsquo;autre en tenue traditionnelle, reflet du riche h\u00e9ritage culturel de la r\u00e9gion.<\/p>\n<p>Le fond de l&rsquo;aimant pr\u00e9sente une charmante mosa\u00efque qui \u00e9voque les rues pav\u00e9es traditionnelles d&rsquo;Andalousie, orn\u00e9e de pots de fleurs vibrants qui apportent une touche de fra\u00eecheur. \u00c0 c\u00f4t\u00e9 d&rsquo;eux, une guitare et des lanternes \u00e9voquent la musique et l&rsquo;ambiance festive caract\u00e9ristiques de la zone. Le nom \u00ab\u00a0MARBELLA\u00a0\u00bb se d\u00e9tache dans une typographie joyeuse, soulignant la chaleur et le charme de cette ville embl\u00e9matique.<\/p>\n<p>Cet aimant n&rsquo;est pas seulement un souvenir d\u00e9coratif, mais un morceau de la culture andalouse que les touristes peuvent emporter chez eux, se rem\u00e9morant leurs exp\u00e9riences \u00e0 Marbella. Chez Ol\u00e9 Mosaic, nous proposons une excellente s\u00e9lection de souvenirs authentiques, et cet aimant en r\u00e9sine est un choix parfait pour les boutiques de cadeaux touristiques \u00e0 la recherche de produits qui encapsulent la richesse culturelle du sud de l&rsquo;Espagne. Avec sa qualit\u00e9 et son attrait visuel, c&rsquo;est un magnifique repr\u00e9sentant des souvenirs de Marbella.<\/p>\n","protected":false},"excerpt":{"rendered":"<p>Aimant repr\u00e9sentant un patio andalou vibrant \u00e0 Marbella. Le design inclut les figures de deux danseurs de flamenco, l&rsquo;un avec un costume \u00e0 pois rouge frappant, et l&rsquo;autre en tenue traditionnelle. La sc\u00e8ne est compl\u00e9t\u00e9e par des pots remplis de fleurs, une guitare et des lanternes, le tout encadr\u00e9 par des carreaux color\u00e9s. Le texte \u00ab\u00a0MARBELLA\u00a0\u00bb se d\u00e9tache avec une typographie joyeuse, capturant l&rsquo;essence culturelle de la r\u00e9gion.<\/p>\n","protected":false},"featured_media":14118,"template":"","meta":{"_acf_changed":false},"product_brand":[],"product_cat":[697],"product_tag":[],"class_list":{"0":"post-36234","1":"product","2":"type-product","3":"status-publish","4":"has-post-thumbnail","6":"product_cat-aimants","7":"pa_ciudad-marbella","8":"pa_motivo-cours-interieures","9":"pa_pais-espana","11":"first","12":"instock","13":"shipping-taxable","14":"product-type-simple"},"acf":[],"_links":{"self":[{"href":"https:\/\/olemosaic.com\/fr\/wp-json\/wp\/v2\/product\/36234","targetHints":{"allow":["GET"]}}],"collection":[{"href":"https:\/\/olemosaic.com\/fr\/wp-json\/wp\/v2\/product"}],"about":[{"href":"https:\/\/olemosaic.com\/fr\/wp-json\/wp\/v2\/types\/product"}],"wp:featuredmedia":[{"embeddable":true,"href":"https:\/\/olemosaic.com\/fr\/wp-json\/wp\/v2\/media\/14118"}],"wp:attachment":[{"href":"https:\/\/olemosaic.com\/fr\/wp-json\/wp\/v2\/media?parent=36234"}],"wp:term":[{"taxonomy":"product_brand","embeddable":true,"href":"https:\/\/olemosaic.com\/fr\/wp-json\/wp\/v2\/product_brand?post=36234"},{"taxonomy":"product_cat","embeddable":true,"href":"https:\/\/olemosaic.com\/fr\/wp-json\/wp\/v2\/product_cat?post=36234"},{"taxonomy":"product_tag","embeddable":true,"href":"https:\/\/olemosaic.com\/fr\/wp-json\/wp\/v2\/product_tag?post=36234"}],"curies":[{"name":"wp","href":"https:\/\/api.w.org\/{rel}","templated":true}]}}