{"id":36213,"date":"2025-02-20T23:38:11","date_gmt":"2025-02-20T22:38:11","guid":{"rendered":"http:\/\/olemosaic.com\/producto\/iman-de-resina-toro-mojacar-75-cm\/"},"modified":"2025-07-25T19:08:01","modified_gmt":"2025-07-25T17:08:01","slug":"aimant-resine-taureau-mojacar-7-5-cm","status":"publish","type":"product","link":"https:\/\/olemosaic.com\/fr\/produit\/aimant-resine-taureau-mojacar-7-5-cm\/","title":{"rendered":"Aimant en r\u00e9sine. Taureau. Moj\u00e1car. 7,5 cm."},"content":{"rendered":"<p>Cet aimant en r\u00e9sine, repr\u00e9sentant un design vibrant de deux taureaux, est un souvenir authentique de Moj\u00e1car, id\u00e9al pour ceux qui souhaitent emporter un petit morceau de la riche culture andalouse. Mesurant 7,5 cm, cet aimant se distingue par sa finition color\u00e9e dans des tons de bleu, rouge et vert, qui donnent vie \u00e0 la repr\u00e9sentation des taureaux \u00e0 travers des formes g\u00e9om\u00e9triques, \u00e9voquant l&rsquo;art traditionnel vari\u00e9 de la r\u00e9gion. La fusion de ces couleurs symbolise \u00e9galement la passion et la force que les taureaux repr\u00e9sentent dans la culture espagnole, th\u00e8mes r\u00e9currents des f\u00eates et c\u00e9l\u00e9brations locales.<\/p>\n<p>Ce produit n&rsquo;est pas seulement fonctionnel pour orner le r\u00e9frig\u00e9rateur ou toute surface m\u00e9tallique, mais il devient \u00e9galement une pi\u00e8ce d\u00e9corative qui capte l&rsquo;essence de la vie \u00e0 Moj\u00e1car. La repr\u00e9sentation des taureaux est embl\u00e9matique de la culture espagnole, et cet aimant se dresse comme un t\u00e9moignage de la tradition entourant ce noble animal. Chez Ol\u00e9 Mosaic, nous sommes fiers d&rsquo;\u00eatre des distributeurs de souvenirs authentiques, et cet aimant de taureaux est une excellente option pour les touristes \u00e0 la recherche de souvenirs repr\u00e9sentatifs de leurs voyages. En tant que grossistes de souvenirs, nous proposons des produits qui se distinguent par leur originalit\u00e9 et leur lien culturel, parfaits pour les boutiques de cadeaux touristiques \u00e0 la recherche d&rsquo;articles uniques.<\/p>\n","protected":false},"excerpt":{"rendered":"<p>Aimant avec un design vibrant de deux taureaux, inspir\u00e9 de la tradition espagnole, parfait pour se souvenir de Moj\u00e1car. Avec une finition color\u00e9e dans des tons de bleu, rouge et vert, chaque taureau pr\u00e9sente des formes g\u00e9om\u00e9triques \u00e9voquant l&rsquo;art andalou. Ce produit, qui mesure 7,5 cm, est id\u00e9al pour d\u00e9corer votre r\u00e9frig\u00e9rateur ou toute surface m\u00e9tallique, et se distingue tant par son originalit\u00e9 que par son lien avec la culture locale.<\/p>\n","protected":false},"featured_media":14117,"template":"","meta":{"_acf_changed":false},"product_brand":[],"product_cat":[697],"product_tag":[530],"class_list":{"0":"post-36213","1":"product","2":"type-product","3":"status-publish","4":"has-post-thumbnail","6":"product_cat-aimants","7":"product_tag-animaux","8":"pa_ciudad-mojacar","9":"pa_motivo-taureaux","10":"pa_pais-espana","12":"first","13":"instock","14":"shipping-taxable","15":"product-type-simple"},"acf":[],"_links":{"self":[{"href":"https:\/\/olemosaic.com\/fr\/wp-json\/wp\/v2\/product\/36213","targetHints":{"allow":["GET"]}}],"collection":[{"href":"https:\/\/olemosaic.com\/fr\/wp-json\/wp\/v2\/product"}],"about":[{"href":"https:\/\/olemosaic.com\/fr\/wp-json\/wp\/v2\/types\/product"}],"wp:featuredmedia":[{"embeddable":true,"href":"https:\/\/olemosaic.com\/fr\/wp-json\/wp\/v2\/media\/14117"}],"wp:attachment":[{"href":"https:\/\/olemosaic.com\/fr\/wp-json\/wp\/v2\/media?parent=36213"}],"wp:term":[{"taxonomy":"product_brand","embeddable":true,"href":"https:\/\/olemosaic.com\/fr\/wp-json\/wp\/v2\/product_brand?post=36213"},{"taxonomy":"product_cat","embeddable":true,"href":"https:\/\/olemosaic.com\/fr\/wp-json\/wp\/v2\/product_cat?post=36213"},{"taxonomy":"product_tag","embeddable":true,"href":"https:\/\/olemosaic.com\/fr\/wp-json\/wp\/v2\/product_tag?post=36213"}],"curies":[{"name":"wp","href":"https:\/\/api.w.org\/{rel}","templated":true}]}}