{"id":36212,"date":"2025-02-20T23:38:11","date_gmt":"2025-02-20T22:38:11","guid":{"rendered":"http:\/\/olemosaic.com\/producto\/iman-de-resina-toros-marbella\/"},"modified":"2025-07-25T18:42:03","modified_gmt":"2025-07-25T16:42:03","slug":"aimant-resine-taureaux-marbella","status":"publish","type":"product","link":"https:\/\/olemosaic.com\/fr\/produit\/aimant-resine-taureaux-marbella\/","title":{"rendered":"Aimant en r\u00e9sine. Taureaux. Marbella."},"content":{"rendered":"<p>Cet aimant en r\u00e9sine de Marbella est une repr\u00e9sentation vibrante et color\u00e9e qui encapsule l&rsquo;essence du folklore andalou. Avec un design inspir\u00e9 de l&rsquo;art de la mosa\u00efque, il pr\u00e9sente un taureau, symbole iconique de la tradition espagnole, accompagn\u00e9 d&rsquo;un soleil radieux et de magnifiques fleurs rouges qui ornent le paysage. L&rsquo;illustration se distingue par sa palette de couleurs \u00e9clatantes et sa finition brillante, ce qui lui conf\u00e8re un aspect attrayant et joyeux.<\/p>\n<p>Le taureau, pr\u00e9sent\u00e9 dans une vari\u00e9t\u00e9 de nuances allant du vert au bleu, symbolise la force et la passion du caract\u00e8re andalou, tandis que les fleurs rouges ajoutent une touche de fra\u00eecheur et de gaiet\u00e9. Le fond, avec un design en mosa\u00efque dans des tons gris et blancs, souligne la richesse culturelle de Marbella et son lien avec l&rsquo;art traditionnel de la r\u00e9gion.<\/p>\n<p>Cet aimant est un excellent souvenir pour les touristes \u00e0 la recherche d&rsquo;une pi\u00e8ce authentique de la Costa del Sol, id\u00e9al pour les collectionneurs ou comme cadeau. Chez Ol\u00e9 Mosaic, nous proposons des souvenirs en r\u00e9sine qui capturent la singularit\u00e9 de chaque destination, garantissant authenticit\u00e9 et qualit\u00e9 pour les boutiques de cadeaux touristiques. Cet aimant de Marbella est un ajout parfait \u00e0 toute collection de souvenirs, apportant un petit morceau de la beaut\u00e9 andalouse dans chaque foyer.<\/p>\n","protected":false},"excerpt":{"rendered":"<p>Aimant repr\u00e9sentant l&rsquo;essence de Marbella avec un design vibrant de taureau. Cet aimant pr\u00e9sente une illustration color\u00e9e inspir\u00e9e de l&rsquo;art de la mosa\u00efque, avec un soleil radieux et des fleurs rouges au premier plan. Avec sa forme distinctive et sa finition brillante, il capture la beaut\u00e9 culturelle et le folklore andalou, devenant un souvenir parfait de la Costa del Sol. Id\u00e9al pour les collectionneurs ou comme cadeau.<\/p>\n","protected":false},"featured_media":14116,"template":"","meta":{"_acf_changed":false},"product_brand":[],"product_cat":[697],"product_tag":[530],"class_list":{"0":"post-36212","1":"product","2":"type-product","3":"status-publish","4":"has-post-thumbnail","6":"product_cat-aimants","7":"product_tag-animaux","8":"pa_ciudad-marbella","9":"pa_motivo-taureaux","10":"pa_pais-espana","12":"first","13":"instock","14":"shipping-taxable","15":"product-type-simple"},"acf":[],"_links":{"self":[{"href":"https:\/\/olemosaic.com\/fr\/wp-json\/wp\/v2\/product\/36212","targetHints":{"allow":["GET"]}}],"collection":[{"href":"https:\/\/olemosaic.com\/fr\/wp-json\/wp\/v2\/product"}],"about":[{"href":"https:\/\/olemosaic.com\/fr\/wp-json\/wp\/v2\/types\/product"}],"wp:featuredmedia":[{"embeddable":true,"href":"https:\/\/olemosaic.com\/fr\/wp-json\/wp\/v2\/media\/14116"}],"wp:attachment":[{"href":"https:\/\/olemosaic.com\/fr\/wp-json\/wp\/v2\/media?parent=36212"}],"wp:term":[{"taxonomy":"product_brand","embeddable":true,"href":"https:\/\/olemosaic.com\/fr\/wp-json\/wp\/v2\/product_brand?post=36212"},{"taxonomy":"product_cat","embeddable":true,"href":"https:\/\/olemosaic.com\/fr\/wp-json\/wp\/v2\/product_cat?post=36212"},{"taxonomy":"product_tag","embeddable":true,"href":"https:\/\/olemosaic.com\/fr\/wp-json\/wp\/v2\/product_tag?post=36212"}],"curies":[{"name":"wp","href":"https:\/\/api.w.org\/{rel}","templated":true}]}}