{"id":36210,"date":"2025-02-20T23:38:10","date_gmt":"2025-02-20T22:38:10","guid":{"rendered":"http:\/\/olemosaic.com\/producto\/iman-de-resina-salamandra-y-flores-lanzarote-75-cm\/"},"modified":"2025-07-25T18:41:42","modified_gmt":"2025-07-25T16:41:42","slug":"aimant-resine-salamandre-fleurs-lanzarote-7-5-cm","status":"publish","type":"product","link":"https:\/\/olemosaic.com\/fr\/produit\/aimant-resine-salamandre-fleurs-lanzarote-7-5-cm\/","title":{"rendered":"Aimant en r\u00e9sine. Salamandre et fleurs. Lanzarote. 7,5 cm."},"content":{"rendered":"<p>Aimant en r\u00e9sine avec deux salamandres. Lanzarote. Fleurs color\u00e9es. Design artistique.<\/p>\n<p>Cet charmant aimant en r\u00e9sine de 7,5 cm capture l&rsquo;essence vibrante de Lanzarote \u00e0 travers un design pr\u00e9sentant deux salamandres entour\u00e9es de fleurs color\u00e9es. Chaque d\u00e9tail a \u00e9t\u00e9 m\u00e9ticuleusement con\u00e7u dans un style artistique \u00e9voquant les traditions locales. Les salamandres, repr\u00e9sent\u00e9es dans des tons vibrants de bleu et de rouge, \u00e9voquent la riche faune et flore de l&rsquo;\u00eele canarienne, tandis que le fond, parsem\u00e9 de fleurs jaunes et vertes, fait allusion \u00e0 la nature exub\u00e9rante de Lanzarote.<\/p>\n<p>Le mot \u00ab\u00a0Lanzarote\u00a0\u00bb appara\u00eet en grandes lettres color\u00e9es, faisant de cet aimant un souvenir attrayant qui se d\u00e9marque sur n&rsquo;importe quel r\u00e9frig\u00e9rateur ou surface m\u00e9tallique. De plus, la finition en mosa\u00efque ajoute une touche artistique qui rehausse sa valeur en tant que souvenir. Cet aimant n&rsquo;est pas seulement un objet d\u00e9coratif, mais aussi un symbole du lien culturel de Lanzarote, o\u00f9 la nature et l&rsquo;art s&rsquo;entrelacent dans chaque recoin de l&rsquo;\u00eele.<\/p>\n<p>Chez Ol\u00e9 Mosaic, en tant que distributeurs de souvenirs en gros, cet aimant de salamandres repr\u00e9sente une option id\u00e9ale pour les boutiques de cadeaux touristiques cherchant \u00e0 offrir des produits authentiques et attrayants. Avec son design unique et sa pertinence culturelle, c&rsquo;est le souvenir parfait pour ceux qui souhaitent ramener un petit bout de Lanzarote chez eux.<\/p>\n","protected":false},"excerpt":{"rendered":"<p>Aimant repr\u00e9sentant deux salamandres entour\u00e9es de fleurs color\u00e9es, inspir\u00e9 par l&rsquo;esth\u00e9tique vibrante de Lanzarote. Cet aimant de 7,5 cm pr\u00e9sente un design artistique avec des d\u00e9tails en mosa\u00efque, combinant des tons brillants de bleu, rouge et jaune qui \u00e9voquent la flore locale. Le mot \u00ab\u00a0Lanzarote\u00a0\u00bb se distingue en grandes lettres color\u00e9es, offrant un magnifique souvenir de l&rsquo;\u00eele canarienne et de sa nature unique, id\u00e9al pour la d\u00e9coration ou les collections.<\/p>\n","protected":false},"featured_media":14114,"template":"","meta":{"_acf_changed":false},"product_brand":[],"product_cat":[697],"product_tag":[530],"class_list":{"0":"post-36210","1":"product","2":"type-product","3":"status-publish","4":"has-post-thumbnail","6":"product_cat-aimants","7":"product_tag-animaux","8":"pa_ciudad-lanzarote","9":"pa_motivo-salamandres","10":"pa_pais-espana","12":"first","13":"instock","14":"shipping-taxable","15":"product-type-simple"},"acf":[],"_links":{"self":[{"href":"https:\/\/olemosaic.com\/fr\/wp-json\/wp\/v2\/product\/36210","targetHints":{"allow":["GET"]}}],"collection":[{"href":"https:\/\/olemosaic.com\/fr\/wp-json\/wp\/v2\/product"}],"about":[{"href":"https:\/\/olemosaic.com\/fr\/wp-json\/wp\/v2\/types\/product"}],"wp:featuredmedia":[{"embeddable":true,"href":"https:\/\/olemosaic.com\/fr\/wp-json\/wp\/v2\/media\/14114"}],"wp:attachment":[{"href":"https:\/\/olemosaic.com\/fr\/wp-json\/wp\/v2\/media?parent=36210"}],"wp:term":[{"taxonomy":"product_brand","embeddable":true,"href":"https:\/\/olemosaic.com\/fr\/wp-json\/wp\/v2\/product_brand?post=36210"},{"taxonomy":"product_cat","embeddable":true,"href":"https:\/\/olemosaic.com\/fr\/wp-json\/wp\/v2\/product_cat?post=36210"},{"taxonomy":"product_tag","embeddable":true,"href":"https:\/\/olemosaic.com\/fr\/wp-json\/wp\/v2\/product_tag?post=36210"}],"curies":[{"name":"wp","href":"https:\/\/api.w.org\/{rel}","templated":true}]}}