{"id":36198,"date":"2025-02-20T23:38:10","date_gmt":"2025-02-20T22:38:10","guid":{"rendered":"http:\/\/olemosaic.com\/producto\/iman-de-resina-panoramica-barcelona-21\/"},"modified":"2025-07-25T20:39:34","modified_gmt":"2025-07-25T18:39:34","slug":"aimant-resine-panoramique-barcelone-21","status":"publish","type":"product","link":"https:\/\/olemosaic.com\/fr\/produit\/aimant-resine-panoramique-barcelone-21\/","title":{"rendered":"Aimant en r\u00e9sine. Panoramique. Sagrada Familia, Parc G\u00fcell et La Pedrera. Barcelone."},"content":{"rendered":"<p>Cet aimant en r\u00e9sine offre une vue panoramique vibrante de Barcelone, capturant l&rsquo;essence de la ville \u00e0 travers ses \u0153uvres architecturales embl\u00e9matiques. Con\u00e7u avec une technique de mosa\u00efque color\u00e9e, il pr\u00e9sente l&rsquo;iconique Sagrada Familia, avec ses tours \u00e9lev\u00e9es symbolisant la vision innovante d&rsquo;Antoni Gaud\u00ed. \u00c0 ses c\u00f4t\u00e9s, le Parc G\u00fcell s&rsquo;affiche avec ses formes organiques et ses carreaux brillants, compl\u00e9t\u00e9 par les chemin\u00e9es caract\u00e9ristiques de La Pedrera, qui \u00e9mergent avec leur esth\u00e9tique distinctive. L&rsquo;inscription \u00ab\u00a0Barcelona\u00a0\u00bb, r\u00e9alis\u00e9e avec des lettres multicolores, ajoute une touche joyeuse et festive, \u00e9voquant la diversit\u00e9 et l&rsquo;\u00e9nergie de cette m\u00e9tropole m\u00e9diterran\u00e9enne. Un soleil radieux dans la partie sup\u00e9rieure compl\u00e8te la sc\u00e8ne, rappelant le climat chaud et accueillant qui caract\u00e9rise la r\u00e9gion.<\/p>\n<p>Cet aimant n&rsquo;est pas seulement un souvenir id\u00e9al pour ceux qui souhaitent emporter un rappel repr\u00e9sentatif de la ville, il encapsule \u00e9galement le riche h\u00e9ritage culturel de Barcelone, devenant un objet d\u00e9coratif attrayant pour n&rsquo;importe quel foyer. Chez Ol\u00e9 Mosaic, nous sommes fiers de proposer des produits authentiques et de qualit\u00e9, et cet aimant de Barcelone est une excellente option pour les boutiques de cadeaux touristiques cherchant des souvenirs embl\u00e9matiques qui c\u00e9l\u00e8brent la beaut\u00e9 et l&rsquo;art de la ville. En tant que distributeur de souvenirs en gros, nous garantissons que nos produits capturent l&rsquo;essence des destinations de mani\u00e8re authentique et vibrante.<\/p>\n","protected":false},"excerpt":{"rendered":"<p>Aimant montrant un panorama color\u00e9 de Barcelone, mettant en avant l&rsquo;\u0153uvre embl\u00e9matique de Gaud\u00ed. Avec un design vibrant, il inclut des \u00e9l\u00e9ments iconiques tels que la Sagrada Familia, le Parc G\u00fcell et les tours de La Pedrera, tous recr\u00e9\u00e9s dans un style mosa\u00efque. L&rsquo;inscription \u00ab\u00a0Barcelona\u00a0\u00bb en lettres multicolores ajoute une touche joyeuse, tandis qu&rsquo;un soleil brillant appara\u00eet en haut, \u00e9voquant la chaleur du paysage m\u00e9diterran\u00e9en. Id\u00e9al pour se souvenir de la beaut\u00e9 de cette ville.<\/p>\n","protected":false},"featured_media":14112,"template":"","meta":{"_acf_changed":false},"product_brand":[],"product_cat":[697],"product_tag":[],"class_list":{"0":"post-36198","1":"product","2":"type-product","3":"status-publish","4":"has-post-thumbnail","6":"product_cat-aimants","7":"pa_ciudad-barcelona","8":"pa_motivo-panoramas","9":"pa_pais-espana","11":"first","12":"instock","13":"shipping-taxable","14":"product-type-simple"},"acf":[],"_links":{"self":[{"href":"https:\/\/olemosaic.com\/fr\/wp-json\/wp\/v2\/product\/36198","targetHints":{"allow":["GET"]}}],"collection":[{"href":"https:\/\/olemosaic.com\/fr\/wp-json\/wp\/v2\/product"}],"about":[{"href":"https:\/\/olemosaic.com\/fr\/wp-json\/wp\/v2\/types\/product"}],"wp:featuredmedia":[{"embeddable":true,"href":"https:\/\/olemosaic.com\/fr\/wp-json\/wp\/v2\/media\/14112"}],"wp:attachment":[{"href":"https:\/\/olemosaic.com\/fr\/wp-json\/wp\/v2\/media?parent=36198"}],"wp:term":[{"taxonomy":"product_brand","embeddable":true,"href":"https:\/\/olemosaic.com\/fr\/wp-json\/wp\/v2\/product_brand?post=36198"},{"taxonomy":"product_cat","embeddable":true,"href":"https:\/\/olemosaic.com\/fr\/wp-json\/wp\/v2\/product_cat?post=36198"},{"taxonomy":"product_tag","embeddable":true,"href":"https:\/\/olemosaic.com\/fr\/wp-json\/wp\/v2\/product_tag?post=36198"}],"curies":[{"name":"wp","href":"https:\/\/api.w.org\/{rel}","templated":true}]}}