{"id":36197,"date":"2025-02-20T23:38:10","date_gmt":"2025-02-20T22:38:10","guid":{"rendered":"http:\/\/olemosaic.com\/producto\/iman-de-resina-salamandra-y-flores-alicante\/"},"modified":"2025-07-25T18:42:59","modified_gmt":"2025-07-25T16:42:59","slug":"aimant-resine-salamandre-fleurs-alicante","status":"publish","type":"product","link":"https:\/\/olemosaic.com\/fr\/produit\/aimant-resine-salamandre-fleurs-alicante\/","title":{"rendered":"Aimant en r\u00e9sine. Salamandre et fleurs. C\u00e9ramique d&rsquo;Alicante. Alicante."},"content":{"rendered":"<p>Cet aimant en r\u00e9sine d&rsquo;Alicante pr\u00e9sente une illustration color\u00e9e qui capture l&rsquo;essence vibrante de cette belle ville du sud-est de l&rsquo;Espagne. Orn\u00e9 d&rsquo;un design artistique \u00e9voquant la tradition de la mosa\u00efque, il montre deux salamandres dans des tons rouges et verts, entour\u00e9es de fleurs \u00e9clatantes bleues et jaunes sur un fond simulant la c\u00e9ramique d\u00e9corative. Le mot \u00ab\u00a0ALICANTE\u00a0\u00bb se d\u00e9tache en lettres brillantes, transformant cet objet en un v\u00e9ritable souvenir culturel.<\/p>\n<p>L&rsquo;utilisation de couleurs vives et de d\u00e9tails brillants cr\u00e9e une pi\u00e8ce qui n&rsquo;est pas seulement fonctionnelle, mais qui agit \u00e9galement comme un \u00e9l\u00e9ment d\u00e9coratif attrayant pour tout r\u00e9frig\u00e9rateur ou surface m\u00e9tallique. Cet aimant refl\u00e8te la riche biodiversit\u00e9 de la r\u00e9gion, o\u00f9 les salamandres sont un symbole de vie et de nature, li\u00e9es aux paysages m\u00e9diterran\u00e9ens d&rsquo;Alicante.<\/p>\n<p>En tant que souvenir d&rsquo;Alicante, cet aimant est non seulement un cadeau parfait pour les touristes \u00e0 la recherche d&rsquo;une repr\u00e9sentation authentique de la ville, mais aussi une pi\u00e8ce qui souligne la valeur culturelle et artistique de la mosa\u00efque, c\u00e9l\u00e8bre dans des \u0153uvres telles que celles qui ornent la Plaza de los Luceros. Chez Ol\u00e9 Mosaic, nous proposons ce charmant aimant en r\u00e9sine dans le cadre de notre collection exclusive de souvenirs en gros, id\u00e9al pour les boutiques de cadeaux touristiques recherchant des produits authentiques et repr\u00e9sentatifs qui connectent les visiteurs \u00e0 la culture locale d&rsquo;Alicante.<\/p>\n","protected":false},"excerpt":{"rendered":"<p>Aimant avec une illustration color\u00e9e de salamandres et de fleurs, con\u00e7u dans un style vibrant \u00e9voquant la tradition de la mosa\u00efque d&rsquo;Alicante. Cet aimant attrayant, orn\u00e9 de d\u00e9tails rouges, verts et bleus, inclut le mot \u00ab\u00a0ALICANTE\u00a0\u00bb en lettres frappantes, sur un fond simulant la c\u00e9ramique d\u00e9corative. Sa finition brillante et ses couleurs vives en font un objet id\u00e9al pour se souvenir de la beaut\u00e9 du sud-est espagnol.<\/p>\n","protected":false},"featured_media":14111,"template":"","meta":{"_acf_changed":false},"product_brand":[],"product_cat":[697],"product_tag":[530],"class_list":{"0":"post-36197","1":"product","2":"type-product","3":"status-publish","4":"has-post-thumbnail","6":"product_cat-aimants","7":"product_tag-animaux","8":"pa_ciudad-alicante","9":"pa_motivo-salamandres","10":"pa_pais-espana","12":"first","13":"instock","14":"shipping-taxable","15":"product-type-simple"},"acf":[],"_links":{"self":[{"href":"https:\/\/olemosaic.com\/fr\/wp-json\/wp\/v2\/product\/36197","targetHints":{"allow":["GET"]}}],"collection":[{"href":"https:\/\/olemosaic.com\/fr\/wp-json\/wp\/v2\/product"}],"about":[{"href":"https:\/\/olemosaic.com\/fr\/wp-json\/wp\/v2\/types\/product"}],"wp:featuredmedia":[{"embeddable":true,"href":"https:\/\/olemosaic.com\/fr\/wp-json\/wp\/v2\/media\/14111"}],"wp:attachment":[{"href":"https:\/\/olemosaic.com\/fr\/wp-json\/wp\/v2\/media?parent=36197"}],"wp:term":[{"taxonomy":"product_brand","embeddable":true,"href":"https:\/\/olemosaic.com\/fr\/wp-json\/wp\/v2\/product_brand?post=36197"},{"taxonomy":"product_cat","embeddable":true,"href":"https:\/\/olemosaic.com\/fr\/wp-json\/wp\/v2\/product_cat?post=36197"},{"taxonomy":"product_tag","embeddable":true,"href":"https:\/\/olemosaic.com\/fr\/wp-json\/wp\/v2\/product_tag?post=36197"}],"curies":[{"name":"wp","href":"https:\/\/api.w.org\/{rel}","templated":true}]}}