{"id":36196,"date":"2025-02-20T23:38:10","date_gmt":"2025-02-20T22:38:10","guid":{"rendered":"http:\/\/olemosaic.com\/producto\/iman-de-resina-toro-y-bailaora-mijas\/"},"modified":"2025-07-25T18:47:25","modified_gmt":"2025-07-25T16:47:25","slug":"aimant-resine-taureau-danseuse-mijas","status":"publish","type":"product","link":"https:\/\/olemosaic.com\/fr\/produit\/aimant-resine-taureau-danseuse-mijas\/","title":{"rendered":"Aimant en r\u00e9sine. Taureau et danseuse. Mijas."},"content":{"rendered":"<p>Cet aimant en r\u00e9sine, au design vibrant du taureau caract\u00e9ristique et d&rsquo;une danseuse, capture l&rsquo;essence culturelle de Mijas, un village andalou pittoresque connu pour sa tradition flamenca et la figure embl\u00e9matique du taureau. Ce souvenir color\u00e9 se distingue par ses formes g\u00e9om\u00e9triques entrelac\u00e9es dans des tons brillants de bleu, rouge et jaune, qui apportent un style contemporain \u00e0 un symbole si ancr\u00e9 dans l&rsquo;identit\u00e9 espagnole. La danseuse, v\u00eatue d&rsquo;un costume rouge \u00e9clatant orn\u00e9 de d\u00e9tails blancs, irradie la joie et la passion, deux \u00e9l\u00e9ments fondamentaux du flamenco, tandis que sa posture \u00e9l\u00e9gante souligne la gr\u00e2ce de cette danse traditionnelle.<\/p>\n<p>Le cadre d\u00e9coratif qui entoure ces personnages iconiques ajoute une touche de couleur suppl\u00e9mentaire, avec le mot \u00ab\u00a0MIJAS\u00a0\u00bb \u00e9crit en lettres multicolores qui devient un point focal attrayant de la pi\u00e8ce. Cet aimant n&rsquo;est pas seulement pratique, il sert \u00e9galement de souvenir des exp\u00e9riences inoubliables v\u00e9cues \u00e0 Mijas, ce qui en fait un cadeau parfait pour les touristes souhaitant ramener chez eux un fragment d&rsquo;Andalousie. Chez Ol\u00e9 Mosaic, nous nous effor\u00e7ons de proposer des souvenirs authentiques et de qualit\u00e9, comme cet aimant qui encapsule la richesse culturelle de l&rsquo;Espagne, id\u00e9al pour les boutiques \u00e0 la recherche de produits uniques.<\/p>\n","protected":false},"excerpt":{"rendered":"<p>Aimant au design vibrant de l&#8217;embl\u00e9matique taureau et d&rsquo;une danseuse, repr\u00e9sentant l&rsquo;essence de Mijas. Cet aimant color\u00e9 se distingue par ses formes g\u00e9om\u00e9triques et une finition brillante qui attire le regard. La danseuse, v\u00eatue d&rsquo;un costume rouge \u00e9clatant orn\u00e9 de d\u00e9tails blancs, accompagne le taureau dans un cadre d\u00e9coratif. Le mot \u00ab\u00a0MIJAS\u00a0\u00bb en lettres multicolores compl\u00e8te cette pi\u00e8ce, id\u00e9ale pour se souvenir de la culture andalouse.<\/p>\n","protected":false},"featured_media":14110,"template":"","meta":{"_acf_changed":false},"product_brand":[],"product_cat":[697],"product_tag":[530],"class_list":{"0":"post-36196","1":"product","2":"type-product","3":"status-publish","4":"has-post-thumbnail","6":"product_cat-aimants","7":"product_tag-animaux","8":"pa_ciudad-mijas","9":"pa_motivo-taureaux","10":"pa_pais-espana","12":"first","13":"instock","14":"shipping-taxable","15":"product-type-simple"},"acf":[],"_links":{"self":[{"href":"https:\/\/olemosaic.com\/fr\/wp-json\/wp\/v2\/product\/36196","targetHints":{"allow":["GET"]}}],"collection":[{"href":"https:\/\/olemosaic.com\/fr\/wp-json\/wp\/v2\/product"}],"about":[{"href":"https:\/\/olemosaic.com\/fr\/wp-json\/wp\/v2\/types\/product"}],"wp:featuredmedia":[{"embeddable":true,"href":"https:\/\/olemosaic.com\/fr\/wp-json\/wp\/v2\/media\/14110"}],"wp:attachment":[{"href":"https:\/\/olemosaic.com\/fr\/wp-json\/wp\/v2\/media?parent=36196"}],"wp:term":[{"taxonomy":"product_brand","embeddable":true,"href":"https:\/\/olemosaic.com\/fr\/wp-json\/wp\/v2\/product_brand?post=36196"},{"taxonomy":"product_cat","embeddable":true,"href":"https:\/\/olemosaic.com\/fr\/wp-json\/wp\/v2\/product_cat?post=36196"},{"taxonomy":"product_tag","embeddable":true,"href":"https:\/\/olemosaic.com\/fr\/wp-json\/wp\/v2\/product_tag?post=36196"}],"curies":[{"name":"wp","href":"https:\/\/api.w.org\/{rel}","templated":true}]}}