{"id":36195,"date":"2025-02-20T23:38:09","date_gmt":"2025-02-20T22:38:09","guid":{"rendered":"http:\/\/olemosaic.com\/producto\/iman-de-resina-salamandra-y-flores-gran-canaria-75-cm\/"},"modified":"2025-07-25T18:41:45","modified_gmt":"2025-07-25T16:41:45","slug":"aimant-resine-salamandre-fleurs-grande-canarie-7-5-cm","status":"publish","type":"product","link":"https:\/\/olemosaic.com\/fr\/produit\/aimant-resine-salamandre-fleurs-grande-canarie-7-5-cm\/","title":{"rendered":"Aimant en r\u00e9sine. Salamandre et fleurs. Grande Canarie. 7,5 cm."},"content":{"rendered":"<p>Aimant en r\u00e9sine de Grande Canarie. Cet aimant attrayant pr\u00e9sente un design vibrant qui met en valeur deux salamandres, entour\u00e9es d&rsquo;un magnifique cadre de fleurs color\u00e9es, \u00e9voquant la riche biodiversit\u00e9 et le folklore de cette charmante \u00eele des Canaries. Avec une taille de 7,5 cm, c&rsquo;est une pi\u00e8ce qui allie parfaitement fonctionnalit\u00e9 et beaut\u00e9, id\u00e9ale pour orner n&rsquo;importe quel r\u00e9frig\u00e9rateur ou surface m\u00e9tallique. La finition en r\u00e9sine offre un \u00e9clat \u00e9blouissant, faisant ressortir encore plus les tons vibrants de rouge, bleu et vert. Les salamandres, symbole de la flore et de la faune locales, se d\u00e9ploient sur un fond simulant une mosa\u00efque, ajoutant une touche artistique et attrayante qui rappelle les carreaux de fa\u00efence iconiques de la r\u00e9gion. L&rsquo;inscription \u00ab\u00a0Gran Canaria\u00a0\u00bb appara\u00eet en grandes lettres color\u00e9es, garantissant que ce souvenir ne soit pas seulement une belle d\u00e9coration, mais aussi un souvenir m\u00e9morable de votre visite sur l&rsquo;\u00eele. Cet aimant en r\u00e9sine incarne l&rsquo;authenticit\u00e9 des souvenirs canariens et constitue une excellente option pour les touristes cherchant \u00e0 emporter un petit morceau de Grande Canarie. Chez Ol\u00e9 Mosaic, en tant que grossistes de souvenirs, nous proposons des pi\u00e8ces qui c\u00e9l\u00e8brent la culture locale et l&rsquo;artisanat de la r\u00e9gion, parfaites pour les boutiques de cadeaux touristiques et les amateurs d&rsquo;artisanat authentique.<\/p>\n","protected":false},"excerpt":{"rendered":"<p>Aimant au design vibrant de deux salamandres entour\u00e9es de fleurs color\u00e9es, \u00e9voquant la beaut\u00e9 de Grande Canarie. D&rsquo;une taille de 7,5 cm, cet aimant se distingue par sa finition en r\u00e9sine qui lui conf\u00e8re un \u00e9clat attrayant. Les d\u00e9tails dans les tons rouges, bleus et verts, ainsi que le fond en mosa\u00efque, capturent l&rsquo;essence du folklore canarien. Le nom \u00ab\u00a0Gran Canaria\u00a0\u00bb est inscrit en grandes lettres color\u00e9es, id\u00e9al pour se souvenir de votre visite sur l&rsquo;\u00eele.<\/p>\n","protected":false},"featured_media":14109,"template":"","meta":{"_acf_changed":false},"product_brand":[],"product_cat":[697],"product_tag":[530],"class_list":{"0":"post-36195","1":"product","2":"type-product","3":"status-publish","4":"has-post-thumbnail","6":"product_cat-aimants","7":"product_tag-animaux","8":"pa_ciudad-gran-canaria","9":"pa_motivo-salamandres","10":"pa_pais-espana","12":"first","13":"instock","14":"shipping-taxable","15":"product-type-simple"},"acf":[],"_links":{"self":[{"href":"https:\/\/olemosaic.com\/fr\/wp-json\/wp\/v2\/product\/36195","targetHints":{"allow":["GET"]}}],"collection":[{"href":"https:\/\/olemosaic.com\/fr\/wp-json\/wp\/v2\/product"}],"about":[{"href":"https:\/\/olemosaic.com\/fr\/wp-json\/wp\/v2\/types\/product"}],"wp:featuredmedia":[{"embeddable":true,"href":"https:\/\/olemosaic.com\/fr\/wp-json\/wp\/v2\/media\/14109"}],"wp:attachment":[{"href":"https:\/\/olemosaic.com\/fr\/wp-json\/wp\/v2\/media?parent=36195"}],"wp:term":[{"taxonomy":"product_brand","embeddable":true,"href":"https:\/\/olemosaic.com\/fr\/wp-json\/wp\/v2\/product_brand?post=36195"},{"taxonomy":"product_cat","embeddable":true,"href":"https:\/\/olemosaic.com\/fr\/wp-json\/wp\/v2\/product_cat?post=36195"},{"taxonomy":"product_tag","embeddable":true,"href":"https:\/\/olemosaic.com\/fr\/wp-json\/wp\/v2\/product_tag?post=36195"}],"curies":[{"name":"wp","href":"https:\/\/api.w.org\/{rel}","templated":true}]}}