{"id":36185,"date":"2025-02-20T23:38:09","date_gmt":"2025-02-20T22:38:09","guid":{"rendered":"http:\/\/olemosaic.com\/producto\/iman-de-resina-toro-y-bailaora-ronda\/"},"modified":"2025-07-25T20:29:20","modified_gmt":"2025-07-25T18:29:20","slug":"aimant-en-resine-taureau-et-danseuse-ronda","status":"publish","type":"product","link":"https:\/\/olemosaic.com\/fr\/produit\/aimant-en-resine-taureau-et-danseuse-ronda\/","title":{"rendered":"Aimant en r\u00e9sine. Taureau et danseuse. Ronda."},"content":{"rendered":"<p>Cet aimant en r\u00e9sine est un souvenir attrayant de Ronda, en Espagne, qui capture l&rsquo;essence vibrante du flamenco et la tradition de l&rsquo;\u00e9levage de cette ville andalouse embl\u00e9matique. Dans un design simulant une mosa\u00efque color\u00e9e, un taureau majestueux et une danseuse sont repr\u00e9sent\u00e9s, tous deux mis en valeur par leur \u00e9nergie et leur dynamisme. Le taureau, repr\u00e9sent\u00e9 dans des tons intenses de bleu, vert et jaune, symbolise la force et la bravoure qui caract\u00e9risent la culture andalouse, tandis que la danseuse, v\u00eatue d&rsquo;une magnifique robe rouge orn\u00e9e de volants, irradie la joie \u00e0 travers la danse flamenco.<\/p>\n<p>La base de l&rsquo;aimant pr\u00e9sente le mot \u00ab\u00a0Ronda\u00a0\u00bb dans un format multicolore, qui compl\u00e8te le design.<\/p>\n<p>Cet aimant est plus qu&rsquo;un simple souvenir ; c&rsquo;est un hommage au riche h\u00e9ritage culturel de Ronda, c\u00e9l\u00e8bre pour son architecture et ses paysages impressionnants, ainsi que pour ses traditions de flamenco et de tauromachie. Id\u00e9al pour les touristes \u00e0 la recherche de souvenirs repr\u00e9sentatifs, cet aimant allie authenticit\u00e9 et essence culturelle, devenant une excellente option pour se souvenir des moments sp\u00e9ciaux v\u00e9cus dans cette ville charmante. Chez Ol\u00e9 Mosaic, nous distribuons des souvenirs de qualit\u00e9 en gros, et cet aimant de Ronda se distingue comme un produit attrayant pour les boutiques de cadeaux touristiques cherchant \u00e0 offrir des articles uniques et significatifs.<\/p>\n","protected":false},"excerpt":{"rendered":"<p>Aimant c\u00e9l\u00e9brant l&rsquo;essence du flamenco et la tradition de l&rsquo;\u00e9levage de Ronda, en Espagne. Ce souvenir attrayant pr\u00e9sente une repr\u00e9sentation color\u00e9e d&rsquo;un taureau et d&rsquo;une danseuse dans un design simulant une mosa\u00efque. Avec des tons vibrants de bleu, vert, rouge et jaune, il illustre la joie de la danse flamenco, tandis que le mot \u00ab\u00a0Ronda\u00a0\u00bb, sur une base multicolore, souligne le lien avec cette ville embl\u00e9matique. Id\u00e9al pour se souvenir de la riche culture andalouse.<\/p>\n","protected":false},"featured_media":14104,"template":"","meta":{"_acf_changed":false},"product_brand":[],"product_cat":[697],"product_tag":[530],"class_list":{"0":"post-36185","1":"product","2":"type-product","3":"status-publish","4":"has-post-thumbnail","6":"product_cat-aimants","7":"product_tag-animaux","8":"pa_ciudad-ronda","9":"pa_motivo-taureaux","10":"pa_pais-espana","12":"first","13":"instock","14":"shipping-taxable","15":"product-type-simple"},"acf":[],"_links":{"self":[{"href":"https:\/\/olemosaic.com\/fr\/wp-json\/wp\/v2\/product\/36185","targetHints":{"allow":["GET"]}}],"collection":[{"href":"https:\/\/olemosaic.com\/fr\/wp-json\/wp\/v2\/product"}],"about":[{"href":"https:\/\/olemosaic.com\/fr\/wp-json\/wp\/v2\/types\/product"}],"wp:featuredmedia":[{"embeddable":true,"href":"https:\/\/olemosaic.com\/fr\/wp-json\/wp\/v2\/media\/14104"}],"wp:attachment":[{"href":"https:\/\/olemosaic.com\/fr\/wp-json\/wp\/v2\/media?parent=36185"}],"wp:term":[{"taxonomy":"product_brand","embeddable":true,"href":"https:\/\/olemosaic.com\/fr\/wp-json\/wp\/v2\/product_brand?post=36185"},{"taxonomy":"product_cat","embeddable":true,"href":"https:\/\/olemosaic.com\/fr\/wp-json\/wp\/v2\/product_cat?post=36185"},{"taxonomy":"product_tag","embeddable":true,"href":"https:\/\/olemosaic.com\/fr\/wp-json\/wp\/v2\/product_tag?post=36185"}],"curies":[{"name":"wp","href":"https:\/\/api.w.org\/{rel}","templated":true}]}}