{"id":36184,"date":"2025-02-20T23:38:08","date_gmt":"2025-02-20T22:38:08","guid":{"rendered":"http:\/\/olemosaic.com\/producto\/iman-de-resina-panoramica-ronda\/"},"modified":"2025-07-26T00:08:28","modified_gmt":"2025-07-25T22:08:28","slug":"aimant-en-resine-panoramique-ronda","status":"publish","type":"product","link":"https:\/\/olemosaic.com\/fr\/produit\/aimant-en-resine-panoramique-ronda\/","title":{"rendered":"Aimant en r\u00e9sine. Panoramique. Ronda."},"content":{"rendered":"<p>Cet aimant en r\u00e9sine, avec la vue panoramique embl\u00e9matique de Ronda, est un hommage vibrant \u00e0 la beaut\u00e9 et \u00e0 la culture de cette ville historique andalouse. Son design pr\u00e9sente le c\u00e9l\u00e8bre pont sur le ravin comme \u00e9l\u00e9ment central, une structure impressionnante qui relie deux falaises et symbolise l&rsquo;union et l&rsquo;histoire de la r\u00e9gion. Encadrant cette \u0153uvre architecturale embl\u00e9matique, on trouve des d\u00e9tails color\u00e9s qui refl\u00e8tent le paysage montagneux, avec un soleil radieux qui ajoute chaleur et lumi\u00e8re \u00e0 la composition. Sur les c\u00f4t\u00e9s du pont, des figures repr\u00e9sentant la culture taurine ont \u00e9t\u00e9 incorpor\u00e9es, soulignant l&rsquo;importance de cette tradition dans l&rsquo;identit\u00e9 locale.<\/p>\n<p>Le nom \u00ab\u00a0Ronda\u00a0\u00bb est pr\u00e9sent\u00e9 dans des tons vibrants, s&rsquo;int\u00e9grant parfaitement au design et le rendant facilement reconnaissable. Cet aimant n&rsquo;est pas seulement un souvenir fonctionnel, mais il capture \u00e9galement l&rsquo;essence du folklore de Ronda, devenant une excellente option pour les touristes \u00e0 la recherche de souvenirs authentiques qui rappellent leur visite dans cette ville charmante.<\/p>\n<p>Chez Ol\u00e9 Mosaic, nous nous sp\u00e9cialisons dans la distribution de souvenirs en gros, et cet aimant est une repr\u00e9sentation parfaite du patrimoine culturel de l&rsquo;Andalousie. C&rsquo;est un choix id\u00e9al pour les boutiques de cadeaux touristiques souhaitant proposer des produits qui mettent en avant l&rsquo;authenticit\u00e9 et la riche diversit\u00e9 de la culture espagnole.<\/p>\n","protected":false},"excerpt":{"rendered":"<p>Aimant capturant la vue panoramique embl\u00e9matique de Ronda, avec le c\u00e9l\u00e8bre pont sur le Tage comme \u00e9l\u00e9ment central. Ce souvenir attrayant comprend des figures repr\u00e9sentant la culture taurine, encadr\u00e9es par un paysage montagneux et un soleil radieux en arri\u00e8re-plan. Avec un design color\u00e9 pr\u00e9sentant le nom \u00ab\u00a0Ronda\u00a0\u00bb dans des tons vibrants, cet aimant est un souvenir parfait de la beaut\u00e9 et du folklore de cette ville historique andalouse.<\/p>\n","protected":false},"featured_media":14103,"template":"","meta":{"_acf_changed":false},"product_brand":[],"product_cat":[697],"product_tag":[],"class_list":{"0":"post-36184","1":"product","2":"type-product","3":"status-publish","4":"has-post-thumbnail","6":"product_cat-aimants","7":"pa_ciudad-ronda","8":"pa_motivo-panoramas","9":"pa_pais-espana","11":"first","12":"instock","13":"shipping-taxable","14":"product-type-simple"},"acf":[],"_links":{"self":[{"href":"https:\/\/olemosaic.com\/fr\/wp-json\/wp\/v2\/product\/36184","targetHints":{"allow":["GET"]}}],"collection":[{"href":"https:\/\/olemosaic.com\/fr\/wp-json\/wp\/v2\/product"}],"about":[{"href":"https:\/\/olemosaic.com\/fr\/wp-json\/wp\/v2\/types\/product"}],"wp:featuredmedia":[{"embeddable":true,"href":"https:\/\/olemosaic.com\/fr\/wp-json\/wp\/v2\/media\/14103"}],"wp:attachment":[{"href":"https:\/\/olemosaic.com\/fr\/wp-json\/wp\/v2\/media?parent=36184"}],"wp:term":[{"taxonomy":"product_brand","embeddable":true,"href":"https:\/\/olemosaic.com\/fr\/wp-json\/wp\/v2\/product_brand?post=36184"},{"taxonomy":"product_cat","embeddable":true,"href":"https:\/\/olemosaic.com\/fr\/wp-json\/wp\/v2\/product_cat?post=36184"},{"taxonomy":"product_tag","embeddable":true,"href":"https:\/\/olemosaic.com\/fr\/wp-json\/wp\/v2\/product_tag?post=36184"}],"curies":[{"name":"wp","href":"https:\/\/api.w.org\/{rel}","templated":true}]}}