{"id":36162,"date":"2025-02-20T23:38:07","date_gmt":"2025-02-20T22:38:07","guid":{"rendered":"http:\/\/olemosaic.com\/producto\/iman-de-resina-panoramica-barcelona-18\/"},"modified":"2025-07-25T18:57:09","modified_gmt":"2025-07-25T16:57:09","slug":"aimant-resine-panoramique-barcelone-18","status":"publish","type":"product","link":"https:\/\/olemosaic.com\/fr\/produit\/aimant-resine-panoramique-barcelone-18\/","title":{"rendered":"Aimant en r\u00e9sine. Panoramique. Sagrada Familia et monument \u00e0 Colomb. Barcelone."},"content":{"rendered":"<p>Cet aimant en r\u00e9sine capture l&rsquo;essence vibrante de Barcelone, offrant une panoramique color\u00e9e de ses ic\u00f4nes les plus embl\u00e9matiques. Avec son design d\u00e9taill\u00e9, il pr\u00e9sente la majestueuse Sagrada Familia, l&#8217;embl\u00e9matique monument \u00e0 Colomb et une joyeuse mosa\u00efque qui \u00e9voque le style moderniste de Gaud\u00ed. Chaque \u00e9l\u00e9ment est finement sculpt\u00e9 en r\u00e9sine, ce qui garantit durabilit\u00e9 et une finition brillante. Les tons vifs, du vert exub\u00e9rant des arbres au bleu c\u00e9leste du ciel, font que cet aimant ne fonctionne pas seulement comme un simple souvenir, mais comme une v\u00e9ritable \u0153uvre d&rsquo;art qui rend hommage au riche h\u00e9ritage culturel et artistique de la ville.<\/p>\n<p>L&rsquo;aimant est parfait pour ceux qui souhaitent emporter un morceau de Barcelone, devenant un souvenir id\u00e9al pour les amoureux de la ville. En plus de sa fonction decorative, c&rsquo;est une excellente option pour collectionner ou offrir. Chez Ol\u00e9 Mosaic, notre engagement est d&rsquo;offrir des souvenirs authentiques et significatifs qui repr\u00e9sentent la diversit\u00e9 culturelle de l&rsquo;Espagne. En tant que grossiste de souvenirs, cet aimant de Barcelone est un choix magnifique pour les boutiques de cadeaux touristiques cherchant \u00e0 proposer des produits uniques avec une haute valeur \u00e9motionnelle et culturelle.<\/p>\n","protected":false},"excerpt":{"rendered":"<p>Aimant capturant l&rsquo;essence de Barcelone avec une panoramique color\u00e9e de ses ic\u00f4nes les plus embl\u00e9matiques. Cet aimant pr\u00e9sente la majestueuse Sagrada Familia, le monument \u00e0 Colomb et une mosa\u00efque vibrante \u00e9voquant le style moderniste de Gaud\u00ed. D\u00e9cor\u00e9 de d\u00e9tails aux tons vifs, comme le vert des arbres et le bleu du ciel, c&rsquo;est un souvenir parfait de la richesse culturelle et artistique de la ville. Id\u00e9al pour les amoureux de Barcelone.<\/p>\n","protected":false},"featured_media":14096,"template":"","meta":{"_acf_changed":false},"product_brand":[],"product_cat":[697],"product_tag":[],"class_list":{"0":"post-36162","1":"product","2":"type-product","3":"status-publish","4":"has-post-thumbnail","6":"product_cat-aimants","7":"pa_ciudad-barcelona","8":"pa_motivo-panoramas","9":"pa_pais-espana","11":"first","12":"instock","13":"shipping-taxable","14":"product-type-simple"},"acf":[],"_links":{"self":[{"href":"https:\/\/olemosaic.com\/fr\/wp-json\/wp\/v2\/product\/36162","targetHints":{"allow":["GET"]}}],"collection":[{"href":"https:\/\/olemosaic.com\/fr\/wp-json\/wp\/v2\/product"}],"about":[{"href":"https:\/\/olemosaic.com\/fr\/wp-json\/wp\/v2\/types\/product"}],"wp:featuredmedia":[{"embeddable":true,"href":"https:\/\/olemosaic.com\/fr\/wp-json\/wp\/v2\/media\/14096"}],"wp:attachment":[{"href":"https:\/\/olemosaic.com\/fr\/wp-json\/wp\/v2\/media?parent=36162"}],"wp:term":[{"taxonomy":"product_brand","embeddable":true,"href":"https:\/\/olemosaic.com\/fr\/wp-json\/wp\/v2\/product_brand?post=36162"},{"taxonomy":"product_cat","embeddable":true,"href":"https:\/\/olemosaic.com\/fr\/wp-json\/wp\/v2\/product_cat?post=36162"},{"taxonomy":"product_tag","embeddable":true,"href":"https:\/\/olemosaic.com\/fr\/wp-json\/wp\/v2\/product_tag?post=36162"}],"curies":[{"name":"wp","href":"https:\/\/api.w.org\/{rel}","templated":true}]}}