{"id":36160,"date":"2025-02-20T23:38:07","date_gmt":"2025-02-20T22:38:07","guid":{"rendered":"http:\/\/olemosaic.com\/producto\/iman-de-resina-panoramica-barcelona-16\/"},"modified":"2025-07-25T20:32:05","modified_gmt":"2025-07-25T18:32:05","slug":"aimant-resine-panoramique-barcelone-16","status":"publish","type":"product","link":"https:\/\/olemosaic.com\/fr\/produit\/aimant-resine-panoramique-barcelone-16\/","title":{"rendered":"Aimant en r\u00e9sine. Panoramique. Sagrada Familia et la Pedrera. Barcelone."},"content":{"rendered":"<p>Cet aimant de Barcelone est un souvenir vibrant et color\u00e9 qui capture l&rsquo;essence de cette m\u00e9tropole fascinante. Fabriqu\u00e9 en r\u00e9sine de haute qualit\u00e9, cet aimant pr\u00e9sente une vue panoramique spectaculaire des b\u00e2timents les plus embl\u00e9matiques de la ville, tels que l&rsquo;impressionnante Sagrada Familia et l&rsquo;iconique Casa Mil\u00e0 (la Pedrera). Avec un design en mosa\u00efque qui souligne les traits architecturaux distinctifs, chaque d\u00e9tail est soigneusement \u00e9labor\u00e9, refl\u00e9tant la richesse artistique de la cit\u00e9 comtale.<\/p>\n<p>Le fond de l&rsquo;aimant comprend un magnifique paysage avec un ciel bleu ensoleill\u00e9, o\u00f9 un soleil radieux illumine la sc\u00e8ne, ajoutant une touche vibrante qui \u00e9voque la chaleur du climat m\u00e9diterran\u00e9en. Le mot \u00ab\u00a0Barcelona\u00a0\u00bb, \u00e9crit en lettres joyeuses et multicolores, compl\u00e8te la composition, en faisant un souvenir parfait pour ceux qui ont explor\u00e9 cette ville pleine d&rsquo;histoire et de culture.<\/p>\n<p>Cet aimant n&rsquo;est pas seulement un accessoire decoratif id\u00e9al pour la maison, mais aussi un rappel authentique de l&rsquo;une des villes les plus visit\u00e9es d&rsquo;Espagne. Son design tr\u00e8s sp\u00e9cial en fait un excellent cadeau pour les touristes \u00e0 la recherche de souvenirs de Barcelone repr\u00e9sentatifs et de haute qualit\u00e9. Chez Ol\u00e9 Mosaic, nous nous sp\u00e9cialisons dans la distribution de souvenirs en gros, et cet aimant est une option attrayante pour les boutiques de cadeaux touristiques souhaitant proposer des produits qui c\u00e9l\u00e8brent la beaut\u00e9 et la diversit\u00e9 culturelle de la r\u00e9gion. En tant que distributeurs de souvenirs, nous garantissons des produits authentiques et uniques qui mettent en valeur le meilleur de chaque destination.<\/p>\n","protected":false},"excerpt":{"rendered":"<p>Aimant capturant l&rsquo;essence de Barcelone avec une panoramique vibrante. Cet aimant color\u00e9 pr\u00e9sente l&#8217;embl\u00e9matique Sagrada Familia et la Pedrera, accompagn\u00e9es d&rsquo;un magnifique paysage sous un soleil radieux. Avec un design en mosa\u00efque soulignant les ic\u00f4nes architecturales de la ville, il inclut le texte \u00ab\u00a0Barcelona\u00a0\u00bb en lettres joyeuses et multicolores, ce qui en fait le souvenir parfait de cette m\u00e9tropole fascinante.<\/p>\n","protected":false},"featured_media":14094,"template":"","meta":{"_acf_changed":false},"product_brand":[],"product_cat":[697],"product_tag":[],"class_list":{"0":"post-36160","1":"product","2":"type-product","3":"status-publish","4":"has-post-thumbnail","6":"product_cat-aimants","7":"pa_ciudad-barcelona","8":"pa_motivo-panoramas","9":"pa_pais-espana","11":"first","12":"instock","13":"shipping-taxable","14":"product-type-simple"},"acf":[],"_links":{"self":[{"href":"https:\/\/olemosaic.com\/fr\/wp-json\/wp\/v2\/product\/36160","targetHints":{"allow":["GET"]}}],"collection":[{"href":"https:\/\/olemosaic.com\/fr\/wp-json\/wp\/v2\/product"}],"about":[{"href":"https:\/\/olemosaic.com\/fr\/wp-json\/wp\/v2\/types\/product"}],"wp:featuredmedia":[{"embeddable":true,"href":"https:\/\/olemosaic.com\/fr\/wp-json\/wp\/v2\/media\/14094"}],"wp:attachment":[{"href":"https:\/\/olemosaic.com\/fr\/wp-json\/wp\/v2\/media?parent=36160"}],"wp:term":[{"taxonomy":"product_brand","embeddable":true,"href":"https:\/\/olemosaic.com\/fr\/wp-json\/wp\/v2\/product_brand?post=36160"},{"taxonomy":"product_cat","embeddable":true,"href":"https:\/\/olemosaic.com\/fr\/wp-json\/wp\/v2\/product_cat?post=36160"},{"taxonomy":"product_tag","embeddable":true,"href":"https:\/\/olemosaic.com\/fr\/wp-json\/wp\/v2\/product_tag?post=36160"}],"curies":[{"name":"wp","href":"https:\/\/api.w.org\/{rel}","templated":true}]}}