{"id":36159,"date":"2025-02-20T23:38:07","date_gmt":"2025-02-20T22:38:07","guid":{"rendered":"http:\/\/olemosaic.com\/producto\/iman-de-resina-panoramica-barcelona-15\/"},"modified":"2025-07-25T20:38:21","modified_gmt":"2025-07-25T18:38:21","slug":"aimant-resine-panoramique-barcelone-15","status":"publish","type":"product","link":"https:\/\/olemosaic.com\/fr\/produit\/aimant-resine-panoramique-barcelone-15\/","title":{"rendered":"Aimant en r\u00e9sine. Panoramique. Sagrada Familia et H\u00f4tel Arts. Barcelone."},"content":{"rendered":"<p>Cet aimant en r\u00e9sine de Barcelone est un souvenir vibrant qui capture l&rsquo;essence et la beaut\u00e9 de cette ville m\u00e9diterran\u00e9enne embl\u00e9matique. Avec un design panoramique color\u00e9, l&rsquo;aimant met en avant des monuments iconiques tels que la majestueuse Sagrada Familia et le moderne H\u00f4tel Arts, cr\u00e9ant une fusion harmonieuse entre l&rsquo;histoire et la modernit\u00e9 de Barcelone. L&rsquo;illustration, entour\u00e9e de palmiers et d&rsquo;\u00e9l\u00e9ments de plage, \u00e9voque l&rsquo;ambiance ensoleill\u00e9e et d\u00e9tendue de la c\u00f4te, invitant les touristes \u00e0 revivre leurs moments les plus m\u00e9morables dans la ville.<\/p>\n<p>Le texte \u00ab\u00a0Barcelona\u00a0\u00bb est pr\u00e9sent\u00e9 dans des couleurs vives et vari\u00e9es, apportant une touche festive qui ressort parmi les monuments, ce qui en fait un cadeau id\u00e9al pour ceux qui recherchent un souvenir unique et repr\u00e9sentatif. Fabriqu\u00e9 en r\u00e9sine, cet aimant est aussi durable qu&rsquo;attrayant, parfait pour orner n&rsquo;importe quel r\u00e9frig\u00e9rateur ou surface m\u00e9tallique.<\/p>\n<p>Reflet de la culture barcelonaise, cet aimant symbolise non seulement son architecture impressionnante, mais aussi la vie vibrante qui caract\u00e9rise la ville. Chez Ol\u00e9 Mosaic, nous nous consacrons \u00e0 la distribution de souvenirs en gros, offrant cet aimant de Barcelone comme une excellente option pour les boutiques de cadeaux touristiques \u00e0 la recherche de produits authentiques et attrayants. Cet aimant est un souvenir qui combine art, histoire et modernit\u00e9, devenant un objet essentiel pour les amoureux de cette m\u00e9tropole fascinante.<\/p>\n","protected":false},"excerpt":{"rendered":"<p>Aimant capturant l&rsquo;essence de Barcelone avec une panoramique color\u00e9e. Ce souvenir attrayant montre des monuments embl\u00e9matiques tels que la Sagrada Familia et l&rsquo;H\u00f4tel Arts, entour\u00e9s de palmiers et d&rsquo;\u00e9l\u00e9ments de plage qui \u00e9voquent l&rsquo;ambiance m\u00e9diterran\u00e9enne. Avec un design vibrant et joyeux, le mot \u00ab\u00a0Barcelona\u00a0\u00bb en couleurs vives souligne la beaut\u00e9 de la ville, en faisant un souvenir parfait pour les amoureux de cette m\u00e9tropole vibrante.<\/p>\n","protected":false},"featured_media":14093,"template":"","meta":{"_acf_changed":false},"product_brand":[],"product_cat":[697],"product_tag":[],"class_list":{"0":"post-36159","1":"product","2":"type-product","3":"status-publish","4":"has-post-thumbnail","6":"product_cat-aimants","7":"pa_ciudad-barcelona","8":"pa_motivo-panoramas","9":"pa_pais-espana","11":"first","12":"instock","13":"shipping-taxable","14":"product-type-simple"},"acf":[],"_links":{"self":[{"href":"https:\/\/olemosaic.com\/fr\/wp-json\/wp\/v2\/product\/36159","targetHints":{"allow":["GET"]}}],"collection":[{"href":"https:\/\/olemosaic.com\/fr\/wp-json\/wp\/v2\/product"}],"about":[{"href":"https:\/\/olemosaic.com\/fr\/wp-json\/wp\/v2\/types\/product"}],"wp:featuredmedia":[{"embeddable":true,"href":"https:\/\/olemosaic.com\/fr\/wp-json\/wp\/v2\/media\/14093"}],"wp:attachment":[{"href":"https:\/\/olemosaic.com\/fr\/wp-json\/wp\/v2\/media?parent=36159"}],"wp:term":[{"taxonomy":"product_brand","embeddable":true,"href":"https:\/\/olemosaic.com\/fr\/wp-json\/wp\/v2\/product_brand?post=36159"},{"taxonomy":"product_cat","embeddable":true,"href":"https:\/\/olemosaic.com\/fr\/wp-json\/wp\/v2\/product_cat?post=36159"},{"taxonomy":"product_tag","embeddable":true,"href":"https:\/\/olemosaic.com\/fr\/wp-json\/wp\/v2\/product_tag?post=36159"}],"curies":[{"name":"wp","href":"https:\/\/api.w.org\/{rel}","templated":true}]}}