{"id":36138,"date":"2025-02-20T23:38:06","date_gmt":"2025-02-20T22:38:06","guid":{"rendered":"http:\/\/olemosaic.com\/producto\/iman-de-resina-toro-y-bailaora-barcelona\/"},"modified":"2025-07-25T19:53:49","modified_gmt":"2025-07-25T17:53:49","slug":"aimant-resine-taureau-et-danseuse-barcelone","status":"publish","type":"product","link":"https:\/\/olemosaic.com\/fr\/produit\/aimant-resine-taureau-et-danseuse-barcelone\/","title":{"rendered":"Aimant en r\u00e9sine. Taureau et danseuse. Barcelone."},"content":{"rendered":"<p>Cet aimant en r\u00e9sine capture l&rsquo;essence de Barcelone avec un design vibrant repr\u00e9sentant un taureau et une danseuse, ce qui en fait le souvenir parfait pour se souvenir de cette ville embl\u00e9matique. R\u00e9alis\u00e9 dans un style mosa\u00efque, l&rsquo;aimant se distingue par ses teintes \u00e9clatantes de rouge, bleu et jaune, qui cr\u00e9ent un effet visuel attrayant et plein de vie. La figure du taureau, symbole de la culture espagnole, est pr\u00e9sent\u00e9e de mani\u00e8re joyeuse et color\u00e9e, symbolisant la tradition et la force de notre h\u00e9ritage culturel. \u00c0 ses c\u00f4t\u00e9s, la danseuse (bailaora), v\u00eatue d&rsquo;un spectaculaire costume rouge, refl\u00e8te la passion et l&rsquo;art du flamenco, une expression musicale et chor\u00e9graphique profond\u00e9ment enracin\u00e9e dans la culture espagnole.<\/p>\n<p>Avec un design qui \u00e9voque \u00e0 la fois la tradition et la modernit\u00e9 de Barcelone, cet aimant est un excellent souvenir de la riche histoire et de la diversit\u00e9 culturelle de la r\u00e9gion. Le taureau et la danseuse, \u00e9l\u00e9ments fondamentaux du folklore catalan, sont intimement li\u00e9s aux c\u00e9l\u00e9brations et festivit\u00e9s locales, faisant de cet aimant un v\u00e9ritable symbole de la ville. Chez Ol\u00e9 Mosaic, en tant que grossistes de souvenirs, nous proposons des produits qui, en plus d&rsquo;\u00eatre d\u00e9coratifs, transmettent un morceau de la culture espagnole, parfaits pour les boutiques de cadeaux touristiques \u00e0 la recherche d&rsquo;articles uniques et repr\u00e9sentatifs. Cet aimant de Barcelone est un choix id\u00e9al pour ceux qui souhaitent emporter un souvenir authentique et significatif de leur visite.<\/p>\n","protected":false},"excerpt":{"rendered":"<p>Aimant capturant l&rsquo;essence de Barcelone avec un design vibrant pr\u00e9sentant un taureau et une danseuse. Cet aimant color\u00e9, r\u00e9alis\u00e9 dans le style mosa\u00efque, se distingue par ses teintes \u00e9clatantes de rouge, bleu et jaune. La figure du taureau, symbole de la culture espagnole, se combine \u00e0 l&rsquo;\u00e9l\u00e9gante danseuse, v\u00eatue d&rsquo;un costume rouge, cr\u00e9ant une repr\u00e9sentation parfaite de la tradition et du folklore catalans. Id\u00e9al pour se souvenir de votre visite dans cette ville embl\u00e9matique.<\/p>\n","protected":false},"featured_media":14092,"template":"","meta":{"_acf_changed":false},"product_brand":[],"product_cat":[697],"product_tag":[530],"class_list":{"0":"post-36138","1":"product","2":"type-product","3":"status-publish","4":"has-post-thumbnail","6":"product_cat-aimants","7":"product_tag-animaux","8":"pa_ciudad-barcelona","9":"pa_motivo-taureaux","10":"pa_pais-espana","12":"first","13":"instock","14":"shipping-taxable","15":"product-type-simple"},"acf":[],"_links":{"self":[{"href":"https:\/\/olemosaic.com\/fr\/wp-json\/wp\/v2\/product\/36138","targetHints":{"allow":["GET"]}}],"collection":[{"href":"https:\/\/olemosaic.com\/fr\/wp-json\/wp\/v2\/product"}],"about":[{"href":"https:\/\/olemosaic.com\/fr\/wp-json\/wp\/v2\/types\/product"}],"wp:featuredmedia":[{"embeddable":true,"href":"https:\/\/olemosaic.com\/fr\/wp-json\/wp\/v2\/media\/14092"}],"wp:attachment":[{"href":"https:\/\/olemosaic.com\/fr\/wp-json\/wp\/v2\/media?parent=36138"}],"wp:term":[{"taxonomy":"product_brand","embeddable":true,"href":"https:\/\/olemosaic.com\/fr\/wp-json\/wp\/v2\/product_brand?post=36138"},{"taxonomy":"product_cat","embeddable":true,"href":"https:\/\/olemosaic.com\/fr\/wp-json\/wp\/v2\/product_cat?post=36138"},{"taxonomy":"product_tag","embeddable":true,"href":"https:\/\/olemosaic.com\/fr\/wp-json\/wp\/v2\/product_tag?post=36138"}],"curies":[{"name":"wp","href":"https:\/\/api.w.org\/{rel}","templated":true}]}}