{"id":36137,"date":"2025-02-20T23:38:06","date_gmt":"2025-02-20T22:38:06","guid":{"rendered":"http:\/\/olemosaic.com\/producto\/iman-de-resina-toros-alicante\/"},"modified":"2025-07-25T18:34:30","modified_gmt":"2025-07-25T16:34:30","slug":"aimant-resine-taureaux-alicante","status":"publish","type":"product","link":"https:\/\/olemosaic.com\/fr\/produit\/aimant-resine-taureaux-alicante\/","title":{"rendered":"Aimant en r\u00e9sine. Taureaux. Alicante."},"content":{"rendered":"<p>Aimant en r\u00e9sine d&rsquo;Alicante. Ce souvenir vibrant capture l&rsquo;essence d&rsquo;Alicante avec un design spectaculaire d&rsquo;un taureau stylis\u00e9, entour\u00e9 de fleurs rouges et d&rsquo;un soleil radieux, \u00e9voquant la riche tradition culturelle de la r\u00e9gion. Fabriqu\u00e9 en r\u00e9sine de haute qualit\u00e9, cet aimant pr\u00e9sente une finition impressionnante utilisant la technique de la mosa\u00efque pour obtenir un effet visuel percutant. La repr\u00e9sentation color\u00e9e du taureau, avec ses teintes brillantes allant du bleu au vert et au rouge, refl\u00e8te non seulement l&rsquo;h\u00e9ritage taurin, mais aussi la joie de vivre m\u00e9diterran\u00e9enne. \u00c0 ses c\u00f4t\u00e9s, un soleil radieux se d\u00e9tache dans des tons jaunes et orang\u00e9s, symbolisant la chaleur du climat d&rsquo;Alicante et sa culture vibrante.<\/p>\n<p>Le texte \u00ab\u00a0Alicante\u00a0\u00bb, mis en valeur par des lettres frappantes, ajoute une touche distinctive et fait de cet aimant un souvenir facilement reconnaissable pour tout visiteur. Id\u00e9al pour les touristes \u00e0 la recherche d&rsquo;un petit morceau d&rsquo;Alicante, ce souvenir n&rsquo;est pas seulement un objet d\u00e9coratif, mais un hommage \u00e0 la tradition et \u00e0 la diversit\u00e9 culturelle de cette belle r\u00e9gion. Chez Ol\u00e9 Mosaic, en tant que grossistes de souvenirs, nous proposons cet aimant en r\u00e9sine comme une option parfaite pour les boutiques de cadeaux touristiques \u00e0 la recherche de produits authentiques et repr\u00e9sentatifs de la culture espagnole.<\/p>\n","protected":false},"excerpt":{"rendered":"<p>Aimant capturant l&rsquo;essence d&rsquo;Alicante avec un design taurin vibrant. Ce souvenir color\u00e9 pr\u00e9sente un taureau stylis\u00e9 entour\u00e9 de fleurs rouges et d&rsquo;un soleil radieux, \u00e9voquant la tradition culturelle de la r\u00e9gion. La technique de la mosa\u00efque cr\u00e9e un effet visuel percutant, combinant des tons brillants et vari\u00e9s qui refl\u00e8tent l&rsquo;h\u00e9ritage taurin et la joie de vivre m\u00e9diterran\u00e9enne. Le texte \u00ab\u00a0Alicante\u00a0\u00bb se d\u00e9tache en lettres frappantes, faisant de cet aimant un souvenir attrayant pour tout visiteur.<\/p>\n","protected":false},"featured_media":14091,"template":"","meta":{"_acf_changed":false},"product_brand":[],"product_cat":[697],"product_tag":[530],"class_list":{"0":"post-36137","1":"product","2":"type-product","3":"status-publish","4":"has-post-thumbnail","6":"product_cat-aimants","7":"product_tag-animaux","8":"pa_ciudad-alicante","9":"pa_motivo-taureaux","10":"pa_pais-espana","12":"first","13":"instock","14":"shipping-taxable","15":"product-type-simple"},"acf":[],"_links":{"self":[{"href":"https:\/\/olemosaic.com\/fr\/wp-json\/wp\/v2\/product\/36137","targetHints":{"allow":["GET"]}}],"collection":[{"href":"https:\/\/olemosaic.com\/fr\/wp-json\/wp\/v2\/product"}],"about":[{"href":"https:\/\/olemosaic.com\/fr\/wp-json\/wp\/v2\/types\/product"}],"wp:featuredmedia":[{"embeddable":true,"href":"https:\/\/olemosaic.com\/fr\/wp-json\/wp\/v2\/media\/14091"}],"wp:attachment":[{"href":"https:\/\/olemosaic.com\/fr\/wp-json\/wp\/v2\/media?parent=36137"}],"wp:term":[{"taxonomy":"product_brand","embeddable":true,"href":"https:\/\/olemosaic.com\/fr\/wp-json\/wp\/v2\/product_brand?post=36137"},{"taxonomy":"product_cat","embeddable":true,"href":"https:\/\/olemosaic.com\/fr\/wp-json\/wp\/v2\/product_cat?post=36137"},{"taxonomy":"product_tag","embeddable":true,"href":"https:\/\/olemosaic.com\/fr\/wp-json\/wp\/v2\/product_tag?post=36137"}],"curies":[{"name":"wp","href":"https:\/\/api.w.org\/{rel}","templated":true}]}}