{"id":36135,"date":"2025-02-20T23:38:06","date_gmt":"2025-02-20T22:38:06","guid":{"rendered":"http:\/\/olemosaic.com\/producto\/iman-de-resina-camino-de-santiago\/"},"modified":"2025-07-25T19:00:10","modified_gmt":"2025-07-25T17:00:10","slug":"aimant-resine-chemin-compostelle","status":"publish","type":"product","link":"https:\/\/olemosaic.com\/fr\/produit\/aimant-resine-chemin-compostelle\/","title":{"rendered":"Aimant en r\u00e9sine. Chemin de Compostelle."},"content":{"rendered":"<p>Cet aimant en r\u00e9sine inspir\u00e9 du Chemin de Compostelle est un souvenir vibrant et plein de sens qui capture l&rsquo;essence de l&rsquo;un des itin\u00e9raires de p\u00e8lerinage les plus embl\u00e9matiques au monde. Con\u00e7u avec des \u00e9l\u00e9ments iconiques repr\u00e9sentant l&rsquo;aventure du p\u00e8lerin, l&rsquo;aimant comprend une coquille Saint-Jacques, symbole traditionnel du Chemin, ainsi qu&rsquo;un sac \u00e0 dos et une paire de chaussures de randonn\u00e9e, \u00e9l\u00e9ments essentiels pour tout p\u00e8lerinage. Un panneau de direction indiquant le chemin compl\u00e8te le design, \u00e9voquant le voyage que des milliers de voyageurs entreprennent chaque ann\u00e9e.<\/p>\n<p>Le texte \u00ab\u00a0CAMINO DE SANTIAGO\u00a0\u00bb brille de couleurs vives, ce qui en fait un attrait visuel id\u00e9al pour orner n&rsquo;importe quel r\u00e9frig\u00e9rateur ou surface m\u00e9tallique. Ce souvenir n&rsquo;est pas seulement un aimant, mais un symbole de l&rsquo;effort et de la r\u00e9flexion qui accompagnent ceux qui parcourent cette route historique. Sa pertinence culturelle r\u00e9side dans le fait qu&rsquo;il est un rappel tangible de la riche tradition que repr\u00e9sente le Chemin, unissant des personnes de diverses origines dans leur qu\u00eate spirituelle et personnelle.<\/p>\n<p>Chez Ol\u00e9 Mosaic, nous sommes distributeurs de souvenirs authentiques, et cet aimant en r\u00e9sine est une excellente option pour les boutiques de cadeaux touristiques cherchant \u00e0 offrir des produits repr\u00e9sentatifs du patrimoine culturel espagnol. En tant que grossistes de souvenirs, nous garantissons la qualit\u00e9 et l&rsquo;authenticit\u00e9 de chaque pi\u00e8ce, transformant chaque achat en un voyage de souvenirs.<\/p>\n","protected":false},"excerpt":{"rendered":"<p>Aimant inspir\u00e9 du Chemin de Compostelle, con\u00e7u avec des \u00e9l\u00e9ments embl\u00e9matiques de la route. Cet aimant attrayant pr\u00e9sente une coquille Saint-Jacques, symbole du p\u00e8lerinage, ainsi qu&rsquo;un sac \u00e0 dos, une paire de chaussures de randonn\u00e9e et un panneau directionnel. Le texte \u00ab\u00a0CAMINO DE SANTIAGO\u00a0\u00bb s&rsquo;affiche dans des couleurs vibrantes, compl\u00e9tant les motifs artistiques. Ce souvenir est parfait pour se souvenir de l&rsquo;aventure du chemin et de sa riche tradition culturelle.<\/p>\n","protected":false},"featured_media":14089,"template":"","meta":{"_acf_changed":false},"product_brand":[],"product_cat":[697],"product_tag":[],"class_list":{"0":"post-36135","1":"product","2":"type-product","3":"status-publish","4":"has-post-thumbnail","6":"product_cat-aimants","7":"pa_ciudad-santiago-de-compostela","8":"pa_pais-espana","10":"first","11":"instock","12":"shipping-taxable","13":"product-type-simple"},"acf":[],"_links":{"self":[{"href":"https:\/\/olemosaic.com\/fr\/wp-json\/wp\/v2\/product\/36135","targetHints":{"allow":["GET"]}}],"collection":[{"href":"https:\/\/olemosaic.com\/fr\/wp-json\/wp\/v2\/product"}],"about":[{"href":"https:\/\/olemosaic.com\/fr\/wp-json\/wp\/v2\/types\/product"}],"wp:featuredmedia":[{"embeddable":true,"href":"https:\/\/olemosaic.com\/fr\/wp-json\/wp\/v2\/media\/14089"}],"wp:attachment":[{"href":"https:\/\/olemosaic.com\/fr\/wp-json\/wp\/v2\/media?parent=36135"}],"wp:term":[{"taxonomy":"product_brand","embeddable":true,"href":"https:\/\/olemosaic.com\/fr\/wp-json\/wp\/v2\/product_brand?post=36135"},{"taxonomy":"product_cat","embeddable":true,"href":"https:\/\/olemosaic.com\/fr\/wp-json\/wp\/v2\/product_cat?post=36135"},{"taxonomy":"product_tag","embeddable":true,"href":"https:\/\/olemosaic.com\/fr\/wp-json\/wp\/v2\/product_tag?post=36135"}],"curies":[{"name":"wp","href":"https:\/\/api.w.org\/{rel}","templated":true}]}}