{"id":36134,"date":"2025-02-20T23:38:06","date_gmt":"2025-02-20T22:38:06","guid":{"rendered":"http:\/\/olemosaic.com\/producto\/iman-de-resina-camino-de-santiago-75-cm\/"},"modified":"2025-07-25T19:54:32","modified_gmt":"2025-07-25T17:54:32","slug":"aimant-resine-chemin-compostelle-7-5-cm","status":"publish","type":"product","link":"https:\/\/olemosaic.com\/fr\/produit\/aimant-resine-chemin-compostelle-7-5-cm\/","title":{"rendered":"Aimant en r\u00e9sine. Chemin de Compostelle. 7,5 cm."},"content":{"rendered":"<p>Aimant en r\u00e9sine du Chemin de Compostelle, un souvenir attrayant qui capture l&rsquo;essence de l&rsquo;un des itin\u00e9raires de p\u00e8lerinage les plus c\u00e9l\u00e8bres au monde. Cet aimant, aux couleurs vives et d&rsquo;une taille de 7,5 cm, pr\u00e9sente une repr\u00e9sentation de l&#8217;embl\u00e9matique cath\u00e9drale de Saint-Jacques, mettant en valeur ses tours majestueuses et ses \u00e9l\u00e9ments architecturaux qui \u00e9voquent l&rsquo;art du vitrail, faisant resplendir chaque d\u00e9tail. Le design int\u00e8gre le texte \u00ab\u00a0Camino de Santiago\u00a0\u00bb en lettres vibrantes, entour\u00e9 de touches joyeuses de jaune, bleu et rouge, apportant un air festif, parfait pour se souvenir d&rsquo;un voyage inoubliable.<\/p>\n<p>Les voyageurs qui parcourent cette route spirituelle trouvent dans cet aimant non seulement un souvenir, mais aussi un symbole de leur exp\u00e9rience et de leur connexion avec le riche patrimoine culturel de la Galice. La cath\u00e9drale de Saint-Jacques, o\u00f9 s&rsquo;ach\u00e8ve le Chemin, est class\u00e9e au patrimoine mondial de l&rsquo;UNESCO et constitue une destination de grande d\u00e9votion pour les p\u00e8lerins. Cet aimant en r\u00e9sine est un excellent choix pour les boutiques de cadeaux touristiques, offrant un produit authentique et repr\u00e9sentatif de l&rsquo;h\u00e9ritage culturel espagnol. Chez Ol\u00e9 Mosaic, nous sommes sp\u00e9cialis\u00e9s dans la distribution de souvenirs en gros, garantissant que chaque aimant du Chemin de Compostelle refl\u00e8te qualit\u00e9 et authenticit\u00e9, ce qui en fait un article indispensable pour ceux qui cherchent \u00e0 pr\u00e9server le souvenir de leur travers\u00e9e.<\/p>\n","protected":false},"excerpt":{"rendered":"<p>Aimant inspir\u00e9 du Chemin de Compostelle, de 7,5 cm. Cet aimant attrayant pr\u00e9sente la magnifique cath\u00e9drale de Saint-Jacques-de-Compostelle dans un design de mosa\u00efque vibrant, capturant avec pr\u00e9cision ses tours embl\u00e9matiques et ses \u00e9l\u00e9ments architecturaux d\u00e9taill\u00e9s. D\u00e9cor\u00e9 de couleurs chaudes et d&rsquo;un fond simulant des fragments de c\u00e9ramique, cet aimant est le souvenir parfait pour ceux qui ont parcouru ce c\u00e9l\u00e8bre chemin et souhaitent emporter un morceau de son histoire.<\/p>\n","protected":false},"featured_media":14088,"template":"","meta":{"_acf_changed":false},"product_brand":[],"product_cat":[697],"product_tag":[],"class_list":{"0":"post-36134","1":"product","2":"type-product","3":"status-publish","4":"has-post-thumbnail","6":"product_cat-aimants","7":"pa_ciudad-santiago-de-compostela","8":"pa_pais-espana","10":"first","11":"instock","12":"shipping-taxable","13":"product-type-simple"},"acf":[],"_links":{"self":[{"href":"https:\/\/olemosaic.com\/fr\/wp-json\/wp\/v2\/product\/36134","targetHints":{"allow":["GET"]}}],"collection":[{"href":"https:\/\/olemosaic.com\/fr\/wp-json\/wp\/v2\/product"}],"about":[{"href":"https:\/\/olemosaic.com\/fr\/wp-json\/wp\/v2\/types\/product"}],"wp:featuredmedia":[{"embeddable":true,"href":"https:\/\/olemosaic.com\/fr\/wp-json\/wp\/v2\/media\/14088"}],"wp:attachment":[{"href":"https:\/\/olemosaic.com\/fr\/wp-json\/wp\/v2\/media?parent=36134"}],"wp:term":[{"taxonomy":"product_brand","embeddable":true,"href":"https:\/\/olemosaic.com\/fr\/wp-json\/wp\/v2\/product_brand?post=36134"},{"taxonomy":"product_cat","embeddable":true,"href":"https:\/\/olemosaic.com\/fr\/wp-json\/wp\/v2\/product_cat?post=36134"},{"taxonomy":"product_tag","embeddable":true,"href":"https:\/\/olemosaic.com\/fr\/wp-json\/wp\/v2\/product_tag?post=36134"}],"curies":[{"name":"wp","href":"https:\/\/api.w.org\/{rel}","templated":true}]}}