{"id":36118,"date":"2025-02-20T23:38:05","date_gmt":"2025-02-20T22:38:05","guid":{"rendered":"http:\/\/olemosaic.com\/producto\/iman-de-resina-salamandra-tenerife-75-cm\/"},"modified":"2025-07-25T19:23:48","modified_gmt":"2025-07-25T17:23:48","slug":"aimant-resine-salamandre-tenerife-7-5-cm","status":"publish","type":"product","link":"https:\/\/olemosaic.com\/fr\/produit\/aimant-resine-salamandre-tenerife-7-5-cm\/","title":{"rendered":"Aimant en r\u00e9sine. Salamandre. Tenerife. 7,5 cm."},"content":{"rendered":"<p>Aimant en r\u00e9sine en forme de salamandre de Tenerife<\/p>\n<p>Cet aimant en r\u00e9sine en forme de salamandre est un charmant souvenir qui capture l&rsquo;essence vibrante de Tenerife, devenant un rappel parfait de la beaut\u00e9 de cette \u00eele des Canaries. D&rsquo;une dimension de 7,5 cm, chaque pi\u00e8ce se distingue par son design color\u00e9 et d\u00e9taill\u00e9, avec des tons intenses de rouge, vert et bleu qui \u00e9voquent la faune locale et le riche paysage naturel de Tenerife. Les d\u00e9tails en relief simulant la texture unique de la salamandre ajoutent de la profondeur et du r\u00e9alisme, faisant de chaque regard sur cet aimant une petite immersion dans la biodiversit\u00e9 canarienne.<\/p>\n<p>D\u00e9cor\u00e9 de motifs floraux repr\u00e9sentant des \u00e9l\u00e9ments cl\u00e9s du folklore et de la culture canarienne, cet aimant est une excellente option pour les touristes \u00e0 la recherche d&rsquo;un souvenir authentique de leur visite. La salamandre, traditionnellement associ\u00e9e \u00e0 l&rsquo;\u00eele, symbolise sa connexion avec la nature et la vie sauvage, refl\u00e9tant ainsi la riche diversit\u00e9 qui caract\u00e9rise Tenerife.<\/p>\n<p>Id\u00e9al pour orner le r\u00e9frig\u00e9rateur ou toute surface m\u00e9tallique, cet aimant n&rsquo;est pas seulement fonctionnel, mais agit \u00e9galement comme une pi\u00e8ce d\u00e9corative qui compl\u00e8te n&rsquo;importe quel foyer. Chez Ol\u00e9 Mosaic, nous sommes fiers de proposer des souvenirs authentiques et repr\u00e9sentatifs, comme cet aimant de salamandre, parfaits pour les boutiques de cadeaux touristiques cherchant \u00e0 s&rsquo;approvisionner en produits de qualit\u00e9 et de pertinence culturelle.<\/p>\n","protected":false},"excerpt":{"rendered":"<p>Aimant en forme de salamandre, repr\u00e9sentative de Tenerife, de 7,5 cm. Cet aimant attrayant pr\u00e9sente un design vibrant avec des couleurs vives comme le rouge, le vert et le bleu, et des d\u00e9tails en relief simulant la texture de la salamandre. D\u00e9cor\u00e9 de motifs floraux, cette pi\u00e8ce capture l&rsquo;essence du folklore canarien et est id\u00e9ale pour se souvenir de la beaut\u00e9 de l&rsquo;\u00eele. Parfait pour orner le r\u00e9frig\u00e9rateur ou toute surface m\u00e9tallique.<\/p>\n","protected":false},"featured_media":14087,"template":"","meta":{"_acf_changed":false},"product_brand":[],"product_cat":[697],"product_tag":[530],"class_list":{"0":"post-36118","1":"product","2":"type-product","3":"status-publish","4":"has-post-thumbnail","6":"product_cat-aimants","7":"product_tag-animaux","8":"pa_ciudad-tenerife","9":"pa_motivo-salamandres","10":"pa_pais-espana","12":"first","13":"instock","14":"shipping-taxable","15":"product-type-simple"},"acf":[],"_links":{"self":[{"href":"https:\/\/olemosaic.com\/fr\/wp-json\/wp\/v2\/product\/36118","targetHints":{"allow":["GET"]}}],"collection":[{"href":"https:\/\/olemosaic.com\/fr\/wp-json\/wp\/v2\/product"}],"about":[{"href":"https:\/\/olemosaic.com\/fr\/wp-json\/wp\/v2\/types\/product"}],"wp:featuredmedia":[{"embeddable":true,"href":"https:\/\/olemosaic.com\/fr\/wp-json\/wp\/v2\/media\/14087"}],"wp:attachment":[{"href":"https:\/\/olemosaic.com\/fr\/wp-json\/wp\/v2\/media?parent=36118"}],"wp:term":[{"taxonomy":"product_brand","embeddable":true,"href":"https:\/\/olemosaic.com\/fr\/wp-json\/wp\/v2\/product_brand?post=36118"},{"taxonomy":"product_cat","embeddable":true,"href":"https:\/\/olemosaic.com\/fr\/wp-json\/wp\/v2\/product_cat?post=36118"},{"taxonomy":"product_tag","embeddable":true,"href":"https:\/\/olemosaic.com\/fr\/wp-json\/wp\/v2\/product_tag?post=36118"}],"curies":[{"name":"wp","href":"https:\/\/api.w.org\/{rel}","templated":true}]}}