{"id":36117,"date":"2025-02-20T23:38:05","date_gmt":"2025-02-20T22:38:05","guid":{"rendered":"http:\/\/olemosaic.com\/producto\/iman-de-resina-salamandra-gran-canaria-75-cm\/"},"modified":"2025-07-25T19:31:58","modified_gmt":"2025-07-25T17:31:58","slug":"aimant-resine-salamandre-gran-canaria-7-5-cm","status":"publish","type":"product","link":"https:\/\/olemosaic.com\/fr\/produit\/aimant-resine-salamandre-gran-canaria-7-5-cm\/","title":{"rendered":"Aimant en r\u00e9sine. Salamandre. Gran Canaria. 7,5 cm."},"content":{"rendered":"<p>Cet attrayant aimant en r\u00e9sine en forme de salamandre est le souvenir id\u00e9al pour emporter un petit morceau de Gran Canaria. Avec ses 7,5 cm, il pr\u00e9sente un design vibrant et color\u00e9, avec plusieurs salamandres dans les tons bleus, verts et rouges. Chacune d&rsquo;elles est orn\u00e9e de d\u00e9tails floraux vifs qui capturent la beaut\u00e9 naturelle de l&rsquo;\u00eele. Sa finition brillante lui donne non seulement un aspect attrayant, mais garantit \u00e9galement la durabilit\u00e9 du produit, le rendant parfait pour d\u00e9corer n&rsquo;importe quelle surface m\u00e9tallique, que ce soit \u00e0 la maison ou au bureau.<\/p>\n<p>La salamandre est un symbole associ\u00e9 \u00e0 la faune canarienne et refl\u00e8te la diversit\u00e9 de l&rsquo;\u00e9cosyst\u00e8me de la r\u00e9gion. Cet aimant n&rsquo;est pas seulement un objet d\u00e9coratif, mais il \u00e9voque \u00e9galement la riche biodiversit\u00e9 que Gran Canaria offre, devenant un souvenir repr\u00e9sentatif de cette destination touristique populaire. Chez Ol\u00e9 Mosaic, nous avons confiance en l&rsquo;authenticit\u00e9 et la qualit\u00e9 de nos souvenirs, en proposant un design qui combine artisanat et \u00e9l\u00e9ments inspir\u00e9s de la culture locale. Cet aimant en r\u00e9sine est une excellente option pour les boutiques de cadeaux touristiques \u00e0 la recherche de produits qui permettent aux visiteurs de se souvenir de leur exp\u00e9rience sur l&rsquo;\u00eele. En tant que grossistes de souvenirs de Gran Canaria, nous assurons \u00e0 nos clients une s\u00e9lection unique et pertinente sur le march\u00e9.<\/p>\n","protected":false},"excerpt":{"rendered":"<p>Aimant en forme de salamandre, parfait pour emporter un souvenir de Gran Canaria. D&rsquo;une taille de 7,5 cm, cet aimant color\u00e9 se distingue par son design vibrant, repr\u00e9sentant plusieurs salamandres dans les tons bleus, verts et rouges, orn\u00e9es de d\u00e9tails floraux. Sa finition brillante et la technique de production employ\u00e9e garantissent un objet attrayant et durable, id\u00e9al pour d\u00e9corer n&rsquo;importe quelle surface m\u00e9tallique et \u00e9voquer la beaut\u00e9 du paysage canarien.<\/p>\n","protected":false},"featured_media":14086,"template":"","meta":{"_acf_changed":false},"product_brand":[],"product_cat":[697],"product_tag":[530],"class_list":{"0":"post-36117","1":"product","2":"type-product","3":"status-publish","4":"has-post-thumbnail","6":"product_cat-aimants","7":"product_tag-animaux","8":"pa_ciudad-gran-canaria","9":"pa_motivo-salamandres","10":"pa_pais-espana","12":"first","13":"instock","14":"shipping-taxable","15":"product-type-simple"},"acf":[],"_links":{"self":[{"href":"https:\/\/olemosaic.com\/fr\/wp-json\/wp\/v2\/product\/36117","targetHints":{"allow":["GET"]}}],"collection":[{"href":"https:\/\/olemosaic.com\/fr\/wp-json\/wp\/v2\/product"}],"about":[{"href":"https:\/\/olemosaic.com\/fr\/wp-json\/wp\/v2\/types\/product"}],"wp:featuredmedia":[{"embeddable":true,"href":"https:\/\/olemosaic.com\/fr\/wp-json\/wp\/v2\/media\/14086"}],"wp:attachment":[{"href":"https:\/\/olemosaic.com\/fr\/wp-json\/wp\/v2\/media?parent=36117"}],"wp:term":[{"taxonomy":"product_brand","embeddable":true,"href":"https:\/\/olemosaic.com\/fr\/wp-json\/wp\/v2\/product_brand?post=36117"},{"taxonomy":"product_cat","embeddable":true,"href":"https:\/\/olemosaic.com\/fr\/wp-json\/wp\/v2\/product_cat?post=36117"},{"taxonomy":"product_tag","embeddable":true,"href":"https:\/\/olemosaic.com\/fr\/wp-json\/wp\/v2\/product_tag?post=36117"}],"curies":[{"name":"wp","href":"https:\/\/api.w.org\/{rel}","templated":true}]}}