{"id":36114,"date":"2025-02-20T23:38:05","date_gmt":"2025-02-20T22:38:05","guid":{"rendered":"http:\/\/olemosaic.com\/producto\/iman-de-resina-letrero-tenerife-11-cm\/"},"modified":"2025-07-25T19:45:55","modified_gmt":"2025-07-25T17:45:55","slug":"aimant-resine-panneau-tenerife-11-cm","status":"publish","type":"product","link":"https:\/\/olemosaic.com\/fr\/produit\/aimant-resine-panneau-tenerife-11-cm\/","title":{"rendered":"Aimant en r\u00e9sine. Panneau. Tenerife. 11 cm."},"content":{"rendered":"<p>Aimant en r\u00e9sine en forme de panneau, parfait pour ceux qui souhaitent ramener un petit morceau de Tenerife chez eux. D&rsquo;une dimension de 11 cm, cet aimant vibrant met en avant le mot \u00ab\u00a0TENERIFE\u00a0\u00bb en grandes lettres color\u00e9es, capturant l&rsquo;essence de cette magnifique \u00eele des Canaries. Le design est orn\u00e9 d&rsquo;un fond de style mosa\u00efque qui \u00e9voque la riche tradition artistique et culturelle de Tenerife, combinant des tons brillants qui rappellent ses paysages ensoleill\u00e9s et ses march\u00e9s pleins de vie.<\/p>\n<p>Les d\u00e9tails d\u00e9coratifs incluent des \u00e9l\u00e9ments floraux repr\u00e9sentatifs de la flore locale, ce qui fait de cet aimant un souvenir joyeux et significatif. Ce produit n&rsquo;est pas seulement un souvenir pratique, mais aussi une c\u00e9l\u00e9bration visuelle de la beaut\u00e9 naturelle de Tenerife, id\u00e9al pour ceux qui cherchent \u00e0 se rem\u00e9morer des moments inoubliables sur l&rsquo;\u00eele.<\/p>\n<p>En tant que distributeur de souvenirs de haute qualit\u00e9, Ol\u00e9 Mosaic est fier de proposer des produits authentiques qui refl\u00e8tent la richesse culturelle de l&rsquo;Espagne et du Portugal. Cet aimant de Tenerife est un choix parfait pour les boutiques de cadeaux touristiques, attirant aussi bien les touristes que les locaux souhaitant emporter un souvenir de leur foyer. Ajouter cet aimant \u00e0 votre catalogue permet non seulement de diversifier votre offre, mais offre \u00e9galement aux clients une pi\u00e8ce authentique et color\u00e9e de la culture canarienne.<\/p>\n","protected":false},"excerpt":{"rendered":"<p>Aimant en forme de panneau c\u00e9l\u00e9brant la beaut\u00e9 de Tenerife. D&rsquo;une dimension de 11 cm, il pr\u00e9sente le mot \u00ab\u00a0TENERIFE\u00a0\u00bb en grandes lettres color\u00e9es sur un fond de style mosa\u00efque. L&rsquo;utilisation de tons brillants et de d\u00e9corations attrayantes, ainsi qu&rsquo;un \u00e9l\u00e9ment distinctif \u00e9voquant la flore locale, en fait un souvenir joyeux et s\u00e9duisant, id\u00e9al pour se rem\u00e9morer les moments v\u00e9cus sur cette magnifique \u00eele des Canaries.<\/p>\n","protected":false},"featured_media":14083,"template":"","meta":{"_acf_changed":false},"product_brand":[],"product_cat":[697],"product_tag":[],"class_list":{"0":"post-36114","1":"product","2":"type-product","3":"status-publish","4":"has-post-thumbnail","6":"product_cat-aimants","7":"pa_ciudad-tenerife","8":"pa_motivo-panneaux-villes","9":"pa_pais-espana","11":"first","12":"instock","13":"shipping-taxable","14":"product-type-simple"},"acf":[],"_links":{"self":[{"href":"https:\/\/olemosaic.com\/fr\/wp-json\/wp\/v2\/product\/36114","targetHints":{"allow":["GET"]}}],"collection":[{"href":"https:\/\/olemosaic.com\/fr\/wp-json\/wp\/v2\/product"}],"about":[{"href":"https:\/\/olemosaic.com\/fr\/wp-json\/wp\/v2\/types\/product"}],"wp:featuredmedia":[{"embeddable":true,"href":"https:\/\/olemosaic.com\/fr\/wp-json\/wp\/v2\/media\/14083"}],"wp:attachment":[{"href":"https:\/\/olemosaic.com\/fr\/wp-json\/wp\/v2\/media?parent=36114"}],"wp:term":[{"taxonomy":"product_brand","embeddable":true,"href":"https:\/\/olemosaic.com\/fr\/wp-json\/wp\/v2\/product_brand?post=36114"},{"taxonomy":"product_cat","embeddable":true,"href":"https:\/\/olemosaic.com\/fr\/wp-json\/wp\/v2\/product_cat?post=36114"},{"taxonomy":"product_tag","embeddable":true,"href":"https:\/\/olemosaic.com\/fr\/wp-json\/wp\/v2\/product_tag?post=36114"}],"curies":[{"name":"wp","href":"https:\/\/api.w.org\/{rel}","templated":true}]}}