{"id":36107,"date":"2025-02-20T23:38:04","date_gmt":"2025-02-20T22:38:04","guid":{"rendered":"http:\/\/olemosaic.com\/producto\/iman-de-resina-letrero-malaga-11-cm\/"},"modified":"2025-07-25T20:09:36","modified_gmt":"2025-07-25T18:09:36","slug":"aimant-resine-enseigne-malaga-11-cm","status":"publish","type":"product","link":"https:\/\/olemosaic.com\/fr\/produit\/aimant-resine-enseigne-malaga-11-cm\/","title":{"rendered":"Aimant en r\u00e9sine. Enseigne. Malaga. 11 cm."},"content":{"rendered":"<p>Cet aimant en r\u00e9sine en forme d&rsquo;enseigne est un souvenir vibrant et attrayant qui capture l&rsquo;essence de Malaga. D&rsquo;une dimension de 11 cm, l&rsquo;aimant pr\u00e9sente le mot \u00ab MALAGA \u00bb en grandes lettres color\u00e9es, cr\u00e9ant un effet frappant id\u00e9al pour d\u00e9corer n&rsquo;importe quel r\u00e9frig\u00e9rateur ou surface magn\u00e9tique. Le fond de l&rsquo;aimant est d\u00e9cor\u00e9 d&rsquo;un motif de mosa\u00efque dans les tons gris, accompagn\u00e9 de charmants d\u00e9tails en rouge, jaune et bleu, qui \u00e9voquent l&rsquo;art et le riche h\u00e9ritage culturel andalou.<\/p>\n<p>En compl\u00e9ment du mot, un d\u00e9licat d\u00e9tail peint en forme de flamant rose souligne l&rsquo;esprit joyeux et festif de la r\u00e9gion, symbolisant le folklore de Malaga. Cet aimant n&rsquo;est pas seulement un objet d\u00e9coratif, mais un v\u00e9ritable hommage \u00e0 la culture de Malaga, offrant aux touristes un souvenir significatif de leur visite. De plus, son design artistique fait de ce souvenir une excellente option pour ceux qui recherchent une pi\u00e8ce repr\u00e9sentant la cr\u00e9ativit\u00e9 et le patrimoine de l&rsquo;Andalousie.<\/p>\n<p>Chez Ol\u00e9 Mosaic, nous sommes sp\u00e9cialis\u00e9s dans la distribution de souvenirs en gros, et cet aimant de Malaga est un choix id\u00e9al pour les boutiques de cadeaux touristiques cherchant \u00e0 proposer des produits authentiques et color\u00e9s. Attirez vos clients avec cet aimant qui combine art, culture et la vivacit\u00e9 de Malaga en un seul article.<\/p>\n","protected":false},"excerpt":{"rendered":"<p>Aimant en forme d&rsquo;enseigne arborant le mot \u00ab\u00a0MALAGA\u00a0\u00bb en grandes lettres color\u00e9es. Ce souvenir attrayant de 11 cm pr\u00e9sente un fond avec un design de mosa\u00efque dans les tons gris et de petits d\u00e9tails en rouge, jaune et bleu, \u00e9voquant l&rsquo;art andalou caract\u00e9ristique. Un flamant rose peint compl\u00e8te le design, mettant en valeur la riche culture et le folklore de Malaga. Id\u00e9al pour ajouter une touche vibrante \u00e0 n&rsquo;importe quel r\u00e9frig\u00e9rateur.<\/p>\n","protected":false},"featured_media":14081,"template":"","meta":{"_acf_changed":false},"product_brand":[],"product_cat":[697],"product_tag":[],"class_list":{"0":"post-36107","1":"product","2":"type-product","3":"status-publish","4":"has-post-thumbnail","6":"product_cat-aimants","7":"pa_ciudad-malaga","8":"pa_motivo-panneaux-villes","9":"pa_pais-espana","11":"first","12":"instock","13":"shipping-taxable","14":"product-type-simple"},"acf":[],"_links":{"self":[{"href":"https:\/\/olemosaic.com\/fr\/wp-json\/wp\/v2\/product\/36107","targetHints":{"allow":["GET"]}}],"collection":[{"href":"https:\/\/olemosaic.com\/fr\/wp-json\/wp\/v2\/product"}],"about":[{"href":"https:\/\/olemosaic.com\/fr\/wp-json\/wp\/v2\/types\/product"}],"wp:featuredmedia":[{"embeddable":true,"href":"https:\/\/olemosaic.com\/fr\/wp-json\/wp\/v2\/media\/14081"}],"wp:attachment":[{"href":"https:\/\/olemosaic.com\/fr\/wp-json\/wp\/v2\/media?parent=36107"}],"wp:term":[{"taxonomy":"product_brand","embeddable":true,"href":"https:\/\/olemosaic.com\/fr\/wp-json\/wp\/v2\/product_brand?post=36107"},{"taxonomy":"product_cat","embeddable":true,"href":"https:\/\/olemosaic.com\/fr\/wp-json\/wp\/v2\/product_cat?post=36107"},{"taxonomy":"product_tag","embeddable":true,"href":"https:\/\/olemosaic.com\/fr\/wp-json\/wp\/v2\/product_tag?post=36107"}],"curies":[{"name":"wp","href":"https:\/\/api.w.org\/{rel}","templated":true}]}}