{"id":36106,"date":"2025-02-20T23:38:04","date_gmt":"2025-02-20T22:38:04","guid":{"rendered":"http:\/\/olemosaic.com\/producto\/iman-de-resina-letrero-alicante-azul-11-cm\/"},"modified":"2025-07-25T19:41:02","modified_gmt":"2025-07-25T17:41:02","slug":"aimant-resine-enseigne-alicante-bleu-11-cm","status":"publish","type":"product","link":"https:\/\/olemosaic.com\/fr\/produit\/aimant-resine-enseigne-alicante-bleu-11-cm\/","title":{"rendered":"Aimant en r\u00e9sine. Enseigne. Alicante. Bleu. 11 cm."},"content":{"rendered":"<p>Cet aimant en r\u00e9sine en forme d&rsquo;enseigne est un souvenir vibrant et inoubliable d&rsquo;Alicante, parfait pour ceux qui souhaitent emporter un petit morceau de cette charmante ville m\u00e9diterran\u00e9enne. D&rsquo;une dimension de 11 cm, cet aimant attrayant affiche le mot \u00ab\u00a0Alicante\u00a0\u00bb dans un design color\u00e9 et frappant qui \u00e9voque la chaleur du littoral espagnol. Le fond bleu met en valeur un motif de mosa\u00efque symbolisant le riche h\u00e9ritage culturel de la r\u00e9gion, tandis que chaque lettre, peinte dans des tons brillants de rouge, vert, jaune et rose, apporte un air festif et joyeux. Ce d\u00e9tail vibrant en fait un digne repr\u00e9sentant des souvenirs d&rsquo;Alicante.<\/p>\n<p>De plus, l&rsquo;aimant pr\u00e9sente un petit d\u00e9tail d\u00e9coratif significatif : un l\u00e9zard, symbole caract\u00e9ristique de la r\u00e9gion, qui compl\u00e8te le design et ajoute une touche d&rsquo;authenticit\u00e9 culturelle. Cet aimant n&rsquo;est pas seulement une excellente option pour d\u00e9corer le r\u00e9frig\u00e9rateur, mais sert \u00e9galement de souvenir inoubliable pour les touristes cherchant \u00e0 capturer et conserver l&rsquo;essence d&rsquo;Alicante. Chez Ol\u00e9 Mosaic, nous sommes fiers de proposer des souvenirs authentiques de la r\u00e9gion, id\u00e9aux pour les boutiques de cadeaux touristiques souhaitant offrir des produits c\u00e9l\u00e9brant la culture et les traditions locales. Cet aimant d&rsquo;Alicante est un choix parfait pour ceux qui recherchent des souvenirs m\u00e9morables refl\u00e9tant la vitalit\u00e9 et le charme de la M\u00e9diterran\u00e9e.<\/p>\n","protected":false},"excerpt":{"rendered":"<p>Aimant en forme d&rsquo;enseigne reproduisant le mot \u00ab\u00a0Alicante\u00a0\u00bb avec un design vibrant et color\u00e9. Il mesure 11 cm et se distingue par son fond bleu, orn\u00e9 d&rsquo;un motif de mosa\u00efque \u00e9voquant la culture m\u00e9diterran\u00e9enne. Chaque lettre est peinte dans des tons brillants, tels que le rouge, le vert, le jaune et le rose, cr\u00e9ant un effet attrayant et frappant. De plus, il inclut un petit d\u00e9tail d\u00e9coratif d&rsquo;un l\u00e9zard, symbole caract\u00e9ristique de la r\u00e9gion, qui compl\u00e8te son esth\u00e9tique joyeuse et repr\u00e9sentative.<\/p>\n","protected":false},"featured_media":14080,"template":"","meta":{"_acf_changed":false},"product_brand":[],"product_cat":[697],"product_tag":[],"class_list":{"0":"post-36106","1":"product","2":"type-product","3":"status-publish","4":"has-post-thumbnail","6":"product_cat-aimants","7":"pa_ciudad-alicante","8":"pa_motivo-panneaux-villes","9":"pa_pais-espana","11":"first","12":"instock","13":"shipping-taxable","14":"product-type-simple"},"acf":[],"_links":{"self":[{"href":"https:\/\/olemosaic.com\/fr\/wp-json\/wp\/v2\/product\/36106","targetHints":{"allow":["GET"]}}],"collection":[{"href":"https:\/\/olemosaic.com\/fr\/wp-json\/wp\/v2\/product"}],"about":[{"href":"https:\/\/olemosaic.com\/fr\/wp-json\/wp\/v2\/types\/product"}],"wp:featuredmedia":[{"embeddable":true,"href":"https:\/\/olemosaic.com\/fr\/wp-json\/wp\/v2\/media\/14080"}],"wp:attachment":[{"href":"https:\/\/olemosaic.com\/fr\/wp-json\/wp\/v2\/media?parent=36106"}],"wp:term":[{"taxonomy":"product_brand","embeddable":true,"href":"https:\/\/olemosaic.com\/fr\/wp-json\/wp\/v2\/product_brand?post=36106"},{"taxonomy":"product_cat","embeddable":true,"href":"https:\/\/olemosaic.com\/fr\/wp-json\/wp\/v2\/product_cat?post=36106"},{"taxonomy":"product_tag","embeddable":true,"href":"https:\/\/olemosaic.com\/fr\/wp-json\/wp\/v2\/product_tag?post=36106"}],"curies":[{"name":"wp","href":"https:\/\/api.w.org\/{rel}","templated":true}]}}