{"id":36098,"date":"2025-02-20T23:38:04","date_gmt":"2025-02-20T22:38:04","guid":{"rendered":"http:\/\/olemosaic.com\/producto\/iman-de-resina-letrero-gran-canaria-11-cm\/"},"modified":"2025-07-25T19:45:33","modified_gmt":"2025-07-25T17:45:33","slug":"aimant-resine-enseigne-gran-canaria-11-cm","status":"publish","type":"product","link":"https:\/\/olemosaic.com\/fr\/produit\/aimant-resine-enseigne-gran-canaria-11-cm\/","title":{"rendered":"Aimant en r\u00e9sine. Enseigne. Gran Canaria. 11 cm."},"content":{"rendered":"<p>Aimant en r\u00e9sine d\u00e9coratif en forme d&rsquo;enseigne \u00ab\u00a0Gran Canaria\u00a0\u00bb. Cet aimant attrayant de 11 cm est une pi\u00e8ce incontournable pour ceux qui souhaitent emporter un morceau de la beaut\u00e9 canarienne chez eux. Son design vibrant met en valeur le mot \u00ab\u00a0Gran Canaria\u00a0\u00bb en lettres multicolores, une c\u00e9l\u00e9bration de l&rsquo;art et de la cr\u00e9ativit\u00e9 qui se respire dans chaque coin de l&rsquo;\u00eele. Le fond de l&rsquo;aimant simule une mosa\u00efque de carreaux, \u00e9voquant les traditions artistiques locales qui ornent de nombreuses villes canariennes.<\/p>\n<p>Le m\u00e9lange de couleurs joyeuses et la finition textur\u00e9e de l&rsquo;enseigne cr\u00e9ent une image contrast\u00e9e et dynamique, id\u00e9ale pour embellir n&rsquo;importe quelle surface m\u00e9tallique, comme le r\u00e9frig\u00e9rateur, un tableau blanc ou un panneau, apportant une touche de fra\u00eecheur \u00e0 votre int\u00e9rieur. Cet aimant n&rsquo;est pas seulement un ornement, mais aussi un souvenir repr\u00e9sentatif de Gran Canaria, id\u00e9al pour les touristes \u00e0 la recherche de souvenirs authentiques et pleins de sens culturel. Chez Ol\u00e9 Mosaic, en tant que grossistes de souvenirs, nous proposons des articles qui capturent l&rsquo;essence de chaque lieu, et cet aimant est une option parfaite pour les boutiques de cadeaux touristiques souhaitant mettre en valeur la singularit\u00e9 et la beaut\u00e9 des produits canariens.<\/p>\n","protected":false},"excerpt":{"rendered":"<p>Aimant en forme d&rsquo;enseigne d\u00e9corative mettant en valeur le mot \u00ab\u00a0Gran Canaria\u00a0\u00bb. Avec des dimensions de 11 cm, son design vibrant pr\u00e9sente des lettres de diverses couleurs sur un fond simulant une mosa\u00efque de carreaux, \u00e9voquant la cr\u00e9ativit\u00e9 et l&rsquo;art canarien. Cet aimant est une pi\u00e8ce id\u00e9ale pour se souvenir de la beaut\u00e9 de Gran Canaria, combinant des \u00e9l\u00e9ments visuels joyeux et repr\u00e9sentatifs de la r\u00e9gion. Parfait pour d\u00e9corer votre r\u00e9frig\u00e9rateur ou toute surface m\u00e9tallique.<\/p>\n","protected":false},"featured_media":14077,"template":"","meta":{"_acf_changed":false},"product_brand":[],"product_cat":[697],"product_tag":[],"class_list":{"0":"post-36098","1":"product","2":"type-product","3":"status-publish","4":"has-post-thumbnail","6":"product_cat-aimants","7":"pa_ciudad-gran-canaria","8":"pa_motivo-panneaux-villes","9":"pa_pais-espana","11":"first","12":"instock","13":"shipping-taxable","14":"product-type-simple"},"acf":[],"_links":{"self":[{"href":"https:\/\/olemosaic.com\/fr\/wp-json\/wp\/v2\/product\/36098","targetHints":{"allow":["GET"]}}],"collection":[{"href":"https:\/\/olemosaic.com\/fr\/wp-json\/wp\/v2\/product"}],"about":[{"href":"https:\/\/olemosaic.com\/fr\/wp-json\/wp\/v2\/types\/product"}],"wp:featuredmedia":[{"embeddable":true,"href":"https:\/\/olemosaic.com\/fr\/wp-json\/wp\/v2\/media\/14077"}],"wp:attachment":[{"href":"https:\/\/olemosaic.com\/fr\/wp-json\/wp\/v2\/media?parent=36098"}],"wp:term":[{"taxonomy":"product_brand","embeddable":true,"href":"https:\/\/olemosaic.com\/fr\/wp-json\/wp\/v2\/product_brand?post=36098"},{"taxonomy":"product_cat","embeddable":true,"href":"https:\/\/olemosaic.com\/fr\/wp-json\/wp\/v2\/product_cat?post=36098"},{"taxonomy":"product_tag","embeddable":true,"href":"https:\/\/olemosaic.com\/fr\/wp-json\/wp\/v2\/product_tag?post=36098"}],"curies":[{"name":"wp","href":"https:\/\/api.w.org\/{rel}","templated":true}]}}