{"id":36096,"date":"2025-02-20T23:38:03","date_gmt":"2025-02-20T22:38:03","guid":{"rendered":"http:\/\/olemosaic.com\/producto\/iman-de-resina-letrero-gran-canaria-azul-11-cm\/"},"modified":"2025-07-25T20:24:32","modified_gmt":"2025-07-25T18:24:32","slug":"aimant-resine-enseigne-gran-canaria-bleu-11-cm","status":"publish","type":"product","link":"https:\/\/olemosaic.com\/fr\/produit\/aimant-resine-enseigne-gran-canaria-bleu-11-cm\/","title":{"rendered":"Aimant en r\u00e9sine. Enseigne. Gran Canaria. Bleu. 11 cm."},"content":{"rendered":"<p>Cet aimant en r\u00e9sine, en forme d&rsquo;enseigne portant l&rsquo;inscription \u00ab\u00a0Gran Canaria\u00a0\u00bb, est une repr\u00e9sentation vibrante de la beaut\u00e9 et de la culture de cette \u00eele embl\u00e9matique des Canaries. Avec des dimensions de 11 cm, l&rsquo;aimant se distingue par son fond bleu, qui \u00e9voque les eaux cristallines entourant Gran Canaria et offre une touche \u00e9l\u00e9gante de mosa\u00efque rappelant la c\u00e9ramique traditionnelle de la r\u00e9gion. Les lettres, aux couleurs vives \u2014 jaune, rouge, vert et rose \u2014 transmettent la joie et la chaleur de l&rsquo;ambiance canarienne, en faisant un souvenir attrayant qui capture l&rsquo;essence de la destination.<\/p>\n<p>Un charmant d\u00e9tail d\u00e9coratif, un l\u00e9zard vert, rejoint l&rsquo;inscription, symbolisant la faune riche de l&rsquo;\u00eele et ajoutant un \u00e9l\u00e9ment authentique \u00e0 la pi\u00e8ce. Ce bel aimant n&rsquo;est pas seulement un article d\u00e9coratif pour n&rsquo;importe quel r\u00e9frig\u00e9rateur, mais aussi un souvenir qui garde vivants les souvenirs de votre visite \u00e0 Gran Canaria. En tant que distributeurs de souvenirs, chez Ol\u00e9 Mosaic, nous proposons des produits authentiques qui c\u00e9l\u00e8brent la diversit\u00e9 culturelle de l&rsquo;Espagne. Cet aimant de Gran Canaria est un choix id\u00e9al pour les boutiques de cadeaux touristiques, offrant aux voyageurs un morceau de leur exp\u00e9rience canarienne dans un format compact et attrayant. Assurez-vous d&rsquo;ajouter cet aimant \u00e0 votre collection de souvenirs, repr\u00e9sentant la chaleur et l&rsquo;esprit de l&rsquo;archipel canarien.<\/p>\n","protected":false},"excerpt":{"rendered":"<p>Aimant en forme d&rsquo;enseigne portant l&rsquo;inscription \u00ab\u00a0Gran Canaria\u00a0\u00bb. Son design vibrant et color\u00e9 souligne la beaut\u00e9 de l&rsquo;\u00eele. Il mesure 11 cm et pr\u00e9sente un fond bleu avec un style mosa\u00efque, combin\u00e9 \u00e0 des lettres dans des tons jaunes, rouges, verts et roses qui \u00e9voquent la culture canarienne. Un charmant d\u00e9tail d\u00e9coratif en forme de l\u00e9zard vert ajoute du charme \u00e0 l&rsquo;aimant, en faisant le souvenir id\u00e9al pour se rem\u00e9morer votre visite.<\/p>\n","protected":false},"featured_media":14075,"template":"","meta":{"_acf_changed":false},"product_brand":[],"product_cat":[697],"product_tag":[],"class_list":{"0":"post-36096","1":"product","2":"type-product","3":"status-publish","4":"has-post-thumbnail","6":"product_cat-aimants","7":"pa_ciudad-gran-canaria","8":"pa_motivo-panneaux-villes","9":"pa_pais-espana","11":"first","12":"instock","13":"shipping-taxable","14":"product-type-simple"},"acf":[],"_links":{"self":[{"href":"https:\/\/olemosaic.com\/fr\/wp-json\/wp\/v2\/product\/36096","targetHints":{"allow":["GET"]}}],"collection":[{"href":"https:\/\/olemosaic.com\/fr\/wp-json\/wp\/v2\/product"}],"about":[{"href":"https:\/\/olemosaic.com\/fr\/wp-json\/wp\/v2\/types\/product"}],"wp:featuredmedia":[{"embeddable":true,"href":"https:\/\/olemosaic.com\/fr\/wp-json\/wp\/v2\/media\/14075"}],"wp:attachment":[{"href":"https:\/\/olemosaic.com\/fr\/wp-json\/wp\/v2\/media?parent=36096"}],"wp:term":[{"taxonomy":"product_brand","embeddable":true,"href":"https:\/\/olemosaic.com\/fr\/wp-json\/wp\/v2\/product_brand?post=36096"},{"taxonomy":"product_cat","embeddable":true,"href":"https:\/\/olemosaic.com\/fr\/wp-json\/wp\/v2\/product_cat?post=36096"},{"taxonomy":"product_tag","embeddable":true,"href":"https:\/\/olemosaic.com\/fr\/wp-json\/wp\/v2\/product_tag?post=36096"}],"curies":[{"name":"wp","href":"https:\/\/api.w.org\/{rel}","templated":true}]}}