{"id":36073,"date":"2025-02-20T23:38:03","date_gmt":"2025-02-20T22:38:03","guid":{"rendered":"http:\/\/olemosaic.com\/producto\/iman-de-resina-punt-de-trobada-lanzarote-10-cm\/"},"modified":"2025-07-25T20:07:16","modified_gmt":"2025-07-25T18:07:16","slug":"aimant-en-resine-point-de-rencontre-lanzarote-10-cm","status":"publish","type":"product","link":"https:\/\/olemosaic.com\/fr\/produit\/aimant-en-resine-point-de-rencontre-lanzarote-10-cm\/","title":{"rendered":"Aimant en r\u00e9sine. Point de rencontre. Lanzarote. 10 cm."},"content":{"rendered":"<p>Cet aimant en r\u00e9sine en forme de l\u00e9zard est une repr\u00e9sentation color\u00e9e des mosa\u00efques embl\u00e9matiques de Lanzarote, l&rsquo;une des \u00eeles les plus captivantes des Canaries. Avec ses 10 cm, cet aimant attrayant se distingue par son design vibrant et sa riche palette de couleurs, qui inclut le bleu, le jaune et le rouge, refl\u00e9tant la beaut\u00e9 de l&rsquo;architecture locale et de l&rsquo;art contemporain inspir\u00e9 par le c\u00e9l\u00e8bre artiste C\u00e9sar Manrique. Le mot \u00ab\u00a0Lanzarote\u00a0\u00bb est \u00e9l\u00e9gamment inscrit, ce qui fait de cet aimant non seulement une pi\u00e8ce d\u00e9corative, mais aussi un souvenir fonctionnel qui ajoute une touche de couleur \u00e0 n&rsquo;importe quel r\u00e9frig\u00e9rateur ou surface m\u00e9tallique.<\/p>\n<p>Le design du l\u00e9zard, symbole de l&rsquo;\u00eele, \u00e9voque la riche biodiversit\u00e9 de Lanzarote, tandis que les d\u00e9tails c\u00e9ramiques lui donnent une finition authentique et artisanale. Cette pi\u00e8ce est id\u00e9ale pour ceux qui recherchent des souvenirs de qualit\u00e9 qui encapsulent l&rsquo;essence de leurs voyages et moments sp\u00e9ciaux dans cette belle destination canarienne. Chez Ol\u00e9 Mosaic, nous nous sp\u00e9cialisons dans la distribution de souvenirs en gros, et cet aimant en r\u00e9sine est une excellente option pour les boutiques de cadeaux touristiques qui souhaitent offrir des produits authentiques mettant en valeur la culture locale et la cr\u00e9ativit\u00e9 de Lanzarote. Avec cet aimant, les touristes pourront emporter un morceau de l&rsquo;\u00eele avec eux, se souvenant de leurs vacances avec un sourire.<\/p>\n","protected":false},"excerpt":{"rendered":"<p>Aimant en forme de l\u00e9zard, inspir\u00e9 des mosa\u00efques color\u00e9es de Lanzarote. Cet aimant attrayant, de 10 cm, se distingue par son design vibrant et ses d\u00e9tails c\u00e9ramiques, avec un m\u00e9lange de couleurs comme le bleu, le jaune et le rouge, \u00e9voquant la riche culture artistique de l&rsquo;\u00eele. Avec le mot \u00ab\u00a0Lanzarote\u00a0\u00bb grav\u00e9, c&rsquo;est une pi\u00e8ce d\u00e9corative id\u00e9ale pour se souvenir de vos vacances dans cette belle destination canarienne.<\/p>\n","protected":false},"featured_media":14072,"template":"","meta":{"_acf_changed":false},"product_brand":[],"product_cat":[697],"product_tag":[],"class_list":{"0":"post-36073","1":"product","2":"type-product","3":"status-publish","4":"has-post-thumbnail","6":"product_cat-aimants","7":"pa_ciudad-lanzarote","8":"pa_motivo-punt-de-trobada","9":"pa_pais-espana","11":"first","12":"instock","13":"shipping-taxable","14":"product-type-simple"},"acf":[],"_links":{"self":[{"href":"https:\/\/olemosaic.com\/fr\/wp-json\/wp\/v2\/product\/36073","targetHints":{"allow":["GET"]}}],"collection":[{"href":"https:\/\/olemosaic.com\/fr\/wp-json\/wp\/v2\/product"}],"about":[{"href":"https:\/\/olemosaic.com\/fr\/wp-json\/wp\/v2\/types\/product"}],"wp:featuredmedia":[{"embeddable":true,"href":"https:\/\/olemosaic.com\/fr\/wp-json\/wp\/v2\/media\/14072"}],"wp:attachment":[{"href":"https:\/\/olemosaic.com\/fr\/wp-json\/wp\/v2\/media?parent=36073"}],"wp:term":[{"taxonomy":"product_brand","embeddable":true,"href":"https:\/\/olemosaic.com\/fr\/wp-json\/wp\/v2\/product_brand?post=36073"},{"taxonomy":"product_cat","embeddable":true,"href":"https:\/\/olemosaic.com\/fr\/wp-json\/wp\/v2\/product_cat?post=36073"},{"taxonomy":"product_tag","embeddable":true,"href":"https:\/\/olemosaic.com\/fr\/wp-json\/wp\/v2\/product_tag?post=36073"}],"curies":[{"name":"wp","href":"https:\/\/api.w.org\/{rel}","templated":true}]}}