{"id":36071,"date":"2025-02-20T23:38:02","date_gmt":"2025-02-20T22:38:02","guid":{"rendered":"http:\/\/olemosaic.com\/producto\/iman-de-resina-patio-madrid\/"},"modified":"2025-07-25T19:44:58","modified_gmt":"2025-07-25T17:44:58","slug":"aimant-en-resine-patio-madrid","status":"publish","type":"product","link":"https:\/\/olemosaic.com\/fr\/produit\/aimant-en-resine-patio-madrid\/","title":{"rendered":"Aimant en r\u00e9sine. Patio. Madrid."},"content":{"rendered":"<p>Cet aimant en r\u00e9sine en forme d&rsquo;\u00e9ventail est une pi\u00e8ce vibrante qui \u00e9voque la joie et le caract\u00e8re culturel de Madrid. Avec un design color\u00e9 illustrant un authentique patio madril\u00e8ne, ce souvenir capture \u00e0 la perfection l&rsquo;essence du flamenco espagnol. Au centre, une danseuse avec une robe spectaculaire \u00e0 pois rouges irradie de l&rsquo;\u00e9nergie tout en tenant un \u00e9l\u00e9gant \u00e9ventail. \u00c0 ses c\u00f4t\u00e9s, un danseur, v\u00eatu de blanc et noir, se joint \u00e0 la danse, cr\u00e9ant une image dynamique et festive. Le fond de l&rsquo;aimant r\u00e9v\u00e8le une mosa\u00efque andalouse qui apporte une touche artistique et traditionnelle, entour\u00e9e de pots de fleurs qui ajoutent un air frais et color\u00e9 \u00e0 la sc\u00e8ne.<\/p>\n<p>Le mot \u00ab\u00a0MADRID\u00a0\u00bb se d\u00e9tache en grandes lettres, soulignant la ville comme origine de cet objet attrayant. Cet aimant n&rsquo;est pas seulement un article d\u00e9coratif, mais aussi un souvenir embl\u00e9matique de Madrid qui encapsule le riche h\u00e9ritage culturel de l&rsquo;Espagne, id\u00e9al pour les touristes qui souhaitent emporter un morceau de cette ville vibrante. Chez Ol\u00e9 Mosaic, en tant que distributeur de souvenirs en gros, nous proposons des articles comme celui-ci, parfaits pour les boutiques de cadeaux touristiques qui recherchent des produits authentiques et repr\u00e9sentatifs. Cet aimant en r\u00e9sine est, sans aucun doute, une excellente option pour ceux qui souhaitent se souvenir de leur visite dans la capitale espagnole avec une touche d&rsquo;art et de folklore.<\/p>\n","protected":false},"excerpt":{"rendered":"<p>Aimant en forme d&rsquo;\u00e9ventail repr\u00e9sentant un vibrant patio madril\u00e8ne. Cet aimant color\u00e9 se distingue par ses illustrations d&rsquo;une danseuse de flamenco avec une robe \u00e0 pois rouges et d&rsquo;un danseur v\u00eatu de blanc et noir, entour\u00e9s de pots de fleurs. Avec le texte \u00ab\u00a0MADRID\u00a0\u00bb en grandes lettres, le fond s&rsquo;inspire de la mosa\u00efque andalouse traditionnelle, apportant une touche culturelle et artistique \u00e0 n&rsquo;importe quel endroit.<\/p>\n","protected":false},"featured_media":14070,"template":"","meta":{"_acf_changed":false},"product_brand":[],"product_cat":[697],"product_tag":[],"class_list":{"0":"post-36071","1":"product","2":"type-product","3":"status-publish","4":"has-post-thumbnail","6":"product_cat-aimants","7":"pa_ciudad-madrid","8":"pa_motivo-cours-interieures","9":"pa_pais-espana","11":"first","12":"instock","13":"shipping-taxable","14":"product-type-simple"},"acf":[],"_links":{"self":[{"href":"https:\/\/olemosaic.com\/fr\/wp-json\/wp\/v2\/product\/36071","targetHints":{"allow":["GET"]}}],"collection":[{"href":"https:\/\/olemosaic.com\/fr\/wp-json\/wp\/v2\/product"}],"about":[{"href":"https:\/\/olemosaic.com\/fr\/wp-json\/wp\/v2\/types\/product"}],"wp:featuredmedia":[{"embeddable":true,"href":"https:\/\/olemosaic.com\/fr\/wp-json\/wp\/v2\/media\/14070"}],"wp:attachment":[{"href":"https:\/\/olemosaic.com\/fr\/wp-json\/wp\/v2\/media?parent=36071"}],"wp:term":[{"taxonomy":"product_brand","embeddable":true,"href":"https:\/\/olemosaic.com\/fr\/wp-json\/wp\/v2\/product_brand?post=36071"},{"taxonomy":"product_cat","embeddable":true,"href":"https:\/\/olemosaic.com\/fr\/wp-json\/wp\/v2\/product_cat?post=36071"},{"taxonomy":"product_tag","embeddable":true,"href":"https:\/\/olemosaic.com\/fr\/wp-json\/wp\/v2\/product_tag?post=36071"}],"curies":[{"name":"wp","href":"https:\/\/api.w.org\/{rel}","templated":true}]}}