{"id":36070,"date":"2025-02-20T23:38:02","date_gmt":"2025-02-20T22:38:02","guid":{"rendered":"http:\/\/olemosaic.com\/producto\/iman-de-resina-patio-mojacar\/"},"modified":"2025-07-25T18:44:29","modified_gmt":"2025-07-25T16:44:29","slug":"aimant-en-resine-patio-mojacar","status":"publish","type":"product","link":"https:\/\/olemosaic.com\/fr\/produit\/aimant-en-resine-patio-mojacar\/","title":{"rendered":"Aimant en r\u00e9sine. Patio. Moj\u00e1car."},"content":{"rendered":"<p>Aimant en r\u00e9sine en forme d&rsquo;\u00e9ventail qui rend hommage au patio caract\u00e9ristique de Moj\u00e1car. Ce charmant souvenir capture l&rsquo;essence de la culture andalouse \u00e0 travers une sc\u00e8ne vibrante o\u00f9 une danseuse, v\u00eatue d&rsquo;un spectaculaire costume \u00e0 pois rouges, d\u00e9ploie son art avec gr\u00e2ce et joie. \u00c0 ses c\u00f4t\u00e9s, un guitariste ajoute une m\u00e9lodie \u00e0 l&rsquo;atmosph\u00e8re festive, tout en tenant sa guitare avec fiert\u00e9. L&rsquo;environnement est compl\u00e9t\u00e9 par une ombrelle, \u00e9l\u00e9ments typiques de la vie andalouse, et des pots de fleurs qui apportent de la couleur \u00e0 la composition.<\/p>\n<p>Le design de l&rsquo;aimant se distingue par ses couleurs vives et ses d\u00e9tails picturaux minutieux, qui \u00e9voquent la beaut\u00e9 et la joie des patios de Moj\u00e1car, un village embl\u00e9matique de la Costa de Almer\u00eda. Cet aimant ne sert pas seulement d&rsquo;outil pratique pour garder vos souvenirs en vue, mais agit \u00e9galement comme un authentique souvenir culturel qui refl\u00e8te la richesse du folklore andalou.<\/p>\n<p>Chez Ol\u00e9 Mosaic, en tant que grossistes de souvenirs, nous proposons cet aimant en r\u00e9sine comme une option id\u00e9ale pour les boutiques de cadeaux touristiques. Son authenticit\u00e9 et sa connexion culturelle en font un cadeau parfait pour ceux qui cherchent \u00e0 emporter un petit morceau d&rsquo;Andalousie chez eux. Se distinguant sur le march\u00e9 des souvenirs de Moj\u00e1car, cet article est un t\u00e9moignage visuel du charme andalou qui ravira les touristes.<\/p>\n","protected":false},"excerpt":{"rendered":"<p>Aimant en forme d&rsquo;\u00e9ventail qui rend hommage au patio caract\u00e9ristique de Moj\u00e1car. Ce souvenir color\u00e9 pr\u00e9sente une sc\u00e8ne vibrante avec une danseuse v\u00eatue d&rsquo;un costume \u00e0 pois rouges, un guitariste et une ombrelle, le tout entour\u00e9 de pots de fleurs et d&rsquo;une ambiance d\u00e9corative avec des mosa\u00efques. Le design se distingue par ses couleurs vives et ses d\u00e9tails picturaux minutieux qui \u00e9voquent la joie et la culture andalouses. Id\u00e9al pour se souvenir de la beaut\u00e9 de Moj\u00e1car.<\/p>\n","protected":false},"featured_media":14069,"template":"","meta":{"_acf_changed":false},"product_brand":[],"product_cat":[697],"product_tag":[],"class_list":{"0":"post-36070","1":"product","2":"type-product","3":"status-publish","4":"has-post-thumbnail","6":"product_cat-aimants","7":"pa_ciudad-mojacar","8":"pa_motivo-cours-interieures","9":"pa_pais-espana","11":"first","12":"instock","13":"shipping-taxable","14":"product-type-simple"},"acf":[],"_links":{"self":[{"href":"https:\/\/olemosaic.com\/fr\/wp-json\/wp\/v2\/product\/36070","targetHints":{"allow":["GET"]}}],"collection":[{"href":"https:\/\/olemosaic.com\/fr\/wp-json\/wp\/v2\/product"}],"about":[{"href":"https:\/\/olemosaic.com\/fr\/wp-json\/wp\/v2\/types\/product"}],"wp:featuredmedia":[{"embeddable":true,"href":"https:\/\/olemosaic.com\/fr\/wp-json\/wp\/v2\/media\/14069"}],"wp:attachment":[{"href":"https:\/\/olemosaic.com\/fr\/wp-json\/wp\/v2\/media?parent=36070"}],"wp:term":[{"taxonomy":"product_brand","embeddable":true,"href":"https:\/\/olemosaic.com\/fr\/wp-json\/wp\/v2\/product_brand?post=36070"},{"taxonomy":"product_cat","embeddable":true,"href":"https:\/\/olemosaic.com\/fr\/wp-json\/wp\/v2\/product_cat?post=36070"},{"taxonomy":"product_tag","embeddable":true,"href":"https:\/\/olemosaic.com\/fr\/wp-json\/wp\/v2\/product_tag?post=36070"}],"curies":[{"name":"wp","href":"https:\/\/api.w.org\/{rel}","templated":true}]}}