{"id":36069,"date":"2025-02-20T23:38:02","date_gmt":"2025-02-20T22:38:02","guid":{"rendered":"http:\/\/olemosaic.com\/producto\/iman-de-resina-letrero-mojacar-azul\/"},"modified":"2025-07-25T19:53:51","modified_gmt":"2025-07-25T17:53:51","slug":"aimant-en-resine-enseigne-mojacar-bleu","status":"publish","type":"product","link":"https:\/\/olemosaic.com\/fr\/produit\/aimant-en-resine-enseigne-mojacar-bleu\/","title":{"rendered":"Aimant en r\u00e9sine. Enseigne. Moj\u00e1car. Bleu."},"content":{"rendered":"<p>Aimant d\u00e9coratif de Moj\u00e1car<\/p>\n<p>Cet aimant en r\u00e9sine, inspir\u00e9 de la charmante localit\u00e9 andalouse de Moj\u00e1car, est un souvenir vibrant qui capture l&rsquo;essence de cette pittoresque r\u00e9gion c\u00f4ti\u00e8re. Il pr\u00e9sente un fond bleu brillant qui \u00e9voque le ciel d\u00e9gag\u00e9 et les eaux de la M\u00e9diterran\u00e9e, symbolisant la tranquillit\u00e9 et la beaut\u00e9 naturelle de la zone. Au centre, le nom \u00ab\u00a0Moj\u00e1car\u00a0\u00bb se d\u00e9ploie dans un design de mosa\u00efque color\u00e9, avec des lettres aux tons vifs incluant des rouges, des verts, des jaunes et des bleus. Ce style de mosa\u00efque n&rsquo;ajoute pas seulement une touche joyeuse, mais rend \u00e9galement hommage au riche h\u00e9ritage culturel de la localit\u00e9, c\u00e9l\u00e8bre pour ses maisons blanchies \u00e0 la chaux, ses ruelles pav\u00e9es et son art vibrant.<\/p>\n<p>Cet aimant est bien plus qu&rsquo;un simple article d\u00e9coratif ; il repr\u00e9sente une connexion \u00e9motionnelle avec les voyages et les exp\u00e9riences en Andalousie, devenant un souvenir parfait qui \u00e9gaye n&rsquo;importe quel r\u00e9frig\u00e9rateur ou surface magn\u00e9tique. Chez Ol\u00e9 Mosaic, nous sommes fiers de proposer des souvenirs authentiques et repr\u00e9sentatifs de l&rsquo;Espagne, et cet aimant de Moj\u00e1car est une excellente option pour les boutiques de cadeaux touristiques qui cherchent des produits uniques et de qualit\u00e9. Id\u00e9al pour ceux qui recherchent un souvenir qui encapsule le folklore et la beaut\u00e9 de cette r\u00e9gion, ainsi qu&rsquo;une expression color\u00e9e du mode de vie andalou.<\/p>\n","protected":false},"excerpt":{"rendered":"<p>Aimant d\u00e9coratif inspir\u00e9 de Moj\u00e1car, une pittoresque localit\u00e9 andalouse. Cette enseigne se distingue par son fond bleu vibrant, \u00e9voquant le ciel et la mer, et un design color\u00e9 avec des lettres de diff\u00e9rentes couleurs composant le nom \u00ab\u00a0Moj\u00e1car\u00a0\u00bb \u00e0 la mani\u00e8re d&rsquo;une mosa\u00efque. Id\u00e9al pour se souvenir de vos voyages ou pour d\u00e9corer n&rsquo;importe quel r\u00e9frig\u00e9rateur, cet aimant apporte une touche joyeuse qui \u00e9voque la culture et le folklore de la r\u00e9gion.<\/p>\n","protected":false},"featured_media":14068,"template":"","meta":{"_acf_changed":false},"product_brand":[],"product_cat":[697],"product_tag":[],"class_list":{"0":"post-36069","1":"product","2":"type-product","3":"status-publish","4":"has-post-thumbnail","6":"product_cat-aimants","7":"pa_ciudad-mojacar","8":"pa_motivo-panneaux-villes","9":"pa_pais-espana","11":"first","12":"instock","13":"shipping-taxable","14":"product-type-simple"},"acf":[],"_links":{"self":[{"href":"https:\/\/olemosaic.com\/fr\/wp-json\/wp\/v2\/product\/36069","targetHints":{"allow":["GET"]}}],"collection":[{"href":"https:\/\/olemosaic.com\/fr\/wp-json\/wp\/v2\/product"}],"about":[{"href":"https:\/\/olemosaic.com\/fr\/wp-json\/wp\/v2\/types\/product"}],"wp:featuredmedia":[{"embeddable":true,"href":"https:\/\/olemosaic.com\/fr\/wp-json\/wp\/v2\/media\/14068"}],"wp:attachment":[{"href":"https:\/\/olemosaic.com\/fr\/wp-json\/wp\/v2\/media?parent=36069"}],"wp:term":[{"taxonomy":"product_brand","embeddable":true,"href":"https:\/\/olemosaic.com\/fr\/wp-json\/wp\/v2\/product_brand?post=36069"},{"taxonomy":"product_cat","embeddable":true,"href":"https:\/\/olemosaic.com\/fr\/wp-json\/wp\/v2\/product_cat?post=36069"},{"taxonomy":"product_tag","embeddable":true,"href":"https:\/\/olemosaic.com\/fr\/wp-json\/wp\/v2\/product_tag?post=36069"}],"curies":[{"name":"wp","href":"https:\/\/api.w.org\/{rel}","templated":true}]}}