{"id":36051,"date":"2025-02-20T23:38:02","date_gmt":"2025-02-20T22:38:02","guid":{"rendered":"http:\/\/olemosaic.com\/producto\/iman-de-resina-salamandra-y-flores-fuerteventura-2\/"},"modified":"2025-07-25T20:05:20","modified_gmt":"2025-07-25T18:05:20","slug":"aimant-resine-salamandre-fleurs-ile-de-fuerteventura","status":"publish","type":"product","link":"https:\/\/olemosaic.com\/fr\/produit\/aimant-resine-salamandre-fleurs-ile-de-fuerteventura\/","title":{"rendered":"Aimant en r\u00e9sine. Salamandre et fleurs. \u00cele de Fuerteventura."},"content":{"rendered":"<p>Aimant en r\u00e9sine d\u00e9cor\u00e9 de salamandres et de fleurs de Fuerteventura. Cet aimant en r\u00e9sine vibrant capture l&rsquo;essence de la flore et de la faune de la magnifique \u00eele des Canaries, montrant une repr\u00e9sentation color\u00e9e de deux salamandres dans des tons verts et rouge\u00e2tres, parfaitement encadr\u00e9es par une d\u00e9licate mosa\u00efque de fleurs combinant bleu, jaune et rouge. Le mot \u00ab\u00a0Fuerteventura\u00a0\u00bb se d\u00e9tache en lettres pro\u00e9minentes, renfor\u00e7ant l&rsquo;authenticit\u00e9 de ce souvenir.<\/p>\n<p>Le design s&rsquo;inspire du style artistique des mosa\u00efques, donnant vie \u00e0 chaque d\u00e9tail gr\u00e2ce \u00e0 des techniques de peinture minutieuses qui refl\u00e8tent la richesse culturelle de la r\u00e9gion. Les salamandres, symboles de la biodiversit\u00e9 canarienne, sont repr\u00e9sent\u00e9es avec un style ludique et attrayant, cr\u00e9ant un \u00e9l\u00e9ment d\u00e9coratif id\u00e9al pour tout r\u00e9frig\u00e9rateur ou surface magn\u00e9tique.<\/p>\n<p>Cet aimant n&rsquo;est pas seulement un cadeau parfait, mais aussi un rappel tangible de la beaut\u00e9 naturelle de Fuerteventura, qui attirera l&rsquo;attention de tout visiteur. Chez Ol\u00e9 Mosaic, nous sommes sp\u00e9cialistes de la distribution de souvenirs en gros, offrant des produits authentiques et culturellement repr\u00e9sentatifs. Cet aimant de Fuerteventura est une excellente option pour les boutiques de cadeaux touristiques \u00e0 la recherche de souvenirs uniques et de qualit\u00e9.<\/p>\n","protected":false},"excerpt":{"rendered":"<p>Aimant d\u00e9cor\u00e9 d&rsquo;une repr\u00e9sentation color\u00e9e de salamandres et de fleurs typiques de Fuerteventura. Cet aimant attrayant pr\u00e9sente un design vibrant et d\u00e9taill\u00e9, inspir\u00e9 du style mosa\u00efque, qui inclut des \u00e9l\u00e9ments floraux dans des tons bleu, jaune et rouge, encadrant les salamandres dans des tons verts et rouge\u00e2tres. Le mot \u00ab Fuerteventura \u00bb se d\u00e9tache en lettres pro\u00e9minentes, ajoutant une touche distinctive \u00e0 ce souvenir, id\u00e9al pour \u00e9voquer la beaut\u00e9 de cette \u00eele des Canaries.<\/p>\n","protected":false},"featured_media":14065,"template":"","meta":{"_acf_changed":false},"product_brand":[],"product_cat":[697],"product_tag":[530],"class_list":{"0":"post-36051","1":"product","2":"type-product","3":"status-publish","4":"has-post-thumbnail","6":"product_cat-aimants","7":"product_tag-animaux","8":"pa_ciudad-fuerteventura","9":"pa_motivo-salamandres","10":"pa_pais-espana","12":"first","13":"instock","14":"shipping-taxable","15":"product-type-simple"},"acf":[],"_links":{"self":[{"href":"https:\/\/olemosaic.com\/fr\/wp-json\/wp\/v2\/product\/36051","targetHints":{"allow":["GET"]}}],"collection":[{"href":"https:\/\/olemosaic.com\/fr\/wp-json\/wp\/v2\/product"}],"about":[{"href":"https:\/\/olemosaic.com\/fr\/wp-json\/wp\/v2\/types\/product"}],"wp:featuredmedia":[{"embeddable":true,"href":"https:\/\/olemosaic.com\/fr\/wp-json\/wp\/v2\/media\/14065"}],"wp:attachment":[{"href":"https:\/\/olemosaic.com\/fr\/wp-json\/wp\/v2\/media?parent=36051"}],"wp:term":[{"taxonomy":"product_brand","embeddable":true,"href":"https:\/\/olemosaic.com\/fr\/wp-json\/wp\/v2\/product_brand?post=36051"},{"taxonomy":"product_cat","embeddable":true,"href":"https:\/\/olemosaic.com\/fr\/wp-json\/wp\/v2\/product_cat?post=36051"},{"taxonomy":"product_tag","embeddable":true,"href":"https:\/\/olemosaic.com\/fr\/wp-json\/wp\/v2\/product_tag?post=36051"}],"curies":[{"name":"wp","href":"https:\/\/api.w.org\/{rel}","templated":true}]}}