{"id":36050,"date":"2025-02-20T23:38:01","date_gmt":"2025-02-20T22:38:01","guid":{"rendered":"http:\/\/olemosaic.com\/producto\/iman-de-resina-salamandra-y-flores-marbella-75-cm\/"},"modified":"2025-07-25T20:08:10","modified_gmt":"2025-07-25T18:08:10","slug":"aimant-resine-salamandre-fleurs-marbella-7-5-cm","status":"publish","type":"product","link":"https:\/\/olemosaic.com\/fr\/produit\/aimant-resine-salamandre-fleurs-marbella-7-5-cm\/","title":{"rendered":"Aimant en r\u00e9sine. Salamandre et fleurs. Marbella. 7,5 cm."},"content":{"rendered":"<p>Aimant en r\u00e9sine de Marbella avec salamandres et fleurs. Cet aimant color\u00e9 de 7,5 cm est une repr\u00e9sentation vibrante du folklore andalou, se distinguant par son design brillant qui pr\u00e9sente deux salamandres entrelac\u00e9es, entour\u00e9es d&rsquo;un festival de fleurs \u00e9voquant la joie du climat chaud de Marbella. Les salamandres, riches en d\u00e9tails et aux teintes bleues et rouges, symbolisent la richesse naturelle de la r\u00e9gion, tandis que les fleurs aux tons verts, jaunes et roses ajoutent une touche fra\u00eeche et estivale.<\/p>\n<p>Le fond au design de mosa\u00efque, encadrant la sc\u00e8ne, souligne l&rsquo;h\u00e9ritage artistique de la zone, souvent refl\u00e9t\u00e9 dans son architecture et ses d\u00e9corations. Cet aimant est plus qu&rsquo;un simple souvenir ; c&rsquo;est une pi\u00e8ce qui encapsule l&rsquo;essence de Marbella, parfaite pour les touristes \u00e0 la recherche d&rsquo;un souvenir authentique de leur visite. Id\u00e9al pour d\u00e9corer toute surface m\u00e9tallique, cet aimant ne sert pas seulement d&rsquo;ornement attrayant, mais aussi de t\u00e9moignage de la culture locale. Chez Ol\u00e9 Mosaic, en tant que grossistes de souvenirs, nous proposons cet aimant en r\u00e9sine qui repr\u00e9sente le meilleur de Marbella, id\u00e9al pour les boutiques de cadeaux touristiques souhaitant offrir des produits qui soulignent l&rsquo;authenticit\u00e9 et la valeur culturelle de leurs r\u00e9gions.<\/p>\n","protected":false},"excerpt":{"rendered":"<p>Aimant d\u00e9cor\u00e9 d&rsquo;une repr\u00e9sentation color\u00e9e de deux salamandres et de fleurs, inspir\u00e9 par la beaut\u00e9 de Marbella. Cet aimant attrayant de 7,5 cm se distingue par son design vibrant, avec des tons bleus, rouges et verts qui contrastent sur un fond de mosa\u00efque. Les salamandres, avec leur finition brillante et d\u00e9taill\u00e9e, symbolisent le folklore local et sont encadr\u00e9es par un festival de fleurs qui ajoutent une touche joyeuse et estivale au produit. Id\u00e9al pour les souvenirs ou pour d\u00e9corer toute surface m\u00e9tallique.<\/p>\n","protected":false},"featured_media":14064,"template":"","meta":{"_acf_changed":false},"product_brand":[],"product_cat":[697],"product_tag":[530],"class_list":{"0":"post-36050","1":"product","2":"type-product","3":"status-publish","4":"has-post-thumbnail","6":"product_cat-aimants","7":"product_tag-animaux","8":"pa_ciudad-marbella","9":"pa_motivo-salamandres","10":"pa_pais-espana","12":"first","13":"instock","14":"shipping-taxable","15":"product-type-simple"},"acf":[],"_links":{"self":[{"href":"https:\/\/olemosaic.com\/fr\/wp-json\/wp\/v2\/product\/36050","targetHints":{"allow":["GET"]}}],"collection":[{"href":"https:\/\/olemosaic.com\/fr\/wp-json\/wp\/v2\/product"}],"about":[{"href":"https:\/\/olemosaic.com\/fr\/wp-json\/wp\/v2\/types\/product"}],"wp:featuredmedia":[{"embeddable":true,"href":"https:\/\/olemosaic.com\/fr\/wp-json\/wp\/v2\/media\/14064"}],"wp:attachment":[{"href":"https:\/\/olemosaic.com\/fr\/wp-json\/wp\/v2\/media?parent=36050"}],"wp:term":[{"taxonomy":"product_brand","embeddable":true,"href":"https:\/\/olemosaic.com\/fr\/wp-json\/wp\/v2\/product_brand?post=36050"},{"taxonomy":"product_cat","embeddable":true,"href":"https:\/\/olemosaic.com\/fr\/wp-json\/wp\/v2\/product_cat?post=36050"},{"taxonomy":"product_tag","embeddable":true,"href":"https:\/\/olemosaic.com\/fr\/wp-json\/wp\/v2\/product_tag?post=36050"}],"curies":[{"name":"wp","href":"https:\/\/api.w.org\/{rel}","templated":true}]}}