{"id":36049,"date":"2025-02-20T23:38:01","date_gmt":"2025-02-20T22:38:01","guid":{"rendered":"http:\/\/olemosaic.com\/producto\/iman-de-resina-salamandra-y-flores-fuerteventura-75-cm\/"},"modified":"2025-07-25T20:43:27","modified_gmt":"2025-07-25T18:43:27","slug":"aimant-resine-salamandre-fleurs-fuerteventura-7-5-cm","status":"publish","type":"product","link":"https:\/\/olemosaic.com\/fr\/produit\/aimant-resine-salamandre-fleurs-fuerteventura-7-5-cm\/","title":{"rendered":"Aimant en r\u00e9sine. Salamandre et fleurs. Fuerteventura. 7,5 cm."},"content":{"rendered":"<p>Cet aimant en r\u00e9sine, d\u00e9cor\u00e9 d&rsquo;une repr\u00e9sentation vibrante de deux salamandres parmi des fleurs, est un souvenir captivant de Fuerteventura, id\u00e9al pour ceux qui souhaitent emporter un morceau de cette magnifique \u00eele des Canaries. D&rsquo;une taille de 7,5 cm, il se distingue par son design joyeux et color\u00e9, int\u00e9grant des formes g\u00e9om\u00e9triques dans des tons bleus, rouges, verts et jaunes, \u00e9voquant le paysage naturel de Fuerteventura. Les salamandres, symbole d&rsquo;adaptabilit\u00e9 et de vie dans l&rsquo;environnement canarien, s&rsquo;int\u00e8grent sur un fond rappelant les azulejos traditionnels des Canaries, cr\u00e9ant une esth\u00e9tique qui rend hommage \u00e0 la riche culture de l&rsquo;\u00eele.<\/p>\n<p>Le nom \u00ab\u00a0Fuerteventura\u00a0\u00bb est pr\u00e9sent\u00e9 en grandes lettres festives, rehaussant l&rsquo;essence de ce souvenir attrayant et en faisant une pi\u00e8ce parfaite pour d\u00e9corer n&rsquo;importe quel espace. Cet aimant n&rsquo;est pas seulement fonctionnel, mais aussi un bel hommage \u00e0 la flore et \u00e0 la faune de la r\u00e9gion, ce qui en fait un souvenir exceptionnel pour les touristes souhaitant emporter avec eux une part du charme de Fuerteventura.<\/p>\n<p>Chez Ol\u00e9 Mosaic, en tant que distributeurs de souvenirs authentiques, nous proposons cet aimant en r\u00e9sine qui capture l&rsquo;essence des \u00eeles Canaries, constituant une excellente option pour les boutiques de cadeaux touristiques \u00e0 la recherche de produits uniques et repr\u00e9sentatifs. Avec cet aimant salamandre, vos clients trouveront la combinaison parfaite d&rsquo;art, de culture et de souvenirs inoubliables.<\/p>\n","protected":false},"excerpt":{"rendered":"<p>Aimant d\u00e9cor\u00e9 d&rsquo;une repr\u00e9sentation color\u00e9e de deux salamandres parmi des fleurs, inspir\u00e9 du paysage naturel de Fuerteventura. Cet aimant de 7,5 cm se distingue par son design vibrant, avec des formes g\u00e9om\u00e9triques dans des tons bleus, rouges, verts et jaunes qui encadrent un fond de mosa\u00efque, \u00e9voquant les azulejos traditionnels des Canaries. Le mot \u00ab\u00a0Fuerteventura\u00a0\u00bb appara\u00eet en grandes lettres joyeuses, faisant de ce souvenir une pi\u00e8ce attrayante pour tout amateur des \u00eeles Canaries.<\/p>\n","protected":false},"featured_media":14063,"template":"","meta":{"_acf_changed":false},"product_brand":[],"product_cat":[697],"product_tag":[530],"class_list":{"0":"post-36049","1":"product","2":"type-product","3":"status-publish","4":"has-post-thumbnail","6":"product_cat-aimants","7":"product_tag-animaux","8":"pa_ciudad-fuerteventura","9":"pa_motivo-salamandres","10":"pa_pais-espana","12":"first","13":"instock","14":"shipping-taxable","15":"product-type-simple"},"acf":[],"_links":{"self":[{"href":"https:\/\/olemosaic.com\/fr\/wp-json\/wp\/v2\/product\/36049","targetHints":{"allow":["GET"]}}],"collection":[{"href":"https:\/\/olemosaic.com\/fr\/wp-json\/wp\/v2\/product"}],"about":[{"href":"https:\/\/olemosaic.com\/fr\/wp-json\/wp\/v2\/types\/product"}],"wp:featuredmedia":[{"embeddable":true,"href":"https:\/\/olemosaic.com\/fr\/wp-json\/wp\/v2\/media\/14063"}],"wp:attachment":[{"href":"https:\/\/olemosaic.com\/fr\/wp-json\/wp\/v2\/media?parent=36049"}],"wp:term":[{"taxonomy":"product_brand","embeddable":true,"href":"https:\/\/olemosaic.com\/fr\/wp-json\/wp\/v2\/product_brand?post=36049"},{"taxonomy":"product_cat","embeddable":true,"href":"https:\/\/olemosaic.com\/fr\/wp-json\/wp\/v2\/product_cat?post=36049"},{"taxonomy":"product_tag","embeddable":true,"href":"https:\/\/olemosaic.com\/fr\/wp-json\/wp\/v2\/product_tag?post=36049"}],"curies":[{"name":"wp","href":"https:\/\/api.w.org\/{rel}","templated":true}]}}