{"id":36048,"date":"2025-02-20T23:38:01","date_gmt":"2025-02-20T22:38:01","guid":{"rendered":"http:\/\/olemosaic.com\/producto\/iman-de-resina-salamandra-y-flores-mallorca-2\/"},"modified":"2025-07-25T19:18:29","modified_gmt":"2025-07-25T17:18:29","slug":"aimant-en-resine-salamandre-et-fleurs-majorque-2","status":"publish","type":"product","link":"https:\/\/olemosaic.com\/fr\/produit\/aimant-en-resine-salamandre-et-fleurs-majorque-2\/","title":{"rendered":"Aimant en r\u00e9sine. Salamandre et fleurs. \u00cele de Majorque."},"content":{"rendered":"<p>D\u00e9couvrez notre charmant aimant en r\u00e9sine d\u00e9cor\u00e9 de deux salamandres et d&rsquo;un cadre floral vibrant, une authentique repr\u00e9sentation de la beaut\u00e9 de Majorque. Cet aimant se distingue par son design color\u00e9 et son style mosa\u00efque, qui capture l&rsquo;essence m\u00e9diterran\u00e9enne dans chaque d\u00e9tail. Les tons bleus, rouges, verts et jaunes fusionnent harmonieusement, cr\u00e9ant un effet visuel captivant qui \u00e9voque la riche flore de l&rsquo;\u00eele. Au centre, les salamandres apportent une touche de vie et de couleur, symbolisant la biodiversit\u00e9 majorquine et son environnement naturel.<\/p>\n<p>Le mot \u00ab\u00a0MAJORQUE\u00a0\u00bb est pr\u00e9sent\u00e9 en lettres multicolores, encadr\u00e9 par un fond luxuriant de fleurs qui refl\u00e8te l&rsquo;exub\u00e9rance du paysage de l&rsquo;\u00eele. Cet aimant n&rsquo;est pas seulement un article d\u00e9coratif, mais un souvenir id\u00e9al pour ceux qui ont eu la chance d&rsquo;explorer cette belle r\u00e9gion. Parfait pour apporter la magie de Majorque dans n&rsquo;importe quel foyer, cet aimant agit comme un rappel durable de vos voyages.<\/p>\n<p>Chez Ol\u00e9 Mosaic, nous nous sp\u00e9cialisons dans la distribution de souvenirs en gros, ce qui fait de cet aimant en r\u00e9sine un excellent choix pour les boutiques de cadeaux touristiques cherchant \u00e0 capturer l&rsquo;essence culturelle de Majorque. Avec son authenticit\u00e9 et sa pertinence culturelle, ce souvenir de salamandre est un ajout indispensable pour les amoureux de l&rsquo;\u00eele, une pi\u00e8ce que tout touriste voudra emporter comme souvenir de sa visite.<\/p>\n","protected":false},"excerpt":{"rendered":"<p>Aimant d\u00e9cor\u00e9 de deux salamandres et d&rsquo;un cadre floral vibrant, inspir\u00e9 par la beaut\u00e9 de Majorque. Avec un design color\u00e9 combinant les tons bleu, rouge, vert et jaune, cet aimant pr\u00e9sente un style mosa\u00efque qui capture l&rsquo;essence m\u00e9diterran\u00e9enne. Le mot \u00ab\u00a0MAJORQUE\u00a0\u00bb se d\u00e9tache en lettres multicolores, encadr\u00e9 par un fond luxuriant de fleurs \u00e9voquant la flore locale. Id\u00e9al pour se souvenir de vos voyages sur cette magnifique \u00eele.<\/p>\n","protected":false},"featured_media":14062,"template":"","meta":{"_acf_changed":false},"product_brand":[],"product_cat":[697],"product_tag":[530],"class_list":{"0":"post-36048","1":"product","2":"type-product","3":"status-publish","4":"has-post-thumbnail","6":"product_cat-aimants","7":"product_tag-animaux","8":"pa_ciudad-mallorca","9":"pa_motivo-salamandres","10":"pa_pais-espana","12":"first","13":"instock","14":"shipping-taxable","15":"product-type-simple"},"acf":[],"_links":{"self":[{"href":"https:\/\/olemosaic.com\/fr\/wp-json\/wp\/v2\/product\/36048","targetHints":{"allow":["GET"]}}],"collection":[{"href":"https:\/\/olemosaic.com\/fr\/wp-json\/wp\/v2\/product"}],"about":[{"href":"https:\/\/olemosaic.com\/fr\/wp-json\/wp\/v2\/types\/product"}],"wp:featuredmedia":[{"embeddable":true,"href":"https:\/\/olemosaic.com\/fr\/wp-json\/wp\/v2\/media\/14062"}],"wp:attachment":[{"href":"https:\/\/olemosaic.com\/fr\/wp-json\/wp\/v2\/media?parent=36048"}],"wp:term":[{"taxonomy":"product_brand","embeddable":true,"href":"https:\/\/olemosaic.com\/fr\/wp-json\/wp\/v2\/product_brand?post=36048"},{"taxonomy":"product_cat","embeddable":true,"href":"https:\/\/olemosaic.com\/fr\/wp-json\/wp\/v2\/product_cat?post=36048"},{"taxonomy":"product_tag","embeddable":true,"href":"https:\/\/olemosaic.com\/fr\/wp-json\/wp\/v2\/product_tag?post=36048"}],"curies":[{"name":"wp","href":"https:\/\/api.w.org\/{rel}","templated":true}]}}